{"id":4996,"date":"2024-10-21T20:33:54","date_gmt":"2024-10-21T17:33:54","guid":{"rendered":"https:\/\/faberpet.ro\/stage\/produs\/zgarda-chinga-cu-strat-colorat-15x28-40-cm\/"},"modified":"2025-08-04T08:32:54","modified_gmt":"2025-08-04T06:32:54","slug":"zgarda-chinga-cu-strat-colorat-15x28-40-cm","status":"publish","type":"product","link":"https:\/\/faberpet.ro\/stage\/produs\/zgarda-chinga-cu-strat-colorat-15x28-40-cm\/","title":{"rendered":"Zgarda chinga cu strat colorat 1,5&#215;28-40 cm"},"content":{"rendered":"<p>Zgard\u0103 confec\u021bionat\u0103 din material nylon. Are l\u0103\u021bimea de 1cm \u0219i lungimea maxim\u0103 desf\u0103\u0219urat\u0103 de 40 cm. Reglare simpl\u0103 \u0219i rapid\u0103, beneficiind de un sistem de \u00eenchidere eficient ce include o cataram\u0103 rafinat\u0103 din plastic. este prev\u0103zut\u0103 cu un inel de prindere din inox \u0219i cu clopo\u021bel. Cu cataram\u0103 deblocabil\u0103 pentru a nu se r\u0103m\u00e2ne pisicu\u021ba ag\u0103\u021bat. Comfortabil\u0103, elegant\u0103. Un accesoriu util \u0219i atr\u0103g\u0103tor pentru animalul Dvs. Disponibil\u0103 \u00een diferite culori. Se vinde ambalat c\u00e2te 6 buc\/set! Pre\u021bul afi\u0219at este per buc!<\/p>\n","protected":false},"excerpt":{"rendered":"<p>Zgard\u0103 confec\u021bionat\u0103 din material nylon. Are l\u0103\u021bimea de 1cm \u0219i lungimea maxim\u0103 desf\u0103\u0219urat\u0103 de 40 cm. Reglare simpl\u0103 \u0219i rapid\u0103, beneficiind de un sistem de \u00eenchidere eficient ce include o cataram\u0103 rafinat\u0103 din plastic. este prev\u0103zut\u0103 cu un inel de prindere din inox \u0219i cu clopo\u021bel. Cu cataram\u0103 deblocabil\u0103 pentru a nu se r\u0103m\u00e2ne pisicu\u021ba [&hellip;]<\/p>\n","protected":false},"featured_media":10010,"template":"","meta":[],"product_brand":[],"product_cat":[168,1909,1854],"product_tag":[861,1905,1904],"class_list":{"0":"post-4996","1":"product","2":"type-product","3":"status-publish","4":"has-post-thumbnail","6":"product_cat-caini","7":"product_cat-zgarzi-chinga-zgarzi-si-curele","8":"product_cat-zgarzi-si-curele","9":"product_tag-zgarda-caini","10":"product_tag-zgarda-piele-naturala","11":"product_tag-zgarzi-chinga","13":"first","14":"instock","15":"shipping-taxable","16":"purchasable","17":"product-type-simple"},"_links":{"self":[{"href":"https:\/\/faberpet.ro\/stage\/wp-json\/wp\/v2\/product\/4996","targetHints":{"allow":["GET"]}}],"collection":[{"href":"https:\/\/faberpet.ro\/stage\/wp-json\/wp\/v2\/product"}],"about":[{"href":"https:\/\/faberpet.ro\/stage\/wp-json\/wp\/v2\/types\/product"}],"wp:featuredmedia":[{"embeddable":true,"href":"https:\/\/faberpet.ro\/stage\/wp-json\/wp\/v2\/media\/10010"}],"wp:attachment":[{"href":"https:\/\/faberpet.ro\/stage\/wp-json\/wp\/v2\/media?parent=4996"}],"wp:term":[{"taxonomy":"product_brand","embeddable":true,"href":"https:\/\/faberpet.ro\/stage\/wp-json\/wp\/v2\/product_brand?post=4996"},{"taxonomy":"product_cat","embeddable":true,"href":"https:\/\/faberpet.ro\/stage\/wp-json\/wp\/v2\/product_cat?post=4996"},{"taxonomy":"product_tag","embeddable":true,"href":"https:\/\/faberpet.ro\/stage\/wp-json\/wp\/v2\/product_tag?post=4996"}],"curies":[{"name":"wp","href":"https:\/\/api.w.org\/{rel}","templated":true}]}}