{"id":5011,"date":"2024-10-21T20:33:56","date_gmt":"2024-10-21T17:33:56","guid":{"rendered":"https:\/\/faberpet.ro\/stage\/produs\/zgarda-chinga-nunbell-1-5x39-cm\/"},"modified":"2025-11-03T08:47:05","modified_gmt":"2025-11-03T06:47:05","slug":"zgarda-chinga-nunbell-1-5x39-cm","status":"publish","type":"product","link":"https:\/\/faberpet.ro\/stage\/produs\/zgarda-chinga-nunbell-1-5x39-cm\/","title":{"rendered":"Zgarda chinga NUNBELL 1.5&#215;39 cm 4\/set"},"content":{"rendered":"<p>Zgard\u0103 confec\u021bionat\u0103 din nylon rezistent \u0219i durabil. Are l\u0103\u021bimea de 1, 5 cm \u0219i lungimea maxim\u0103 desf\u0103\u0219urat\u0103 de 39 cm. Reglare simpl\u0103 \u0219i rapid\u0103, beneficiind de un sistem de \u00eenchidere eficient ce include o cataram\u0103 rafinat\u0103 din metal vopsit. este prev\u0103zut\u0103 cu un inel de prindere din inox. Confortabil\u0103, elegant\u0103. Un accesoriu util \u0219i atr\u0103g\u0103tor pentru animalu\u021bul Dvs. Se vinde ambalat c\u00e2te 4 buc\/set! Pre\u021bul afi\u0219at este per buc!<\/p>\n","protected":false},"excerpt":{"rendered":"<p>Zgard\u0103 confec\u021bionat\u0103 din nylon rezistent \u0219i durabil. Are l\u0103\u021bimea de 1, 5 cm \u0219i lungimea maxim\u0103 desf\u0103\u0219urat\u0103 de 39 cm. Reglare simpl\u0103 \u0219i rapid\u0103, beneficiind de un sistem de \u00eenchidere eficient ce include o cataram\u0103 rafinat\u0103 din metal vopsit. este prev\u0103zut\u0103 cu un inel de prindere din inox. Confortabil\u0103, elegant\u0103. Un accesoriu util \u0219i atr\u0103g\u0103tor [&hellip;]<\/p>\n","protected":false},"featured_media":10025,"template":"","meta":[],"product_brand":[],"product_cat":[168,1909,1854],"product_tag":[861,1932,1933],"class_list":{"0":"post-5011","1":"product","2":"type-product","3":"status-publish","4":"has-post-thumbnail","6":"product_cat-caini","7":"product_cat-zgarzi-chinga-zgarzi-si-curele","8":"product_cat-zgarzi-si-curele","9":"product_tag-zgarda-caini","10":"product_tag-zgarda-chinga-caini","11":"product_tag-zgarda-nunbell","13":"first","14":"instock","15":"shipping-taxable","16":"purchasable","17":"product-type-simple"},"_links":{"self":[{"href":"https:\/\/faberpet.ro\/stage\/wp-json\/wp\/v2\/product\/5011","targetHints":{"allow":["GET"]}}],"collection":[{"href":"https:\/\/faberpet.ro\/stage\/wp-json\/wp\/v2\/product"}],"about":[{"href":"https:\/\/faberpet.ro\/stage\/wp-json\/wp\/v2\/types\/product"}],"wp:featuredmedia":[{"embeddable":true,"href":"https:\/\/faberpet.ro\/stage\/wp-json\/wp\/v2\/media\/10025"}],"wp:attachment":[{"href":"https:\/\/faberpet.ro\/stage\/wp-json\/wp\/v2\/media?parent=5011"}],"wp:term":[{"taxonomy":"product_brand","embeddable":true,"href":"https:\/\/faberpet.ro\/stage\/wp-json\/wp\/v2\/product_brand?post=5011"},{"taxonomy":"product_cat","embeddable":true,"href":"https:\/\/faberpet.ro\/stage\/wp-json\/wp\/v2\/product_cat?post=5011"},{"taxonomy":"product_tag","embeddable":true,"href":"https:\/\/faberpet.ro\/stage\/wp-json\/wp\/v2\/product_tag?post=5011"}],"curies":[{"name":"wp","href":"https:\/\/api.w.org\/{rel}","templated":true}]}}