{"id":5016,"date":"2024-10-21T20:33:57","date_gmt":"2024-10-21T17:33:57","guid":{"rendered":"https:\/\/faberpet.ro\/stage\/produs\/zgarda-chinga-1x32-cm\/"},"modified":"2025-10-08T12:36:49","modified_gmt":"2025-10-08T10:36:49","slug":"zgarda-chinga-1x32-cm","status":"publish","type":"product","link":"https:\/\/faberpet.ro\/stage\/produs\/zgarda-chinga-1x32-cm\/","title":{"rendered":"Zgarda chinga 1&#215;32 cm"},"content":{"rendered":"<p>Zgard\u0103 ching\u0103 este confec\u021bionat\u0103 din nylon rezistent, durabil. Are l\u0103\u021bimea de 1 cm \u0219i lungimea maxim\u0103 desf\u0103\u0219urat\u0103 de 32 cm. Reglare simpl\u0103 \u0219i rapid\u0103, beneficiind de un sistem de \u00eenchidere eficient ce include o cataram\u0103 rafinat\u0103 din plastic. este prev\u0103zut\u0103 cu un inel de prindere din inox \u0219i cu clopo\u021bel. Comfortabil\u0103, elegant\u0103. Un accesoriu util \u0219i atr\u0103g\u0103tor pentru animalul Dvs. Disponibil\u0103 \u00een diferite culori.<\/p>\n<p>Se vinde ambalat c\u00e2te 12 buc\/set!<\/p>\n<p>Pre\u021bul afi\u0219at este per buc!<\/p>\n","protected":false},"excerpt":{"rendered":"<p>Zgard\u0103 ching\u0103 este confec\u021bionat\u0103 din nylon rezistent, durabil. Are l\u0103\u021bimea de 1 cm \u0219i lungimea maxim\u0103 desf\u0103\u0219urat\u0103 de 32 cm. Reglare simpl\u0103 \u0219i rapid\u0103, beneficiind de un sistem de \u00eenchidere eficient ce include o cataram\u0103 rafinat\u0103 din plastic. este prev\u0103zut\u0103 cu un inel de prindere din inox \u0219i cu clopo\u021bel. Comfortabil\u0103, elegant\u0103. Un accesoriu util [&hellip;]<\/p>\n","protected":false},"featured_media":14345,"template":"","meta":[],"product_brand":[],"product_cat":[168,171,1908,1909,1907,1854],"product_tag":[1865,1935,1934],"class_list":{"0":"post-5016","1":"product","2":"type-product","3":"status-publish","4":"has-post-thumbnail","6":"product_cat-caini","7":"product_cat-pisici","8":"product_cat-zgarzi-chinga","9":"product_cat-zgarzi-chinga-zgarzi-si-curele","10":"product_cat-zgarzi-pisici","11":"product_cat-zgarzi-si-curele","12":"product_tag-pisici-zgarda","13":"product_tag-zgarda-cu-leduri","14":"product_tag-zgarda-purici-caini","16":"first","17":"instock","18":"shipping-taxable","19":"purchasable","20":"product-type-simple"},"_links":{"self":[{"href":"https:\/\/faberpet.ro\/stage\/wp-json\/wp\/v2\/product\/5016","targetHints":{"allow":["GET"]}}],"collection":[{"href":"https:\/\/faberpet.ro\/stage\/wp-json\/wp\/v2\/product"}],"about":[{"href":"https:\/\/faberpet.ro\/stage\/wp-json\/wp\/v2\/types\/product"}],"wp:featuredmedia":[{"embeddable":true,"href":"https:\/\/faberpet.ro\/stage\/wp-json\/wp\/v2\/media\/14345"}],"wp:attachment":[{"href":"https:\/\/faberpet.ro\/stage\/wp-json\/wp\/v2\/media?parent=5016"}],"wp:term":[{"taxonomy":"product_brand","embeddable":true,"href":"https:\/\/faberpet.ro\/stage\/wp-json\/wp\/v2\/product_brand?post=5016"},{"taxonomy":"product_cat","embeddable":true,"href":"https:\/\/faberpet.ro\/stage\/wp-json\/wp\/v2\/product_cat?post=5016"},{"taxonomy":"product_tag","embeddable":true,"href":"https:\/\/faberpet.ro\/stage\/wp-json\/wp\/v2\/product_tag?post=5016"}],"curies":[{"name":"wp","href":"https:\/\/api.w.org\/{rel}","templated":true}]}}