{"id":5021,"date":"2024-10-21T20:33:58","date_gmt":"2024-10-21T17:33:58","guid":{"rendered":"https:\/\/faberpet.ro\/stage\/produs\/zgarda-chinga-cu-catarama-dubla-5x70-cm\/"},"modified":"2025-08-04T08:37:21","modified_gmt":"2025-08-04T06:37:21","slug":"zgarda-chinga-cu-catarama-dubla-5x70-cm","status":"publish","type":"product","link":"https:\/\/faberpet.ro\/stage\/produs\/zgarda-chinga-cu-catarama-dubla-5x70-cm\/","title":{"rendered":"Zgarda chinga cu dungi 5&#215;70 cm"},"content":{"rendered":"<p>Zgard\u0103 confec\u021bionat\u0103 din nylon rezistent \u0219i durabil. Are l\u0103\u021bimea de 5 cm \u0219i lungimea maxim\u0103 desf\u0103\u0219urat\u0103 de 70 cm. Grosimea zg\u0103rzii este 0, 7 cm. Reglare simpl\u0103 \u0219i rapid\u0103, beneficiind de un sistem de \u00eenchidere eficient ce include o dubl\u0103 cataram\u0103 din metal cromat. este prev\u0103zut\u0103 cu un inel de prindere din inox. Confortabil\u0103, elegant\u0103. Un accesoriu util \u0219i atr\u0103g\u0103tor pentru animalul Dvs.<\/p>\n","protected":false},"excerpt":{"rendered":"<p>Zgard\u0103 confec\u021bionat\u0103 din nylon rezistent \u0219i durabil. Are l\u0103\u021bimea de 5 cm \u0219i lungimea maxim\u0103 desf\u0103\u0219urat\u0103 de 70 cm. Grosimea zg\u0103rzii este 0, 7 cm. Reglare simpl\u0103 \u0219i rapid\u0103, beneficiind de un sistem de \u00eenchidere eficient ce include o dubl\u0103 cataram\u0103 din metal cromat. este prev\u0103zut\u0103 cu un inel de prindere din inox. Confortabil\u0103, elegant\u0103. [&hellip;]<\/p>\n","protected":false},"featured_media":3397,"template":"","meta":[],"product_brand":[],"product_cat":[168,1909,1854],"product_tag":[1932,1892,1870],"class_list":{"0":"post-5021","1":"product","2":"type-product","3":"status-publish","4":"has-post-thumbnail","6":"product_cat-caini","7":"product_cat-zgarzi-chinga-zgarzi-si-curele","8":"product_cat-zgarzi-si-curele","9":"product_tag-zgarda-chinga-caini","10":"product_tag-zgarzi-metalice","11":"product_tag-zgarzi-pentru-caini","13":"first","14":"instock","15":"shipping-taxable","16":"purchasable","17":"product-type-simple"},"_links":{"self":[{"href":"https:\/\/faberpet.ro\/stage\/wp-json\/wp\/v2\/product\/5021","targetHints":{"allow":["GET"]}}],"collection":[{"href":"https:\/\/faberpet.ro\/stage\/wp-json\/wp\/v2\/product"}],"about":[{"href":"https:\/\/faberpet.ro\/stage\/wp-json\/wp\/v2\/types\/product"}],"wp:featuredmedia":[{"embeddable":true,"href":"https:\/\/faberpet.ro\/stage\/wp-json\/wp\/v2\/media\/3397"}],"wp:attachment":[{"href":"https:\/\/faberpet.ro\/stage\/wp-json\/wp\/v2\/media?parent=5021"}],"wp:term":[{"taxonomy":"product_brand","embeddable":true,"href":"https:\/\/faberpet.ro\/stage\/wp-json\/wp\/v2\/product_brand?post=5021"},{"taxonomy":"product_cat","embeddable":true,"href":"https:\/\/faberpet.ro\/stage\/wp-json\/wp\/v2\/product_cat?post=5021"},{"taxonomy":"product_tag","embeddable":true,"href":"https:\/\/faberpet.ro\/stage\/wp-json\/wp\/v2\/product_tag?post=5021"}],"curies":[{"name":"wp","href":"https:\/\/api.w.org\/{rel}","templated":true}]}}