{"id":5029,"date":"2024-10-21T20:33:59","date_gmt":"2024-10-21T17:33:59","guid":{"rendered":"https:\/\/faberpet.ro\/stage\/produs\/zgarda-caini-chinga-captusita-4x65-cm\/"},"modified":"2025-08-04T08:39:02","modified_gmt":"2025-08-04T06:39:02","slug":"zgarda-caini-chinga-captusita-4x65-cm","status":"publish","type":"product","link":"https:\/\/faberpet.ro\/stage\/produs\/zgarda-caini-chinga-captusita-4x65-cm\/","title":{"rendered":"Zgarda caini chinga captusita 4&#215;65 cm 4\/set"},"content":{"rendered":"<p>Este confec\u021bionat\u0103 din nylon rezistent \u0219i durabil, fiind c\u0103ptu\u0219it cu un material prietenos cu pielea, l\u0103s\u00e2nd- o s\u0103 respire. Are l\u0103\u021bimea de 4 cm \u0219i lungimea maxim\u0103 desf\u0103\u0219urat\u0103 de 63 cm. Reglare simpl\u0103 \u0219i rapid\u0103, beneficiind de un sistem de \u00eenchidere eficient ce include o cataram\u0103 rafinat\u0103 din metal cromat. este prev\u0103zut\u0103 cu un inel de prindere din inox. Confortabil\u0103, elegant\u0103. Un accesoriu util \u0219i atr\u0103g\u0103tor pentru animalul Dvs.<\/p>\n<p>Amestecat \u00een diferite culori \u00een set.<\/p>\n<p>Se vinde ambalat c\u00e2te 4 buc\/set! Pre\u021bul afi\u0219at este per buc!<\/p>\n","protected":false},"excerpt":{"rendered":"<p>Este confec\u021bionat\u0103 din nylon rezistent \u0219i durabil, fiind c\u0103ptu\u0219it cu un material prietenos cu pielea, l\u0103s\u00e2nd- o s\u0103 respire. Are l\u0103\u021bimea de 4 cm \u0219i lungimea maxim\u0103 desf\u0103\u0219urat\u0103 de 63 cm. Reglare simpl\u0103 \u0219i rapid\u0103, beneficiind de un sistem de \u00eenchidere eficient ce include o cataram\u0103 rafinat\u0103 din metal cromat. este prev\u0103zut\u0103 cu un inel [&hellip;]<\/p>\n","protected":false},"featured_media":13487,"template":"","meta":[],"product_brand":[],"product_cat":[168,1909,1854],"product_tag":[1895,1940,1941],"class_list":{"0":"post-5029","1":"product","2":"type-product","3":"status-publish","4":"has-post-thumbnail","6":"product_cat-caini","7":"product_cat-zgarzi-chinga-zgarzi-si-curele","8":"product_cat-zgarzi-si-curele","9":"product_tag-caini-zgarzi","10":"product_tag-chinga-captusita","11":"product_tag-zgarda-pentru-caini-chinga","13":"first","14":"instock","15":"shipping-taxable","16":"purchasable","17":"product-type-simple"},"_links":{"self":[{"href":"https:\/\/faberpet.ro\/stage\/wp-json\/wp\/v2\/product\/5029","targetHints":{"allow":["GET"]}}],"collection":[{"href":"https:\/\/faberpet.ro\/stage\/wp-json\/wp\/v2\/product"}],"about":[{"href":"https:\/\/faberpet.ro\/stage\/wp-json\/wp\/v2\/types\/product"}],"wp:featuredmedia":[{"embeddable":true,"href":"https:\/\/faberpet.ro\/stage\/wp-json\/wp\/v2\/media\/13487"}],"wp:attachment":[{"href":"https:\/\/faberpet.ro\/stage\/wp-json\/wp\/v2\/media?parent=5029"}],"wp:term":[{"taxonomy":"product_brand","embeddable":true,"href":"https:\/\/faberpet.ro\/stage\/wp-json\/wp\/v2\/product_brand?post=5029"},{"taxonomy":"product_cat","embeddable":true,"href":"https:\/\/faberpet.ro\/stage\/wp-json\/wp\/v2\/product_cat?post=5029"},{"taxonomy":"product_tag","embeddable":true,"href":"https:\/\/faberpet.ro\/stage\/wp-json\/wp\/v2\/product_tag?post=5029"}],"curies":[{"name":"wp","href":"https:\/\/api.w.org\/{rel}","templated":true}]}}