{"id":5042,"date":"2024-10-21T20:34:00","date_gmt":"2024-10-21T17:34:00","guid":{"rendered":"https:\/\/faberpet.ro\/stage\/produs\/zgarda-chinga-cu-strat-blugi-2x48-cm\/"},"modified":"2025-08-04T08:45:31","modified_gmt":"2025-08-04T06:45:31","slug":"zgarda-chinga-cu-strat-blugi-2x48-cm","status":"publish","type":"product","link":"https:\/\/faberpet.ro\/stage\/produs\/zgarda-chinga-cu-strat-blugi-2x48-cm\/","title":{"rendered":"Zgarda chinga cu strat blugi 2&#215;48 cm"},"content":{"rendered":"<p>Zgard\u0103 confec\u021bionat\u0103 din nylon rezistent \u0219i durabil. Are l\u0103\u021bimea de 2 cm \u0219i lungimea maxim\u0103 desf\u0103\u0219urat\u0103 de 48 cm. Reglare simpl\u0103 \u0219i rapid\u0103, beneficiind de un sistem de \u00eenchidere eficient ce include o cataram\u0103 rafinat\u0103 din plastic. este prev\u0103zut\u0103 cu un inel de prindere din inox. Confortabil\u0103, elegant\u0103. Un accesoriu util \u0219i atr\u0103g\u0103tor pentru animalu\u021bul Dvs. Se vinde ambalat c\u00e2te 6 buc\/set! Pre\u021bul afi\u0219at este per buc!<\/p>\n","protected":false},"excerpt":{"rendered":"<p>Zgard\u0103 confec\u021bionat\u0103 din nylon rezistent \u0219i durabil. Are l\u0103\u021bimea de 2 cm \u0219i lungimea maxim\u0103 desf\u0103\u0219urat\u0103 de 48 cm. Reglare simpl\u0103 \u0219i rapid\u0103, beneficiind de un sistem de \u00eenchidere eficient ce include o cataram\u0103 rafinat\u0103 din plastic. este prev\u0103zut\u0103 cu un inel de prindere din inox. Confortabil\u0103, elegant\u0103. Un accesoriu util \u0219i atr\u0103g\u0103tor pentru animalu\u021bul [&hellip;]<\/p>\n","protected":false},"featured_media":10054,"template":"","meta":[],"product_brand":[],"product_cat":[168,1909,1854],"product_tag":[1918,1856,1925],"class_list":{"0":"post-5042","1":"product","2":"type-product","3":"status-publish","4":"has-post-thumbnail","6":"product_cat-caini","7":"product_cat-zgarzi-chinga-zgarzi-si-curele","8":"product_cat-zgarzi-si-curele","9":"product_tag-zgarda-chinga","10":"product_tag-zgarda-pentru-caini","11":"product_tag-zgarda-textil","13":"first","14":"instock","15":"shipping-taxable","16":"purchasable","17":"product-type-simple"},"_links":{"self":[{"href":"https:\/\/faberpet.ro\/stage\/wp-json\/wp\/v2\/product\/5042","targetHints":{"allow":["GET"]}}],"collection":[{"href":"https:\/\/faberpet.ro\/stage\/wp-json\/wp\/v2\/product"}],"about":[{"href":"https:\/\/faberpet.ro\/stage\/wp-json\/wp\/v2\/types\/product"}],"wp:featuredmedia":[{"embeddable":true,"href":"https:\/\/faberpet.ro\/stage\/wp-json\/wp\/v2\/media\/10054"}],"wp:attachment":[{"href":"https:\/\/faberpet.ro\/stage\/wp-json\/wp\/v2\/media?parent=5042"}],"wp:term":[{"taxonomy":"product_brand","embeddable":true,"href":"https:\/\/faberpet.ro\/stage\/wp-json\/wp\/v2\/product_brand?post=5042"},{"taxonomy":"product_cat","embeddable":true,"href":"https:\/\/faberpet.ro\/stage\/wp-json\/wp\/v2\/product_cat?post=5042"},{"taxonomy":"product_tag","embeddable":true,"href":"https:\/\/faberpet.ro\/stage\/wp-json\/wp\/v2\/product_tag?post=5042"}],"curies":[{"name":"wp","href":"https:\/\/api.w.org\/{rel}","templated":true}]}}