{"id":5050,"date":"2024-10-21T20:34:02","date_gmt":"2024-10-21T17:34:02","guid":{"rendered":"https:\/\/faberpet.ro\/stage\/produs\/zgarda-elastica-piele-cu-volanas-1x30-cm\/"},"modified":"2025-08-04T08:46:47","modified_gmt":"2025-08-04T06:46:47","slug":"zgarda-elastica-piele-cu-volanas-1x30-cm","status":"publish","type":"product","link":"https:\/\/faberpet.ro\/stage\/produs\/zgarda-elastica-piele-cu-volanas-1x30-cm\/","title":{"rendered":"Zgarda elastica piele cu ornament floare 1&#215;30 cm"},"content":{"rendered":"<p>Zgard\u0103 confec\u021bionat\u0103 din piele ecologic\u0103. Are l\u0103\u021bimea de 1 cm \u0219i lungimea maxim\u0103 desf\u0103\u0219urat\u0103 de 30 cm. Reglare simpl\u0103 \u0219i rapid\u0103, beneficiind de un sistem de \u00eenchidere eficient ce include o cataram\u0103 rafinat\u0103 din metal cromat. Confortabil\u0103, elegant\u0103. Un accesoriu util \u0219i atr\u0103g\u0103tor pentru animalul Dvs. Disponibil\u0103 \u00een diferite culori.<\/p>\n<p>Se vinde ambalat c\u00e2te 12 buc\/set! Pre\u021bul afi\u0219at este per buc!<\/p>\n","protected":false},"excerpt":{"rendered":"<p>Zgard\u0103 confec\u021bionat\u0103 din piele ecologic\u0103. Are l\u0103\u021bimea de 1 cm \u0219i lungimea maxim\u0103 desf\u0103\u0219urat\u0103 de 30 cm. Reglare simpl\u0103 \u0219i rapid\u0103, beneficiind de un sistem de \u00eenchidere eficient ce include o cataram\u0103 rafinat\u0103 din metal cromat. Confortabil\u0103, elegant\u0103. Un accesoriu util \u0219i atr\u0103g\u0103tor pentru animalul Dvs. Disponibil\u0103 \u00een diferite culori. Se vinde ambalat c\u00e2te 12 [&hellip;]<\/p>\n","protected":false},"featured_media":10061,"template":"","meta":[],"product_brand":[],"product_cat":[168,171,1948,1929,1907,1854],"product_tag":[1951,1952,1856],"class_list":{"0":"post-5050","1":"product","2":"type-product","3":"status-publish","4":"has-post-thumbnail","6":"product_cat-caini","7":"product_cat-pisici","8":"product_cat-zgarzi-piele-zgarzi-pisici","9":"product_cat-zgarzi-piele","10":"product_cat-zgarzi-pisici","11":"product_cat-zgarzi-si-curele","12":"product_tag-piele-sintetica","13":"product_tag-zagrzi-caini","14":"product_tag-zgarda-pentru-caini","16":"first","17":"instock","18":"shipping-taxable","19":"purchasable","20":"product-type-simple"},"_links":{"self":[{"href":"https:\/\/faberpet.ro\/stage\/wp-json\/wp\/v2\/product\/5050","targetHints":{"allow":["GET"]}}],"collection":[{"href":"https:\/\/faberpet.ro\/stage\/wp-json\/wp\/v2\/product"}],"about":[{"href":"https:\/\/faberpet.ro\/stage\/wp-json\/wp\/v2\/types\/product"}],"wp:featuredmedia":[{"embeddable":true,"href":"https:\/\/faberpet.ro\/stage\/wp-json\/wp\/v2\/media\/10061"}],"wp:attachment":[{"href":"https:\/\/faberpet.ro\/stage\/wp-json\/wp\/v2\/media?parent=5050"}],"wp:term":[{"taxonomy":"product_brand","embeddable":true,"href":"https:\/\/faberpet.ro\/stage\/wp-json\/wp\/v2\/product_brand?post=5050"},{"taxonomy":"product_cat","embeddable":true,"href":"https:\/\/faberpet.ro\/stage\/wp-json\/wp\/v2\/product_cat?post=5050"},{"taxonomy":"product_tag","embeddable":true,"href":"https:\/\/faberpet.ro\/stage\/wp-json\/wp\/v2\/product_tag?post=5050"}],"curies":[{"name":"wp","href":"https:\/\/api.w.org\/{rel}","templated":true}]}}