{"id":5057,"date":"2024-10-21T20:34:03","date_gmt":"2024-10-21T17:34:03","guid":{"rendered":"https:\/\/faberpet.ro\/stage\/produs\/zgarda-chinga-latex-decorata-cu-labute-1x30-cm\/"},"modified":"2025-08-04T08:47:30","modified_gmt":"2025-08-04T06:47:30","slug":"zgarda-chinga-latex-decorata-cu-labute-1x30-cm","status":"publish","type":"product","link":"https:\/\/faberpet.ro\/stage\/produs\/zgarda-chinga-latex-decorata-cu-labute-1x30-cm\/","title":{"rendered":"Zgarda chinga latex decorata cu labute 1&#215;30 cm 12\/set"},"content":{"rendered":"<p>Zgard\u0103 confec\u021bionat\u0103 din material latex. Are l\u0103\u021bimea de 1 cm \u0219i lungimea maxim\u0103 desf\u0103\u0219urat\u0103 de 30 cm. Reglare simpl\u0103 \u0219i rapid\u0103, beneficiind de un sistem de \u00eenchidere eficient ce include o cataram\u0103 rafinat\u0103 din metal cromat. este prev\u0103zut cu un inel de prindere din inox \u0219i cu clopo\u021bel. Confortabil\u0103, elegant\u0103. Un accesoriu util \u0219i atr\u0103g\u0103tor pentru animalul Dvs.<\/p>\n<p>Amestecat \u00een diferite culori \u00een set.<\/p>\n<p>Se vinde ambalat c\u00e2te 12 buc\/set!<\/p>\n<p>Pre\u021bul afi\u0219at este per buc!<\/p>\n","protected":false},"excerpt":{"rendered":"<p>Zgard\u0103 confec\u021bionat\u0103 din material latex. Are l\u0103\u021bimea de 1 cm \u0219i lungimea maxim\u0103 desf\u0103\u0219urat\u0103 de 30 cm. Reglare simpl\u0103 \u0219i rapid\u0103, beneficiind de un sistem de \u00eenchidere eficient ce include o cataram\u0103 rafinat\u0103 din metal cromat. este prev\u0103zut cu un inel de prindere din inox \u0219i cu clopo\u021bel. Confortabil\u0103, elegant\u0103. Un accesoriu util \u0219i atr\u0103g\u0103tor [&hellip;]<\/p>\n","protected":false},"featured_media":10068,"template":"","meta":[],"product_brand":[],"product_cat":[168,171,1908,1909,1907,1854],"product_tag":[861,1962,1961],"class_list":{"0":"post-5057","1":"product","2":"type-product","3":"status-publish","4":"has-post-thumbnail","6":"product_cat-caini","7":"product_cat-pisici","8":"product_cat-zgarzi-chinga","9":"product_cat-zgarzi-chinga-zgarzi-si-curele","10":"product_cat-zgarzi-pisici","11":"product_cat-zgarzi-si-curele","12":"product_tag-zgarda-caini","13":"product_tag-zgarda-latex-caini","14":"product_tag-zgarzi-din-latex","16":"first","17":"instock","18":"shipping-taxable","19":"purchasable","20":"product-type-simple"},"_links":{"self":[{"href":"https:\/\/faberpet.ro\/stage\/wp-json\/wp\/v2\/product\/5057","targetHints":{"allow":["GET"]}}],"collection":[{"href":"https:\/\/faberpet.ro\/stage\/wp-json\/wp\/v2\/product"}],"about":[{"href":"https:\/\/faberpet.ro\/stage\/wp-json\/wp\/v2\/types\/product"}],"wp:featuredmedia":[{"embeddable":true,"href":"https:\/\/faberpet.ro\/stage\/wp-json\/wp\/v2\/media\/10068"}],"wp:attachment":[{"href":"https:\/\/faberpet.ro\/stage\/wp-json\/wp\/v2\/media?parent=5057"}],"wp:term":[{"taxonomy":"product_brand","embeddable":true,"href":"https:\/\/faberpet.ro\/stage\/wp-json\/wp\/v2\/product_brand?post=5057"},{"taxonomy":"product_cat","embeddable":true,"href":"https:\/\/faberpet.ro\/stage\/wp-json\/wp\/v2\/product_cat?post=5057"},{"taxonomy":"product_tag","embeddable":true,"href":"https:\/\/faberpet.ro\/stage\/wp-json\/wp\/v2\/product_tag?post=5057"}],"curies":[{"name":"wp","href":"https:\/\/api.w.org\/{rel}","templated":true}]}}