{"id":5065,"date":"2024-10-21T20:34:04","date_gmt":"2024-10-21T17:34:04","guid":{"rendered":"https:\/\/faberpet.ro\/stage\/produs\/zgarda-chinga-cu-esarfa-230-50-cm\/"},"modified":"2025-08-04T08:50:08","modified_gmt":"2025-08-04T06:50:08","slug":"zgarda-chinga-cu-esarfa-230-50-cm","status":"publish","type":"product","link":"https:\/\/faberpet.ro\/stage\/produs\/zgarda-chinga-cu-esarfa-230-50-cm\/","title":{"rendered":"Zgarda chinga cu esarfa 2*(30-50) cm"},"content":{"rendered":"<p>Zgard\u0103 confec\u021bionat\u0103 din piele sintetic\u0103. Are l\u0103\u021bimea de 2 cm, 0. 3 cm grosime \u0219i lungimea maxim\u0103 desf\u0103\u0219urat\u0103 de 50 cm. Reglare simpl\u0103 \u0219i rapid\u0103, beneficiind de un sistem de \u00eenchidere eficient ce include o cataram\u0103 rafinat\u0103 din plastic. Are disponibil ca sistem de prindere un inel de inox. Confortabil\u0103. Elegant\u0103. Un accesoriu util \u0219i atr\u0103g\u0103tor pentru animalul Dvs. Disponibil\u0103 \u00een diferite modele.<\/p>\n","protected":false},"excerpt":{"rendered":"<p>Zgard\u0103 confec\u021bionat\u0103 din piele sintetic\u0103. Are l\u0103\u021bimea de 2 cm, 0. 3 cm grosime \u0219i lungimea maxim\u0103 desf\u0103\u0219urat\u0103 de 50 cm. Reglare simpl\u0103 \u0219i rapid\u0103, beneficiind de un sistem de \u00eenchidere eficient ce include o cataram\u0103 rafinat\u0103 din plastic. Are disponibil ca sistem de prindere un inel de inox. Confortabil\u0103. Elegant\u0103. Un accesoriu util \u0219i [&hellip;]<\/p>\n","protected":false},"featured_media":10078,"template":"","meta":[],"product_brand":[],"product_cat":[168,171,1908,1909,1907,1854],"product_tag":[861,1918,1971,1906],"class_list":{"0":"post-5065","1":"product","2":"type-product","3":"status-publish","4":"has-post-thumbnail","6":"product_cat-caini","7":"product_cat-pisici","8":"product_cat-zgarzi-chinga","9":"product_cat-zgarzi-chinga-zgarzi-si-curele","10":"product_cat-zgarzi-pisici","11":"product_cat-zgarzi-si-curele","12":"product_tag-zgarda-caini","13":"product_tag-zgarda-chinga","14":"product_tag-zgarda-cu-esarfa","15":"product_tag-zgarda-pisici","17":"first","18":"instock","19":"shipping-taxable","20":"purchasable","21":"product-type-simple"},"_links":{"self":[{"href":"https:\/\/faberpet.ro\/stage\/wp-json\/wp\/v2\/product\/5065","targetHints":{"allow":["GET"]}}],"collection":[{"href":"https:\/\/faberpet.ro\/stage\/wp-json\/wp\/v2\/product"}],"about":[{"href":"https:\/\/faberpet.ro\/stage\/wp-json\/wp\/v2\/types\/product"}],"wp:featuredmedia":[{"embeddable":true,"href":"https:\/\/faberpet.ro\/stage\/wp-json\/wp\/v2\/media\/10078"}],"wp:attachment":[{"href":"https:\/\/faberpet.ro\/stage\/wp-json\/wp\/v2\/media?parent=5065"}],"wp:term":[{"taxonomy":"product_brand","embeddable":true,"href":"https:\/\/faberpet.ro\/stage\/wp-json\/wp\/v2\/product_brand?post=5065"},{"taxonomy":"product_cat","embeddable":true,"href":"https:\/\/faberpet.ro\/stage\/wp-json\/wp\/v2\/product_cat?post=5065"},{"taxonomy":"product_tag","embeddable":true,"href":"https:\/\/faberpet.ro\/stage\/wp-json\/wp\/v2\/product_tag?post=5065"}],"curies":[{"name":"wp","href":"https:\/\/api.w.org\/{rel}","templated":true}]}}