{"id":5067,"date":"2024-10-21T20:34:05","date_gmt":"2024-10-21T17:34:05","guid":{"rendered":"https:\/\/faberpet.ro\/stage\/produs\/zgarda-piele-reflectorizanta-cu-oscioara-1-5x36-cm\/"},"modified":"2025-08-04T08:50:23","modified_gmt":"2025-08-04T06:50:23","slug":"zgarda-piele-reflectorizanta-cu-oscioara-1-5x36-cm","status":"publish","type":"product","link":"https:\/\/faberpet.ro\/stage\/produs\/zgarda-piele-reflectorizanta-cu-oscioara-1-5x36-cm\/","title":{"rendered":"Zgarda piele reflectorizanta cu oscioar\u0103 1.5&#215;36 cm"},"content":{"rendered":"<p>Zgard\u0103 confec\u021bionat\u0103 din piele sintetic\u0103. Are l\u0103\u021bimea de 2 cm \u0219i lungimea maxim\u0103 desf\u0103\u0219urat\u0103 de 50 cm. este echipat cu dung\u0103 reflectorizant\u0103, astfel pute\u021bi s\u0103- l vede\u021bi animalu\u021bul \u0219i pe timpul nop\u021bii. Personalizat\u0103 cu os metalic. Reglare simpl\u0103 \u0219i rapid\u0103, beneficiind de un sistem de \u00eenchidere eficient ce include o cataram\u0103 rafinat\u0103 din metal cromat. este prev\u0103zut cu un inel de prindere din inox. Confortabil\u0103, elegant\u0103. Un accesoriu util \u0219i atr\u0103g\u0103tor pentru animalul Dvs. Disponibil\u0103 \u00een diferite culori. Se vinde ambalat c\u00e2te 12 buc\/set! Pre\u021bul afi\u0219at este per buc!<\/p>\n","protected":false},"excerpt":{"rendered":"<p>Zgard\u0103 confec\u021bionat\u0103 din piele sintetic\u0103. Are l\u0103\u021bimea de 2 cm \u0219i lungimea maxim\u0103 desf\u0103\u0219urat\u0103 de 50 cm. este echipat cu dung\u0103 reflectorizant\u0103, astfel pute\u021bi s\u0103- l vede\u021bi animalu\u021bul \u0219i pe timpul nop\u021bii. Personalizat\u0103 cu os metalic. Reglare simpl\u0103 \u0219i rapid\u0103, beneficiind de un sistem de \u00eenchidere eficient ce include o cataram\u0103 rafinat\u0103 din metal cromat. [&hellip;]<\/p>\n","protected":false},"featured_media":10080,"template":"","meta":[],"product_brand":[],"product_cat":[168,1929,1854],"product_tag":[633,1964,861],"class_list":{"0":"post-5067","1":"product","2":"type-product","3":"status-publish","4":"has-post-thumbnail","6":"product_cat-caini","7":"product_cat-zgarzi-piele","8":"product_cat-zgarzi-si-curele","9":"product_tag-accesorii-pisici","10":"product_tag-zgarda-caine-piele","11":"product_tag-zgarda-caini","13":"first","14":"instock","15":"shipping-taxable","16":"purchasable","17":"product-type-simple"},"_links":{"self":[{"href":"https:\/\/faberpet.ro\/stage\/wp-json\/wp\/v2\/product\/5067","targetHints":{"allow":["GET"]}}],"collection":[{"href":"https:\/\/faberpet.ro\/stage\/wp-json\/wp\/v2\/product"}],"about":[{"href":"https:\/\/faberpet.ro\/stage\/wp-json\/wp\/v2\/types\/product"}],"wp:featuredmedia":[{"embeddable":true,"href":"https:\/\/faberpet.ro\/stage\/wp-json\/wp\/v2\/media\/10080"}],"wp:attachment":[{"href":"https:\/\/faberpet.ro\/stage\/wp-json\/wp\/v2\/media?parent=5067"}],"wp:term":[{"taxonomy":"product_brand","embeddable":true,"href":"https:\/\/faberpet.ro\/stage\/wp-json\/wp\/v2\/product_brand?post=5067"},{"taxonomy":"product_cat","embeddable":true,"href":"https:\/\/faberpet.ro\/stage\/wp-json\/wp\/v2\/product_cat?post=5067"},{"taxonomy":"product_tag","embeddable":true,"href":"https:\/\/faberpet.ro\/stage\/wp-json\/wp\/v2\/product_tag?post=5067"}],"curies":[{"name":"wp","href":"https:\/\/api.w.org\/{rel}","templated":true}]}}