{"id":5075,"date":"2024-10-21T20:34:06","date_gmt":"2024-10-21T17:34:06","guid":{"rendered":"https:\/\/faberpet.ro\/stage\/produs\/zgarda-piele-decorata-cu-tinte-si-tablite-2x46-cm\/"},"modified":"2025-08-04T08:52:25","modified_gmt":"2025-08-04T06:52:25","slug":"zgarda-piele-decorata-cu-tinte-si-tablite-2x46-cm","status":"publish","type":"product","link":"https:\/\/faberpet.ro\/stage\/produs\/zgarda-piele-decorata-cu-tinte-si-tablite-2x46-cm\/","title":{"rendered":"Zgarda piele decorata cu tinte si tablite 2&#215;46 cm"},"content":{"rendered":"<p>Zgard\u0103 confec\u021bionat\u0103 din piele sintetic\u0103. Are l\u0103\u021bimea de 2 cm \u0219i lungimea maxim\u0103 desf\u0103\u0219urat\u0103 de 46 cm. Reglare simpl\u0103 \u0219i rapid\u0103, beneficiind de un sistem de \u00eenchidere eficient ce include o cataram\u0103 din metal cromat. este prev\u0103zut\u0103 cu un inel de prindere din metal cromat. Confortabil\u0103, elegant\u0103. Un accesoriu util \u0219i atr\u0103g\u0103tor pentru animalu\u021bul Dvs. Disponibil\u0103 \u00een diferite culori \u0219i este \u00eempachetat amestecat \u00een set! Se vinde ambalat c\u00e2te 6 buc\/set! Pre\u021bul afi\u0219at este per buc!<\/p>\n","protected":false},"excerpt":{"rendered":"<p>Zgard\u0103 confec\u021bionat\u0103 din piele sintetic\u0103. Are l\u0103\u021bimea de 2 cm \u0219i lungimea maxim\u0103 desf\u0103\u0219urat\u0103 de 46 cm. Reglare simpl\u0103 \u0219i rapid\u0103, beneficiind de un sistem de \u00eenchidere eficient ce include o cataram\u0103 din metal cromat. este prev\u0103zut\u0103 cu un inel de prindere din metal cromat. Confortabil\u0103, elegant\u0103. Un accesoriu util \u0219i atr\u0103g\u0103tor pentru animalu\u021bul Dvs. [&hellip;]<\/p>\n","protected":false},"featured_media":10087,"template":"","meta":[],"product_brand":[],"product_cat":[168,1929,1854],"product_tag":[630,1978,1870],"class_list":{"0":"post-5075","1":"product","2":"type-product","3":"status-publish","4":"has-post-thumbnail","6":"product_cat-caini","7":"product_cat-zgarzi-piele","8":"product_cat-zgarzi-si-curele","9":"product_tag-accesorii-caini","10":"product_tag-zgarda-caini-din-piele","11":"product_tag-zgarzi-pentru-caini","13":"first","14":"instock","15":"shipping-taxable","16":"purchasable","17":"product-type-simple"},"_links":{"self":[{"href":"https:\/\/faberpet.ro\/stage\/wp-json\/wp\/v2\/product\/5075","targetHints":{"allow":["GET"]}}],"collection":[{"href":"https:\/\/faberpet.ro\/stage\/wp-json\/wp\/v2\/product"}],"about":[{"href":"https:\/\/faberpet.ro\/stage\/wp-json\/wp\/v2\/types\/product"}],"wp:featuredmedia":[{"embeddable":true,"href":"https:\/\/faberpet.ro\/stage\/wp-json\/wp\/v2\/media\/10087"}],"wp:attachment":[{"href":"https:\/\/faberpet.ro\/stage\/wp-json\/wp\/v2\/media?parent=5075"}],"wp:term":[{"taxonomy":"product_brand","embeddable":true,"href":"https:\/\/faberpet.ro\/stage\/wp-json\/wp\/v2\/product_brand?post=5075"},{"taxonomy":"product_cat","embeddable":true,"href":"https:\/\/faberpet.ro\/stage\/wp-json\/wp\/v2\/product_cat?post=5075"},{"taxonomy":"product_tag","embeddable":true,"href":"https:\/\/faberpet.ro\/stage\/wp-json\/wp\/v2\/product_tag?post=5075"}],"curies":[{"name":"wp","href":"https:\/\/api.w.org\/{rel}","templated":true}]}}