{"id":5081,"date":"2024-10-21T20:34:07","date_gmt":"2024-10-21T17:34:07","guid":{"rendered":"https:\/\/faberpet.ro\/stage\/produs\/zgarda-piele-decorata-cu-ornament-metalic-3x57-cm\/"},"modified":"2025-08-04T08:56:20","modified_gmt":"2025-08-04T06:56:20","slug":"zgarda-piele-decorata-cu-ornament-metalic-3x57-cm","status":"publish","type":"product","link":"https:\/\/faberpet.ro\/stage\/produs\/zgarda-piele-decorata-cu-ornament-metalic-3x57-cm\/","title":{"rendered":"Zgarda piele decorata cu ornament metalic 3&#215;57 cm"},"content":{"rendered":"<p>Zgard\u0103 confec\u021bionat\u0103 din piele natural\u0103. Are l\u0103\u021bimea de 3 cm \u0219i lungimea maxim\u0103 desf\u0103\u0219urat\u0103 de 57 cm. Reglare simpl\u0103 \u0219i rapid\u0103, beneficiind de un sistem de \u00eenchidere eficient ce include o cataram\u0103 din metal cromat. este prev\u0103zut\u0103 \u00een mijloc cu un inel de prindere din metal cromat. Confortabil\u0103, elegant\u0103. Un accesoriu util \u0219i atr\u0103g\u0103tor pentru animalu\u021bul Dvs. Disponibil\u0103 \u00een diferite culori. Se vinde ambalat c\u00e2te 3 buc\/set! Pre\u021bul afi\u0219at este per buc!<\/p>\n","protected":false},"excerpt":{"rendered":"<p>Zgard\u0103 confec\u021bionat\u0103 din piele natural\u0103. Are l\u0103\u021bimea de 3 cm \u0219i lungimea maxim\u0103 desf\u0103\u0219urat\u0103 de 57 cm. Reglare simpl\u0103 \u0219i rapid\u0103, beneficiind de un sistem de \u00eenchidere eficient ce include o cataram\u0103 din metal cromat. este prev\u0103zut\u0103 \u00een mijloc cu un inel de prindere din metal cromat. Confortabil\u0103, elegant\u0103. Un accesoriu util \u0219i atr\u0103g\u0103tor pentru [&hellip;]<\/p>\n","protected":false},"featured_media":10093,"template":"","meta":[],"product_brand":[],"product_cat":[168,1929,1854],"product_tag":[1981,1983,1982],"class_list":{"0":"post-5081","1":"product","2":"type-product","3":"status-publish","4":"has-post-thumbnail","6":"product_cat-caini","7":"product_cat-zgarzi-piele","8":"product_cat-zgarzi-si-curele","9":"product_tag-accesoriu-zgarda","10":"product_tag-piele-cu-ornament","11":"product_tag-zgarzi-din-piele","13":"first","14":"instock","15":"shipping-taxable","16":"purchasable","17":"product-type-simple"},"_links":{"self":[{"href":"https:\/\/faberpet.ro\/stage\/wp-json\/wp\/v2\/product\/5081","targetHints":{"allow":["GET"]}}],"collection":[{"href":"https:\/\/faberpet.ro\/stage\/wp-json\/wp\/v2\/product"}],"about":[{"href":"https:\/\/faberpet.ro\/stage\/wp-json\/wp\/v2\/types\/product"}],"wp:featuredmedia":[{"embeddable":true,"href":"https:\/\/faberpet.ro\/stage\/wp-json\/wp\/v2\/media\/10093"}],"wp:attachment":[{"href":"https:\/\/faberpet.ro\/stage\/wp-json\/wp\/v2\/media?parent=5081"}],"wp:term":[{"taxonomy":"product_brand","embeddable":true,"href":"https:\/\/faberpet.ro\/stage\/wp-json\/wp\/v2\/product_brand?post=5081"},{"taxonomy":"product_cat","embeddable":true,"href":"https:\/\/faberpet.ro\/stage\/wp-json\/wp\/v2\/product_cat?post=5081"},{"taxonomy":"product_tag","embeddable":true,"href":"https:\/\/faberpet.ro\/stage\/wp-json\/wp\/v2\/product_tag?post=5081"}],"curies":[{"name":"wp","href":"https:\/\/api.w.org\/{rel}","templated":true}]}}