{"id":5088,"date":"2024-10-21T20:34:08","date_gmt":"2024-10-21T17:34:08","guid":{"rendered":"https:\/\/faberpet.ro\/stage\/produs\/zgarda-chinga-decorata-cu-labute-250-cm\/"},"modified":"2025-08-04T08:57:38","modified_gmt":"2025-08-04T06:57:38","slug":"zgarda-chinga-decorata-cu-labute-250-cm","status":"publish","type":"product","link":"https:\/\/faberpet.ro\/stage\/produs\/zgarda-chinga-decorata-cu-labute-250-cm\/","title":{"rendered":"Zgarda chinga decorata cu labute 2*50 cm"},"content":{"rendered":"<p>Zgard\u0103 confec\u021bionat\u0103 din nylon rezistent \u0219i durabil. Are l\u0103\u021bimea de 2 cm \u0219i lungimea maxim\u0103 desf\u0103\u0219urat\u0103 de 50 cm. Reglare simpl\u0103 \u0219i rapid\u0103, beneficiind de un sistem de \u00eenchidere eficient ce include o cataram\u0103 rafinat\u0103 din metal cromat. este prev\u0103zut\u0103 cu un inel de prindere din metal cromat \u0219i cu clopo\u021bel. Confortabil\u0103, elegant\u0103. Un accesoriu util \u0219i atr\u0103g\u0103tor pentru animalul Dvs. Disponibil\u0103 amestecat \u00een diferite culori \u00een set. Se vinde ambalat c\u00e2te 6 buc\/set! Pre\u021bul afi\u0219at este per buc!<\/p>\n","protected":false},"excerpt":{"rendered":"<p>Zgard\u0103 confec\u021bionat\u0103 din nylon rezistent \u0219i durabil. Are l\u0103\u021bimea de 2 cm \u0219i lungimea maxim\u0103 desf\u0103\u0219urat\u0103 de 50 cm. Reglare simpl\u0103 \u0219i rapid\u0103, beneficiind de un sistem de \u00eenchidere eficient ce include o cataram\u0103 rafinat\u0103 din metal cromat. este prev\u0103zut\u0103 cu un inel de prindere din metal cromat \u0219i cu clopo\u021bel. Confortabil\u0103, elegant\u0103. Un accesoriu [&hellip;]<\/p>\n","protected":false},"featured_media":10101,"template":"","meta":[],"product_brand":[],"product_cat":[168,1909,1854],"product_tag":[861,1986,1918],"class_list":{"0":"post-5088","1":"product","2":"type-product","3":"status-publish","4":"has-post-thumbnail","6":"product_cat-caini","7":"product_cat-zgarzi-chinga-zgarzi-si-curele","8":"product_cat-zgarzi-si-curele","9":"product_tag-zgarda-caini","10":"product_tag-zgarda-caini-chinga","11":"product_tag-zgarda-chinga","13":"first","14":"instock","15":"shipping-taxable","16":"purchasable","17":"product-type-simple"},"_links":{"self":[{"href":"https:\/\/faberpet.ro\/stage\/wp-json\/wp\/v2\/product\/5088","targetHints":{"allow":["GET"]}}],"collection":[{"href":"https:\/\/faberpet.ro\/stage\/wp-json\/wp\/v2\/product"}],"about":[{"href":"https:\/\/faberpet.ro\/stage\/wp-json\/wp\/v2\/types\/product"}],"wp:featuredmedia":[{"embeddable":true,"href":"https:\/\/faberpet.ro\/stage\/wp-json\/wp\/v2\/media\/10101"}],"wp:attachment":[{"href":"https:\/\/faberpet.ro\/stage\/wp-json\/wp\/v2\/media?parent=5088"}],"wp:term":[{"taxonomy":"product_brand","embeddable":true,"href":"https:\/\/faberpet.ro\/stage\/wp-json\/wp\/v2\/product_brand?post=5088"},{"taxonomy":"product_cat","embeddable":true,"href":"https:\/\/faberpet.ro\/stage\/wp-json\/wp\/v2\/product_cat?post=5088"},{"taxonomy":"product_tag","embeddable":true,"href":"https:\/\/faberpet.ro\/stage\/wp-json\/wp\/v2\/product_tag?post=5088"}],"curies":[{"name":"wp","href":"https:\/\/api.w.org\/{rel}","templated":true}]}}