{"id":5091,"date":"2024-10-21T20:34:08","date_gmt":"2024-10-21T17:34:08","guid":{"rendered":"https:\/\/faberpet.ro\/stage\/produs\/zgarda-piele-cu-capse-si-tinte-35x50-cm\/"},"modified":"2025-08-04T08:57:51","modified_gmt":"2025-08-04T06:57:51","slug":"zgarda-piele-cu-capse-si-tinte-35x50-cm","status":"publish","type":"product","link":"https:\/\/faberpet.ro\/stage\/produs\/zgarda-piele-cu-capse-si-tinte-35x50-cm\/","title":{"rendered":"Zgarda piele cu capse si tinte 3,5&#215;50 cm"},"content":{"rendered":"<p>Zgard\u0103 confec\u021bionat\u0103 din piele natural\u0103. Are l\u0103\u021bimea de 3, 5 cm \u0219i lungimea maxim\u0103 desf\u0103\u0219urat\u0103 de 50 cm. Reglare simpl\u0103 \u0219i rapid\u0103, beneficiind de un sistem de \u00eenchidere eficient ce include o cataram\u0103 dubl\u0103 din metal cromat. este prev\u0103zut\u0103 cu un inel de prindere din metal cromat. Comfortabil\u0103, elegant\u0103. Rezistent\u0103, puternic\u0103. Un accesoriu util \u0219i atr\u0103g\u0103tor pentru animalu\u021bul Dvs. \u00cen diferite culori.<\/p>\n","protected":false},"excerpt":{"rendered":"<p>Zgard\u0103 confec\u021bionat\u0103 din piele natural\u0103. Are l\u0103\u021bimea de 3, 5 cm \u0219i lungimea maxim\u0103 desf\u0103\u0219urat\u0103 de 50 cm. Reglare simpl\u0103 \u0219i rapid\u0103, beneficiind de un sistem de \u00eenchidere eficient ce include o cataram\u0103 dubl\u0103 din metal cromat. este prev\u0103zut\u0103 cu un inel de prindere din metal cromat. Comfortabil\u0103, elegant\u0103. Rezistent\u0103, puternic\u0103. Un accesoriu util \u0219i [&hellip;]<\/p>\n","protected":false},"featured_media":10104,"template":"","meta":[],"product_brand":[],"product_cat":[168,1929,1854],"product_tag":[1927,861,1923],"class_list":{"0":"post-5091","1":"product","2":"type-product","3":"status-publish","4":"has-post-thumbnail","6":"product_cat-caini","7":"product_cat-zgarzi-piele","8":"product_cat-zgarzi-si-curele","9":"product_tag-zgarda","10":"product_tag-zgarda-caini","11":"product_tag-zgarda-pisici-si-caini","13":"first","14":"instock","15":"shipping-taxable","16":"purchasable","17":"product-type-simple"},"_links":{"self":[{"href":"https:\/\/faberpet.ro\/stage\/wp-json\/wp\/v2\/product\/5091","targetHints":{"allow":["GET"]}}],"collection":[{"href":"https:\/\/faberpet.ro\/stage\/wp-json\/wp\/v2\/product"}],"about":[{"href":"https:\/\/faberpet.ro\/stage\/wp-json\/wp\/v2\/types\/product"}],"wp:featuredmedia":[{"embeddable":true,"href":"https:\/\/faberpet.ro\/stage\/wp-json\/wp\/v2\/media\/10104"}],"wp:attachment":[{"href":"https:\/\/faberpet.ro\/stage\/wp-json\/wp\/v2\/media?parent=5091"}],"wp:term":[{"taxonomy":"product_brand","embeddable":true,"href":"https:\/\/faberpet.ro\/stage\/wp-json\/wp\/v2\/product_brand?post=5091"},{"taxonomy":"product_cat","embeddable":true,"href":"https:\/\/faberpet.ro\/stage\/wp-json\/wp\/v2\/product_cat?post=5091"},{"taxonomy":"product_tag","embeddable":true,"href":"https:\/\/faberpet.ro\/stage\/wp-json\/wp\/v2\/product_tag?post=5091"}],"curies":[{"name":"wp","href":"https:\/\/api.w.org\/{rel}","templated":true}]}}