{"id":5098,"date":"2024-10-21T20:34:09","date_gmt":"2024-10-21T17:34:09","guid":{"rendered":"https:\/\/faberpet.ro\/stage\/produs\/zgarda-piele-cu-ornament-puf-25x50-cm\/"},"modified":"2025-08-04T09:00:14","modified_gmt":"2025-08-04T07:00:14","slug":"zgarda-piele-cu-ornament-puf-25x50-cm","status":"publish","type":"product","link":"https:\/\/faberpet.ro\/stage\/produs\/zgarda-piele-cu-ornament-puf-25x50-cm\/","title":{"rendered":"Zgarda piele cu ornament puf 2,5&#215;50 cm"},"content":{"rendered":"<p>Zgard\u0103 confec\u021bionat\u0103 din piele natural\u0103. Are diametru de 2, 5 cm \u0219i lungimea maxim\u0103 desf\u0103\u0219urat\u0103 de 50 cm. Reglare simpl\u0103 \u0219i rapid\u0103, beneficiind de un sistem de \u00eenchidere eficient ce include o cataram\u0103 din metal cromat. este prev\u0103zut\u0103 cu dou\u0103 inele de prindere din metal cromat. Comfortabil\u0103, elegant\u0103.<\/p>\n","protected":false},"excerpt":{"rendered":"<p>Zgard\u0103 confec\u021bionat\u0103 din piele natural\u0103. Are diametru de 2, 5 cm \u0219i lungimea maxim\u0103 desf\u0103\u0219urat\u0103 de 50 cm. Reglare simpl\u0103 \u0219i rapid\u0103, beneficiind de un sistem de \u00eenchidere eficient ce include o cataram\u0103 din metal cromat. este prev\u0103zut\u0103 cu dou\u0103 inele de prindere din metal cromat. Comfortabil\u0103, elegant\u0103.<\/p>\n","protected":false},"featured_media":10111,"template":"","meta":[],"product_brand":[],"product_cat":[168,1929,1854],"product_tag":[861,1912,1955],"class_list":{"0":"post-5098","1":"product","2":"type-product","3":"status-publish","4":"has-post-thumbnail","6":"product_cat-caini","7":"product_cat-zgarzi-piele","8":"product_cat-zgarzi-si-curele","9":"product_tag-zgarda-caini","10":"product_tag-zgarda-din-piele","11":"product_tag-zgarda-tepi","13":"first","14":"instock","15":"shipping-taxable","16":"purchasable","17":"product-type-simple"},"_links":{"self":[{"href":"https:\/\/faberpet.ro\/stage\/wp-json\/wp\/v2\/product\/5098","targetHints":{"allow":["GET"]}}],"collection":[{"href":"https:\/\/faberpet.ro\/stage\/wp-json\/wp\/v2\/product"}],"about":[{"href":"https:\/\/faberpet.ro\/stage\/wp-json\/wp\/v2\/types\/product"}],"wp:featuredmedia":[{"embeddable":true,"href":"https:\/\/faberpet.ro\/stage\/wp-json\/wp\/v2\/media\/10111"}],"wp:attachment":[{"href":"https:\/\/faberpet.ro\/stage\/wp-json\/wp\/v2\/media?parent=5098"}],"wp:term":[{"taxonomy":"product_brand","embeddable":true,"href":"https:\/\/faberpet.ro\/stage\/wp-json\/wp\/v2\/product_brand?post=5098"},{"taxonomy":"product_cat","embeddable":true,"href":"https:\/\/faberpet.ro\/stage\/wp-json\/wp\/v2\/product_cat?post=5098"},{"taxonomy":"product_tag","embeddable":true,"href":"https:\/\/faberpet.ro\/stage\/wp-json\/wp\/v2\/product_tag?post=5098"}],"curies":[{"name":"wp","href":"https:\/\/api.w.org\/{rel}","templated":true}]}}