{"id":5100,"date":"2024-10-21T20:34:09","date_gmt":"2024-10-21T17:34:09","guid":{"rendered":"https:\/\/faberpet.ro\/stage\/produs\/zgarda-piele-rotund-2x70-cm\/"},"modified":"2025-08-04T09:01:27","modified_gmt":"2025-08-04T07:01:27","slug":"zgarda-piele-rotund-2x70-cm","status":"publish","type":"product","link":"https:\/\/faberpet.ro\/stage\/produs\/zgarda-piele-rotund-2x70-cm\/","title":{"rendered":"Zgarda piele rotund 2&#215;70 cm"},"content":{"rendered":"<p>Zgard\u0103 confec\u021bionat\u0103 din piele natural\u0103 de calitate. Are diametru de 2 cm \u0219i lungimea maxim\u0103 desf\u0103\u0219urat\u0103 de 70 cm. Reglare simpl\u0103 \u0219i rapid\u0103, beneficiind de un sistem de \u00eenchidere eficient ce include o cataram\u0103 dubl\u0103 din metal cromat. este prev\u0103zut\u0103 cu un inel de prindere din inox. Comfortabil\u0103 \u0219i elegant\u0103. Rezistent\u0103 \u0219i puternic\u0103. Un accesoriu util \u0219i atr\u0103g\u0103tor pentru animalu\u021bul Dvs. Disponibil\u0103 \u00een diferite culori.<\/p>\n","protected":false},"excerpt":{"rendered":"<p>Zgard\u0103 confec\u021bionat\u0103 din piele natural\u0103 de calitate. Are diametru de 2 cm \u0219i lungimea maxim\u0103 desf\u0103\u0219urat\u0103 de 70 cm. Reglare simpl\u0103 \u0219i rapid\u0103, beneficiind de un sistem de \u00eenchidere eficient ce include o cataram\u0103 dubl\u0103 din metal cromat. este prev\u0103zut\u0103 cu un inel de prindere din inox. Comfortabil\u0103 \u0219i elegant\u0103. Rezistent\u0103 \u0219i puternic\u0103. Un accesoriu [&hellip;]<\/p>\n","protected":false},"featured_media":10113,"template":"","meta":[],"product_brand":[],"product_cat":[168,1929,1854],"product_tag":[1920,1994,1972],"class_list":{"0":"post-5100","1":"product","2":"type-product","3":"status-publish","4":"has-post-thumbnail","6":"product_cat-caini","7":"product_cat-zgarzi-piele","8":"product_cat-zgarzi-si-curele","9":"product_tag-chinga-piele","10":"product_tag-piele-rotund","11":"product_tag-zgarda-de-forta-caini","13":"first","14":"instock","15":"shipping-taxable","16":"purchasable","17":"product-type-simple"},"_links":{"self":[{"href":"https:\/\/faberpet.ro\/stage\/wp-json\/wp\/v2\/product\/5100","targetHints":{"allow":["GET"]}}],"collection":[{"href":"https:\/\/faberpet.ro\/stage\/wp-json\/wp\/v2\/product"}],"about":[{"href":"https:\/\/faberpet.ro\/stage\/wp-json\/wp\/v2\/types\/product"}],"wp:featuredmedia":[{"embeddable":true,"href":"https:\/\/faberpet.ro\/stage\/wp-json\/wp\/v2\/media\/10113"}],"wp:attachment":[{"href":"https:\/\/faberpet.ro\/stage\/wp-json\/wp\/v2\/media?parent=5100"}],"wp:term":[{"taxonomy":"product_brand","embeddable":true,"href":"https:\/\/faberpet.ro\/stage\/wp-json\/wp\/v2\/product_brand?post=5100"},{"taxonomy":"product_cat","embeddable":true,"href":"https:\/\/faberpet.ro\/stage\/wp-json\/wp\/v2\/product_cat?post=5100"},{"taxonomy":"product_tag","embeddable":true,"href":"https:\/\/faberpet.ro\/stage\/wp-json\/wp\/v2\/product_tag?post=5100"}],"curies":[{"name":"wp","href":"https:\/\/api.w.org\/{rel}","templated":true}]}}