{"id":5122,"date":"2024-10-21T20:34:13","date_gmt":"2024-10-21T17:34:13","guid":{"rendered":"https:\/\/faberpet.ro\/stage\/produs\/zgarda-chinga-strangulanta-1527-43-cm\/"},"modified":"2025-08-04T09:08:35","modified_gmt":"2025-08-04T07:08:35","slug":"zgarda-chinga-strangulanta-1527-43-cm","status":"publish","type":"product","link":"https:\/\/faberpet.ro\/stage\/produs\/zgarda-chinga-strangulanta-1527-43-cm\/","title":{"rendered":"Zgarda chinga strangulanta 1,5*27-43 cm"},"content":{"rendered":"<p>Zgard\u0103 confec\u021bionat\u0103 din nylon rezistent \u0219i durabil. Acest tip de zgard\u0103 este foarte comod\u0103 la purtat. \u00cen stare de repaus sau \u00een mi\u0219care, c\u00e2nd c\u00e2inele merge la pas \u0219i nu trage \u00een les\u0103, aceasta st\u0103 lejer la baza g\u00e2tului. \u00cen condi\u021biile \u00een care c\u00e2inele \u00eencepe s\u0103 trag\u0103 \u00een les\u0103, zgarda se str\u00e2nge \u00een jurul g\u00e2tului \u0219i creaz\u0103 un disconfort c\u00e2inelui. \u00cen acest fel, acesta este obligat s\u0103 \u00eenceteze trac\u021biunea. Poate fi dimensionat\u0103 \u00een func\u021bie de dimensiunea g\u00e2tului c\u00e2inelui. Prev\u0103zut\u0103 cu lan\u021b culisant din metal cromat. Are l\u0103\u021bimea de 1, 5 cm \u0219i lungimea \u00eentre 27- 43 cm. Confortabil\u0103, elegant\u0103. Disponibil\u0103 \u00een diferite culori \u0219i este \u00eempachetat amestecat \u00een set! S- MC\u00e2nd alege\u021bi o zgard\u0103 \u0219trangulant\u0103 m\u0103sura\u021bi circumferin\u021ba g\u00e2tului (imediat \u00een spatele urechilor) c\u0103\u021belului iar la aceasta dimensiune mai ad\u0103uga\u021bi 5 cm determin\u00e2nd astfel lungimea zg\u0103rzii care trebuie cump\u0103rat\u0103. se vinde ambalat c\u00e2te 6 buc\/set! Pre\u021bul afi\u0219at este per buc!<\/p>\n","protected":false},"excerpt":{"rendered":"<p>Zgard\u0103 confec\u021bionat\u0103 din nylon rezistent \u0219i durabil. Acest tip de zgard\u0103 este foarte comod\u0103 la purtat. \u00cen stare de repaus sau \u00een mi\u0219care, c\u00e2nd c\u00e2inele merge la pas \u0219i nu trage \u00een les\u0103, aceasta st\u0103 lejer la baza g\u00e2tului. \u00cen condi\u021biile \u00een care c\u00e2inele \u00eencepe s\u0103 trag\u0103 \u00een les\u0103, zgarda se str\u00e2nge \u00een jurul g\u00e2tului [&hellip;]<\/p>\n","protected":false},"featured_media":10135,"template":"","meta":[],"product_brand":[],"product_cat":[168,1909,1854],"product_tag":[861,1918,928],"class_list":{"0":"post-5122","1":"product","2":"type-product","3":"status-publish","4":"has-post-thumbnail","6":"product_cat-caini","7":"product_cat-zgarzi-chinga-zgarzi-si-curele","8":"product_cat-zgarzi-si-curele","9":"product_tag-zgarda-caini","10":"product_tag-zgarda-chinga","11":"product_tag-zgarda-strangulanta","13":"first","14":"instock","15":"shipping-taxable","16":"purchasable","17":"product-type-simple"},"_links":{"self":[{"href":"https:\/\/faberpet.ro\/stage\/wp-json\/wp\/v2\/product\/5122","targetHints":{"allow":["GET"]}}],"collection":[{"href":"https:\/\/faberpet.ro\/stage\/wp-json\/wp\/v2\/product"}],"about":[{"href":"https:\/\/faberpet.ro\/stage\/wp-json\/wp\/v2\/types\/product"}],"wp:featuredmedia":[{"embeddable":true,"href":"https:\/\/faberpet.ro\/stage\/wp-json\/wp\/v2\/media\/10135"}],"wp:attachment":[{"href":"https:\/\/faberpet.ro\/stage\/wp-json\/wp\/v2\/media?parent=5122"}],"wp:term":[{"taxonomy":"product_brand","embeddable":true,"href":"https:\/\/faberpet.ro\/stage\/wp-json\/wp\/v2\/product_brand?post=5122"},{"taxonomy":"product_cat","embeddable":true,"href":"https:\/\/faberpet.ro\/stage\/wp-json\/wp\/v2\/product_cat?post=5122"},{"taxonomy":"product_tag","embeddable":true,"href":"https:\/\/faberpet.ro\/stage\/wp-json\/wp\/v2\/product_tag?post=5122"}],"curies":[{"name":"wp","href":"https:\/\/api.w.org\/{rel}","templated":true}]}}