{"id":5128,"date":"2024-10-21T20:34:13","date_gmt":"2024-10-21T17:34:13","guid":{"rendered":"https:\/\/faberpet.ro\/stage\/produs\/zgarda-cordelina-semistrangulanta-14x70-cm\/"},"modified":"2025-08-04T09:09:35","modified_gmt":"2025-08-04T07:09:35","slug":"zgarda-cordelina-semistrangulanta-14x70-cm","status":"publish","type":"product","link":"https:\/\/faberpet.ro\/stage\/produs\/zgarda-cordelina-semistrangulanta-14x70-cm\/","title":{"rendered":"Zgarda cordelina semistrangulanta 1,2&#215;70 cm"},"content":{"rendered":"<p>Zgard\u0103 confec\u021bionat\u0103 din \u021bes\u0103tur\u0103 rotund\u0103 din nylon (cordelin\u0103) \u00eent\u0103rit\u0103 cu piele. Lungimea minim\u0103 este stabilit\u0103 printr- un inel metal cromat, fixat rigid \u00een grosimea corzii. Leg\u0103tura cu les\u0103 se realizeaz\u0103 prin intermediul unui inel similar cu cel de stop. Acest tip de zgard\u0103 este foarte comod\u0103 la purtat. \u00cen stare de repaus sau \u00een mi\u0219care, c\u00e2nd c\u00e2inele merge la pas \u0219i nu trage \u00een les\u0103, aceasta st\u0103 lejer la baza g\u00e2tului. \u00cen condi\u021biile \u00een care c\u00e2inele \u00eencepe s\u0103 trag\u0103 \u00een les\u0103, cele dou\u0103 inele culiseaz\u0103, iar zgarda se str\u00e2nge \u00een jurul g\u00e2tului \u0219i creaz\u0103 un disconfort c\u00e2inelui. Rezistent\u0103, puternic\u0103.<\/p>\n<p>Are un diametru de 1,2 cm \u0219i lungime 70 cm.<\/p>\n<p>Disponibil\u0103 \u00een diferite culori.<\/p>\n","protected":false},"excerpt":{"rendered":"<p>Zgard\u0103 confec\u021bionat\u0103 din \u021bes\u0103tur\u0103 rotund\u0103 din nylon (cordelin\u0103) \u00eent\u0103rit\u0103 cu piele. Lungimea minim\u0103 este stabilit\u0103 printr- un inel metal cromat, fixat rigid \u00een grosimea corzii. Leg\u0103tura cu les\u0103 se realizeaz\u0103 prin intermediul unui inel similar cu cel de stop. Acest tip de zgard\u0103 este foarte comod\u0103 la purtat. \u00cen stare de repaus sau \u00een mi\u0219care, [&hellip;]<\/p>\n","protected":false},"featured_media":10141,"template":"","meta":[],"product_brand":[],"product_cat":[168,2002,1854],"product_tag":[2003,1917,910],"class_list":{"0":"post-5128","1":"product","2":"type-product","3":"status-publish","4":"has-post-thumbnail","6":"product_cat-caini","7":"product_cat-zgarzi-cordelina","8":"product_cat-zgarzi-si-curele","9":"product_tag-zgarda-antiparazitara-caini","10":"product_tag-zgarda-talie-mica","11":"product_tag-zgarzi","13":"first","14":"instock","15":"shipping-taxable","16":"purchasable","17":"product-type-simple"},"_links":{"self":[{"href":"https:\/\/faberpet.ro\/stage\/wp-json\/wp\/v2\/product\/5128","targetHints":{"allow":["GET"]}}],"collection":[{"href":"https:\/\/faberpet.ro\/stage\/wp-json\/wp\/v2\/product"}],"about":[{"href":"https:\/\/faberpet.ro\/stage\/wp-json\/wp\/v2\/types\/product"}],"wp:featuredmedia":[{"embeddable":true,"href":"https:\/\/faberpet.ro\/stage\/wp-json\/wp\/v2\/media\/10141"}],"wp:attachment":[{"href":"https:\/\/faberpet.ro\/stage\/wp-json\/wp\/v2\/media?parent=5128"}],"wp:term":[{"taxonomy":"product_brand","embeddable":true,"href":"https:\/\/faberpet.ro\/stage\/wp-json\/wp\/v2\/product_brand?post=5128"},{"taxonomy":"product_cat","embeddable":true,"href":"https:\/\/faberpet.ro\/stage\/wp-json\/wp\/v2\/product_cat?post=5128"},{"taxonomy":"product_tag","embeddable":true,"href":"https:\/\/faberpet.ro\/stage\/wp-json\/wp\/v2\/product_tag?post=5128"}],"curies":[{"name":"wp","href":"https:\/\/api.w.org\/{rel}","templated":true}]}}