{"id":5130,"date":"2024-10-21T20:34:14","date_gmt":"2024-10-21T17:34:14","guid":{"rendered":"https:\/\/faberpet.ro\/stage\/produs\/zgarda-din-piele-nr-00-simplu-negru-1x29cm\/"},"modified":"2025-08-04T09:10:30","modified_gmt":"2025-08-04T07:10:30","slug":"zgarda-din-piele-nr-00-simplu-negru-1x29cm","status":"publish","type":"product","link":"https:\/\/faberpet.ro\/stage\/produs\/zgarda-din-piele-nr-00-simplu-negru-1x29cm\/","title":{"rendered":"Zgarda din piele nr. 00 simplu negru 1x29cm"},"content":{"rendered":"<p>Zgard\u0103 confec\u021bionat\u0103 din piele natural\u0103 egalizat\u0103. Are l\u0103\u021bimea de 1 cm \u0219i lungimea maxim\u0103 desf\u0103\u0219urat\u0103 de 29 cm. este recomandat\u0103 pentru c\u00e2ini de talie mic\u0103 \u0219i pisici. Cataram\u0103 metalic\u0103 cromat\u0103. Nu cauzeaz\u0103 irita\u021bii \u0219i nu afecteaz\u0103 s\u0103n\u0103tatea animalelor. Pentru control u\u0219or \u0219i plimbat c\u00e2ine. Comod\u0103. Se vinde ambalat c\u00e2te 5 buc\/set! Pre\u021bul afi\u0219at este per buc!<\/p>\n","protected":false},"excerpt":{"rendered":"<p>Zgard\u0103 confec\u021bionat\u0103 din piele natural\u0103 egalizat\u0103. Are l\u0103\u021bimea de 1 cm \u0219i lungimea maxim\u0103 desf\u0103\u0219urat\u0103 de 29 cm. este recomandat\u0103 pentru c\u00e2ini de talie mic\u0103 \u0219i pisici. Cataram\u0103 metalic\u0103 cromat\u0103. Nu cauzeaz\u0103 irita\u021bii \u0219i nu afecteaz\u0103 s\u0103n\u0103tatea animalelor. Pentru control u\u0219or \u0219i plimbat c\u00e2ine. Comod\u0103. Se vinde ambalat c\u00e2te 5 buc\/set! Pre\u021bul afi\u0219at este per [&hellip;]<\/p>\n","protected":false},"featured_media":10143,"template":"","meta":[],"product_brand":[],"product_cat":[168,171,1948,1929,1907,1854],"product_tag":[1927,1975,1979],"class_list":{"0":"post-5130","1":"product","2":"type-product","3":"status-publish","4":"has-post-thumbnail","6":"product_cat-caini","7":"product_cat-pisici","8":"product_cat-zgarzi-piele-zgarzi-pisici","9":"product_cat-zgarzi-piele","10":"product_cat-zgarzi-pisici","11":"product_cat-zgarzi-si-curele","12":"product_tag-zgarda","13":"product_tag-zgarda-pentru-pisici","14":"product_tag-zgarzi-negru","16":"first","17":"instock","18":"shipping-taxable","19":"purchasable","20":"product-type-simple"},"_links":{"self":[{"href":"https:\/\/faberpet.ro\/stage\/wp-json\/wp\/v2\/product\/5130","targetHints":{"allow":["GET"]}}],"collection":[{"href":"https:\/\/faberpet.ro\/stage\/wp-json\/wp\/v2\/product"}],"about":[{"href":"https:\/\/faberpet.ro\/stage\/wp-json\/wp\/v2\/types\/product"}],"wp:featuredmedia":[{"embeddable":true,"href":"https:\/\/faberpet.ro\/stage\/wp-json\/wp\/v2\/media\/10143"}],"wp:attachment":[{"href":"https:\/\/faberpet.ro\/stage\/wp-json\/wp\/v2\/media?parent=5130"}],"wp:term":[{"taxonomy":"product_brand","embeddable":true,"href":"https:\/\/faberpet.ro\/stage\/wp-json\/wp\/v2\/product_brand?post=5130"},{"taxonomy":"product_cat","embeddable":true,"href":"https:\/\/faberpet.ro\/stage\/wp-json\/wp\/v2\/product_cat?post=5130"},{"taxonomy":"product_tag","embeddable":true,"href":"https:\/\/faberpet.ro\/stage\/wp-json\/wp\/v2\/product_tag?post=5130"}],"curies":[{"name":"wp","href":"https:\/\/api.w.org\/{rel}","templated":true}]}}