{"id":5154,"date":"2024-10-21T20:34:18","date_gmt":"2024-10-21T17:34:18","guid":{"rendered":"https:\/\/faberpet.ro\/stage\/produs\/zgarda-din-piele-nr-3-simplu-negru-25x53cm\/"},"modified":"2025-08-04T09:16:17","modified_gmt":"2025-08-04T07:16:17","slug":"zgarda-din-piele-nr-3-simplu-negru-25x53cm","status":"publish","type":"product","link":"https:\/\/faberpet.ro\/stage\/produs\/zgarda-din-piele-nr-3-simplu-negru-25x53cm\/","title":{"rendered":"Zgarda din piele nr. 3 simplu negru 2,5x53cm"},"content":{"rendered":"<p>Zgard\u0103 confec\u021bionat\u0103 din piele natural\u0103 egalizat\u0103. Are l\u0103\u021bimea de 2, 5 cm \u0219i lungimea maxim\u0103 desf\u0103\u0219urat\u0103 de 53 cm. este recomandat\u0103 pentru c\u00e2ini de talie mic\u0103 \u0219i medie. Cataram\u0103 metalic\u0103 cromat\u0103. Nu cauzeaz\u0103 irita\u021bii \u0219i nu afecteaz\u0103 s\u0103n\u0103tatea animalelor. Pentru control u\u0219or \u0219i plimbat c\u00e2ine. Comod\u0103.<\/p>\n","protected":false},"excerpt":{"rendered":"<p>Zgard\u0103 confec\u021bionat\u0103 din piele natural\u0103 egalizat\u0103. Are l\u0103\u021bimea de 2, 5 cm \u0219i lungimea maxim\u0103 desf\u0103\u0219urat\u0103 de 53 cm. este recomandat\u0103 pentru c\u00e2ini de talie mic\u0103 \u0219i medie. Cataram\u0103 metalic\u0103 cromat\u0103. Nu cauzeaz\u0103 irita\u021bii \u0219i nu afecteaz\u0103 s\u0103n\u0103tatea animalelor. Pentru control u\u0219or \u0219i plimbat c\u00e2ine. Comod\u0103.<\/p>\n","protected":false},"featured_media":10149,"template":"","meta":[],"product_brand":[],"product_cat":[168,1929,1854],"product_tag":[1920,1990,1904],"class_list":{"0":"post-5154","1":"product","2":"type-product","3":"status-publish","4":"has-post-thumbnail","6":"product_cat-caini","7":"product_cat-zgarzi-piele","8":"product_cat-zgarzi-si-curele","9":"product_tag-chinga-piele","10":"product_tag-zgarda-talie-mare","11":"product_tag-zgarzi-chinga","13":"first","14":"instock","15":"shipping-taxable","16":"purchasable","17":"product-type-simple"},"_links":{"self":[{"href":"https:\/\/faberpet.ro\/stage\/wp-json\/wp\/v2\/product\/5154","targetHints":{"allow":["GET"]}}],"collection":[{"href":"https:\/\/faberpet.ro\/stage\/wp-json\/wp\/v2\/product"}],"about":[{"href":"https:\/\/faberpet.ro\/stage\/wp-json\/wp\/v2\/types\/product"}],"wp:featuredmedia":[{"embeddable":true,"href":"https:\/\/faberpet.ro\/stage\/wp-json\/wp\/v2\/media\/10149"}],"wp:attachment":[{"href":"https:\/\/faberpet.ro\/stage\/wp-json\/wp\/v2\/media?parent=5154"}],"wp:term":[{"taxonomy":"product_brand","embeddable":true,"href":"https:\/\/faberpet.ro\/stage\/wp-json\/wp\/v2\/product_brand?post=5154"},{"taxonomy":"product_cat","embeddable":true,"href":"https:\/\/faberpet.ro\/stage\/wp-json\/wp\/v2\/product_cat?post=5154"},{"taxonomy":"product_tag","embeddable":true,"href":"https:\/\/faberpet.ro\/stage\/wp-json\/wp\/v2\/product_tag?post=5154"}],"curies":[{"name":"wp","href":"https:\/\/api.w.org\/{rel}","templated":true}]}}