{"id":5165,"date":"2024-10-21T20:34:19","date_gmt":"2024-10-21T17:34:19","guid":{"rendered":"https:\/\/faberpet.ro\/stage\/produs\/zgarda-din-piele-nr-4-dublat-rosu-3x60cm\/"},"modified":"2025-08-04T09:19:04","modified_gmt":"2025-08-04T07:19:04","slug":"zgarda-din-piele-nr-4-dublat-rosu-3x60cm","status":"publish","type":"product","link":"https:\/\/faberpet.ro\/stage\/produs\/zgarda-din-piele-nr-4-dublat-rosu-3x60cm\/","title":{"rendered":"Zgarda din piele nr. 4 dublat rosu 3x60cm"},"content":{"rendered":"<p>Zgard\u0103 confec\u021bionat\u0103 din piele natural\u0103 egalizat\u0103. Are l\u0103\u021bimea de 3 cm \u0219i lungimea maxim\u0103 desf\u0103\u0219urat\u0103 de 60 cm, iar grosimea 0. 5 cm. este recomandat\u0103 pentru c\u00e2ini de talie medie \u0219i mare. Structura ei solid\u0103 (dublat\u0103) fiind conceput\u0103 s\u0103 reziste celor mai puternici dintre ace\u0219tia. Cataram\u0103 metalic\u0103 cromat\u0103. Nu cauzeaz\u0103 irita\u021bii \u0219i nu afecteaz\u0103 s\u0103n\u0103tatea animalelor. Rezistent\u0103. Comod\u0103.<\/p>\n","protected":false},"excerpt":{"rendered":"<p>Zgard\u0103 confec\u021bionat\u0103 din piele natural\u0103 egalizat\u0103. Are l\u0103\u021bimea de 3 cm \u0219i lungimea maxim\u0103 desf\u0103\u0219urat\u0103 de 60 cm, iar grosimea 0. 5 cm. este recomandat\u0103 pentru c\u00e2ini de talie medie \u0219i mare. Structura ei solid\u0103 (dublat\u0103) fiind conceput\u0103 s\u0103 reziste celor mai puternici dintre ace\u0219tia. Cataram\u0103 metalic\u0103 cromat\u0103. Nu cauzeaz\u0103 irita\u021bii \u0219i nu afecteaz\u0103 s\u0103n\u0103tatea [&hellip;]<\/p>\n","protected":false},"featured_media":10163,"template":"","meta":[],"product_brand":[],"product_cat":[168,1929,1854],"product_tag":[1921,1105,1853],"class_list":{"0":"post-5165","1":"product","2":"type-product","3":"status-publish","4":"has-post-thumbnail","6":"product_cat-caini","7":"product_cat-zgarzi-piele","8":"product_cat-zgarzi-si-curele","9":"product_tag-piele-ecologica","10":"product_tag-piele-naturala","11":"product_tag-pisici-zgarzi","13":"first","14":"instock","15":"shipping-taxable","16":"purchasable","17":"product-type-simple"},"_links":{"self":[{"href":"https:\/\/faberpet.ro\/stage\/wp-json\/wp\/v2\/product\/5165","targetHints":{"allow":["GET"]}}],"collection":[{"href":"https:\/\/faberpet.ro\/stage\/wp-json\/wp\/v2\/product"}],"about":[{"href":"https:\/\/faberpet.ro\/stage\/wp-json\/wp\/v2\/types\/product"}],"wp:featuredmedia":[{"embeddable":true,"href":"https:\/\/faberpet.ro\/stage\/wp-json\/wp\/v2\/media\/10163"}],"wp:attachment":[{"href":"https:\/\/faberpet.ro\/stage\/wp-json\/wp\/v2\/media?parent=5165"}],"wp:term":[{"taxonomy":"product_brand","embeddable":true,"href":"https:\/\/faberpet.ro\/stage\/wp-json\/wp\/v2\/product_brand?post=5165"},{"taxonomy":"product_cat","embeddable":true,"href":"https:\/\/faberpet.ro\/stage\/wp-json\/wp\/v2\/product_cat?post=5165"},{"taxonomy":"product_tag","embeddable":true,"href":"https:\/\/faberpet.ro\/stage\/wp-json\/wp\/v2\/product_tag?post=5165"}],"curies":[{"name":"wp","href":"https:\/\/api.w.org\/{rel}","templated":true}]}}