{"id":5171,"date":"2024-10-21T20:34:20","date_gmt":"2024-10-21T17:34:20","guid":{"rendered":"https:\/\/faberpet.ro\/stage\/produs\/zgarda-din-piele-cu-conuri-nr-5-rosu-4x63cm\/"},"modified":"2025-08-04T09:22:24","modified_gmt":"2025-08-04T07:22:24","slug":"zgarda-din-piele-cu-conuri-nr-5-rosu-4x63cm","status":"publish","type":"product","link":"https:\/\/faberpet.ro\/stage\/produs\/zgarda-din-piele-cu-conuri-nr-5-rosu-4x63cm\/","title":{"rendered":"Zgarda din piele cu conuri nr. 5 rosu 4x63cm"},"content":{"rendered":"<p>Zgard\u0103 confec\u021bionat\u0103 din piele natural\u0103 egalizat\u0103. Are l\u0103\u021bimea de 4 cm \u0219i lungimea maxim\u0103 desf\u0103\u0219urat\u0103 de 63 cm. este recomandat\u0103 pentru c\u00e2ini de talie mare. Cataram\u0103 metalic\u0103 cromat\u0103. Interiorul c\u0103ptu\u0219it cu p\u00e2sl\u0103. Nu cauzeaz\u0103 irita\u021bii \u0219i nu afecteaz\u0103 s\u0103n\u0103tatea animalelor. Pentru control u\u0219or \u0219i plimbat c\u00e2ine. Comod\u0103.<\/p>\n","protected":false},"excerpt":{"rendered":"<p>Zgard\u0103 confec\u021bionat\u0103 din piele natural\u0103 egalizat\u0103. Are l\u0103\u021bimea de 4 cm \u0219i lungimea maxim\u0103 desf\u0103\u0219urat\u0103 de 63 cm. este recomandat\u0103 pentru c\u00e2ini de talie mare. Cataram\u0103 metalic\u0103 cromat\u0103. Interiorul c\u0103ptu\u0219it cu p\u00e2sl\u0103. Nu cauzeaz\u0103 irita\u021bii \u0219i nu afecteaz\u0103 s\u0103n\u0103tatea animalelor. Pentru control u\u0219or \u0219i plimbat c\u00e2ine. Comod\u0103.<\/p>\n","protected":false},"featured_media":10161,"template":"","meta":[],"product_brand":[],"product_cat":[168,1929,1854],"product_tag":[1914,1867,1945],"class_list":{"0":"post-5171","1":"product","2":"type-product","3":"status-publish","4":"has-post-thumbnail","6":"product_cat-caini","7":"product_cat-zgarzi-piele","8":"product_cat-zgarzi-si-curele","9":"product_tag-zgarda-caini-antipurici","10":"product_tag-zgarda-cu-tepi","11":"product_tag-zgarzi-pisici","13":"first","14":"instock","15":"shipping-taxable","16":"purchasable","17":"product-type-simple"},"_links":{"self":[{"href":"https:\/\/faberpet.ro\/stage\/wp-json\/wp\/v2\/product\/5171","targetHints":{"allow":["GET"]}}],"collection":[{"href":"https:\/\/faberpet.ro\/stage\/wp-json\/wp\/v2\/product"}],"about":[{"href":"https:\/\/faberpet.ro\/stage\/wp-json\/wp\/v2\/types\/product"}],"wp:featuredmedia":[{"embeddable":true,"href":"https:\/\/faberpet.ro\/stage\/wp-json\/wp\/v2\/media\/10161"}],"wp:attachment":[{"href":"https:\/\/faberpet.ro\/stage\/wp-json\/wp\/v2\/media?parent=5171"}],"wp:term":[{"taxonomy":"product_brand","embeddable":true,"href":"https:\/\/faberpet.ro\/stage\/wp-json\/wp\/v2\/product_brand?post=5171"},{"taxonomy":"product_cat","embeddable":true,"href":"https:\/\/faberpet.ro\/stage\/wp-json\/wp\/v2\/product_cat?post=5171"},{"taxonomy":"product_tag","embeddable":true,"href":"https:\/\/faberpet.ro\/stage\/wp-json\/wp\/v2\/product_tag?post=5171"}],"curies":[{"name":"wp","href":"https:\/\/api.w.org\/{rel}","templated":true}]}}