{"id":5181,"date":"2024-10-21T20:34:22","date_gmt":"2024-10-21T17:34:22","guid":{"rendered":"https:\/\/faberpet.ro\/stage\/produs\/zgarda-din-piele-nr-6-dublat-rosu-4x73cm\/"},"modified":"2025-08-04T09:24:50","modified_gmt":"2025-08-04T07:24:50","slug":"zgarda-din-piele-nr-6-dublat-rosu-4x73cm","status":"publish","type":"product","link":"https:\/\/faberpet.ro\/stage\/produs\/zgarda-din-piele-nr-6-dublat-rosu-4x73cm\/","title":{"rendered":"Zgarda din piele nr. 6 dublat rosu 4x73cm"},"content":{"rendered":"<p>Zgard\u0103 confec\u021bionat\u0103 din piele natural\u0103 egalizat\u0103. Are l\u0103\u021bimea de 4 cm \u0219i lungimea maxim\u0103 desf\u0103\u0219urat\u0103 de 73 cm, iar grosimea 0. 5 cm. este recomandat\u0103 pentru c\u00e2ini de talie mare \u0219i foarte mare. Structura ei solid\u0103 (dublat\u0103) fiind conceput\u0103 s\u0103 reziste celor mai puternici dintre ace\u0219tia. Cataram\u0103 metalic\u0103 cromat\u0103. Nu cauzeaz\u0103 irita\u021bii \u0219i nu afecteaz\u0103 s\u0103n\u0103tatea animalelor. Rezistent\u0103. Comod\u0103.<\/p>\n","protected":false},"excerpt":{"rendered":"<p>Zgard\u0103 confec\u021bionat\u0103 din piele natural\u0103 egalizat\u0103. Are l\u0103\u021bimea de 4 cm \u0219i lungimea maxim\u0103 desf\u0103\u0219urat\u0103 de 73 cm, iar grosimea 0. 5 cm. este recomandat\u0103 pentru c\u00e2ini de talie mare \u0219i foarte mare. Structura ei solid\u0103 (dublat\u0103) fiind conceput\u0103 s\u0103 reziste celor mai puternici dintre ace\u0219tia. Cataram\u0103 metalic\u0103 cromat\u0103. Nu cauzeaz\u0103 irita\u021bii \u0219i nu afecteaz\u0103 [&hellip;]<\/p>\n","protected":false},"featured_media":10163,"template":"","meta":[],"product_brand":[],"product_cat":[168,1929,1854],"product_tag":[982,1912,1856],"class_list":{"0":"post-5181","1":"product","2":"type-product","3":"status-publish","4":"has-post-thumbnail","6":"product_cat-caini","7":"product_cat-zgarzi-piele","8":"product_cat-zgarzi-si-curele","9":"product_tag-accesorii-pentru-caini","10":"product_tag-zgarda-din-piele","11":"product_tag-zgarda-pentru-caini","13":"first","14":"instock","15":"shipping-taxable","16":"purchasable","17":"product-type-simple"},"_links":{"self":[{"href":"https:\/\/faberpet.ro\/stage\/wp-json\/wp\/v2\/product\/5181","targetHints":{"allow":["GET"]}}],"collection":[{"href":"https:\/\/faberpet.ro\/stage\/wp-json\/wp\/v2\/product"}],"about":[{"href":"https:\/\/faberpet.ro\/stage\/wp-json\/wp\/v2\/types\/product"}],"wp:featuredmedia":[{"embeddable":true,"href":"https:\/\/faberpet.ro\/stage\/wp-json\/wp\/v2\/media\/10163"}],"wp:attachment":[{"href":"https:\/\/faberpet.ro\/stage\/wp-json\/wp\/v2\/media?parent=5181"}],"wp:term":[{"taxonomy":"product_brand","embeddable":true,"href":"https:\/\/faberpet.ro\/stage\/wp-json\/wp\/v2\/product_brand?post=5181"},{"taxonomy":"product_cat","embeddable":true,"href":"https:\/\/faberpet.ro\/stage\/wp-json\/wp\/v2\/product_cat?post=5181"},{"taxonomy":"product_tag","embeddable":true,"href":"https:\/\/faberpet.ro\/stage\/wp-json\/wp\/v2\/product_tag?post=5181"}],"curies":[{"name":"wp","href":"https:\/\/api.w.org\/{rel}","templated":true}]}}