{"id":5190,"date":"2024-10-21T20:34:23","date_gmt":"2024-10-21T17:34:23","guid":{"rendered":"https:\/\/faberpet.ro\/stage\/produs\/zgarda-din-piele-faber-1-2x28-cm\/"},"modified":"2025-08-04T09:27:29","modified_gmt":"2025-08-04T07:27:29","slug":"zgarda-din-piele-faber-1-2x28-cm","status":"publish","type":"product","link":"https:\/\/faberpet.ro\/stage\/produs\/zgarda-din-piele-faber-1-2x28-cm\/","title":{"rendered":"Zgarda din piele FABER 1.2&#215;28 cm"},"content":{"rendered":"<p>Zgard\u0103 confec\u021bionat\u0103 din piele natural\u0103 de calitate. Are l\u0103\u021bimea de 1. 2 cm, 0. 5 cm grosime \u0219i lungimea maxim\u0103 desf\u0103\u0219urat\u0103 de 28 cm. este recomandat\u0103 pentru c\u00e2ini de talie mic\u0103. Reglare simpl\u0103 \u0219i rapid\u0103, beneficiind de un sistem de \u00eenchidere eficient ce include o cataram\u0103 rafinat\u0103 din metal cromat. Rezistent\u0103, puternic\u0103. Comfortabil\u0103. Elegant\u0103. Se vinde ambalat c\u00e2te 5 buc\/set! Pre\u021bul afi\u0219at este per buc!<\/p>\n","protected":false},"excerpt":{"rendered":"<p>Zgard\u0103 confec\u021bionat\u0103 din piele natural\u0103 de calitate. Are l\u0103\u021bimea de 1. 2 cm, 0. 5 cm grosime \u0219i lungimea maxim\u0103 desf\u0103\u0219urat\u0103 de 28 cm. este recomandat\u0103 pentru c\u00e2ini de talie mic\u0103. Reglare simpl\u0103 \u0219i rapid\u0103, beneficiind de un sistem de \u00eenchidere eficient ce include o cataram\u0103 rafinat\u0103 din metal cromat. Rezistent\u0103, puternic\u0103. Comfortabil\u0103. Elegant\u0103. Se [&hellip;]<\/p>\n","protected":false},"featured_media":10166,"template":"","meta":[],"product_brand":[],"product_cat":[168,2008,1854],"product_tag":[630,1978,1870],"class_list":{"0":"post-5190","1":"product","2":"type-product","3":"status-publish","4":"has-post-thumbnail","6":"product_cat-caini","7":"product_cat-zgarzi-faber","8":"product_cat-zgarzi-si-curele","9":"product_tag-accesorii-caini","10":"product_tag-zgarda-caini-din-piele","11":"product_tag-zgarzi-pentru-caini","13":"first","14":"instock","15":"shipping-taxable","16":"purchasable","17":"product-type-simple"},"_links":{"self":[{"href":"https:\/\/faberpet.ro\/stage\/wp-json\/wp\/v2\/product\/5190","targetHints":{"allow":["GET"]}}],"collection":[{"href":"https:\/\/faberpet.ro\/stage\/wp-json\/wp\/v2\/product"}],"about":[{"href":"https:\/\/faberpet.ro\/stage\/wp-json\/wp\/v2\/types\/product"}],"wp:featuredmedia":[{"embeddable":true,"href":"https:\/\/faberpet.ro\/stage\/wp-json\/wp\/v2\/media\/10166"}],"wp:attachment":[{"href":"https:\/\/faberpet.ro\/stage\/wp-json\/wp\/v2\/media?parent=5190"}],"wp:term":[{"taxonomy":"product_brand","embeddable":true,"href":"https:\/\/faberpet.ro\/stage\/wp-json\/wp\/v2\/product_brand?post=5190"},{"taxonomy":"product_cat","embeddable":true,"href":"https:\/\/faberpet.ro\/stage\/wp-json\/wp\/v2\/product_cat?post=5190"},{"taxonomy":"product_tag","embeddable":true,"href":"https:\/\/faberpet.ro\/stage\/wp-json\/wp\/v2\/product_tag?post=5190"}],"curies":[{"name":"wp","href":"https:\/\/api.w.org\/{rel}","templated":true}]}}