{"id":5200,"date":"2024-10-21T20:34:25","date_gmt":"2024-10-21T17:34:25","guid":{"rendered":"https:\/\/faberpet.ro\/stage\/produs\/zgarda-din-piele-faber-3x73-cm\/"},"modified":"2025-08-04T09:30:02","modified_gmt":"2025-08-04T07:30:02","slug":"zgarda-din-piele-faber-3x73-cm","status":"publish","type":"product","link":"https:\/\/faberpet.ro\/stage\/produs\/zgarda-din-piele-faber-3x73-cm\/","title":{"rendered":"Zgarda din piele FABER 3&#215;73 cm"},"content":{"rendered":"<p>Zgard\u0103 confec\u021bionat\u0103 din piele natural\u0103 de calitate. Are l\u0103\u021bimea de 3 cm, 0. 5 cm grosime \u0219i lungimea maxim\u0103 desf\u0103\u0219urat\u0103 de 73 cm. este recomandat\u0103 pentru c\u00e2ini de talie mare. Reglare simpl\u0103 \u0219i rapid\u0103, beneficiind de un sistem de \u00eenchidere eficient ce include o cataram\u0103 rafinat\u0103 din metal cromat. Rezistent\u0103, puternic\u0103. Comfortabil\u0103. Elegant\u0103.<\/p>\n","protected":false},"excerpt":{"rendered":"<p>Zgard\u0103 confec\u021bionat\u0103 din piele natural\u0103 de calitate. Are l\u0103\u021bimea de 3 cm, 0. 5 cm grosime \u0219i lungimea maxim\u0103 desf\u0103\u0219urat\u0103 de 73 cm. este recomandat\u0103 pentru c\u00e2ini de talie mare. Reglare simpl\u0103 \u0219i rapid\u0103, beneficiind de un sistem de \u00eenchidere eficient ce include o cataram\u0103 rafinat\u0103 din metal cromat. Rezistent\u0103, puternic\u0103. Comfortabil\u0103. Elegant\u0103.<\/p>\n","protected":false},"featured_media":10175,"template":"","meta":[],"product_brand":[],"product_cat":[168,2008,1854],"product_tag":[614,1938,1982],"class_list":{"0":"post-5200","1":"product","2":"type-product","3":"status-publish","4":"has-post-thumbnail","6":"product_cat-caini","7":"product_cat-zgarzi-faber","8":"product_cat-zgarzi-si-curele","9":"product_tag-zgarda-antiparazitara","10":"product_tag-zgarda-pentru-caini-si-pisici","11":"product_tag-zgarzi-din-piele","13":"first","14":"instock","15":"shipping-taxable","16":"purchasable","17":"product-type-simple"},"_links":{"self":[{"href":"https:\/\/faberpet.ro\/stage\/wp-json\/wp\/v2\/product\/5200","targetHints":{"allow":["GET"]}}],"collection":[{"href":"https:\/\/faberpet.ro\/stage\/wp-json\/wp\/v2\/product"}],"about":[{"href":"https:\/\/faberpet.ro\/stage\/wp-json\/wp\/v2\/types\/product"}],"wp:featuredmedia":[{"embeddable":true,"href":"https:\/\/faberpet.ro\/stage\/wp-json\/wp\/v2\/media\/10175"}],"wp:attachment":[{"href":"https:\/\/faberpet.ro\/stage\/wp-json\/wp\/v2\/media?parent=5200"}],"wp:term":[{"taxonomy":"product_brand","embeddable":true,"href":"https:\/\/faberpet.ro\/stage\/wp-json\/wp\/v2\/product_brand?post=5200"},{"taxonomy":"product_cat","embeddable":true,"href":"https:\/\/faberpet.ro\/stage\/wp-json\/wp\/v2\/product_cat?post=5200"},{"taxonomy":"product_tag","embeddable":true,"href":"https:\/\/faberpet.ro\/stage\/wp-json\/wp\/v2\/product_tag?post=5200"}],"curies":[{"name":"wp","href":"https:\/\/api.w.org\/{rel}","templated":true}]}}