{"id":5213,"date":"2024-10-21T20:34:26","date_gmt":"2024-10-21T17:34:26","guid":{"rendered":"https:\/\/faberpet.ro\/stage\/produs\/zgarda-din-piele-heavy-negru-2-5x47-cm\/"},"modified":"2025-08-04T09:59:02","modified_gmt":"2025-08-04T07:59:02","slug":"zgarda-din-piele-heavy-negru-2-5x47-cm","status":"publish","type":"product","link":"https:\/\/faberpet.ro\/stage\/produs\/zgarda-din-piele-heavy-negru-2-5x47-cm\/","title":{"rendered":"Zgarda din piele HEAVY negru 2.5&#215;47 cm"},"content":{"rendered":"<p>Zgard\u0103 confec\u021bionat\u0103 din piele natural\u0103 de calitate. Are l\u0103\u021bimea de 2, 5 cm, 0. 4 cm grosime \u0219i lungimea maxim\u0103 desf\u0103\u0219urat\u0103 de 47 cm. este recomandat\u0103 pentru c\u00e2ini de talie medie \u0219i mare. Reglare simpl\u0103 \u0219i rapid\u0103, beneficiind de un sistem de \u00eenchidere eficient ce include o cataram\u0103 rafinat\u0103 din metal cromat. Rezistent\u0103, puternic\u0103. Comfortabil\u0103. Elegant\u0103.<\/p>\n","protected":false},"excerpt":{"rendered":"<p>Zgard\u0103 confec\u021bionat\u0103 din piele natural\u0103 de calitate. Are l\u0103\u021bimea de 2, 5 cm, 0. 4 cm grosime \u0219i lungimea maxim\u0103 desf\u0103\u0219urat\u0103 de 47 cm. este recomandat\u0103 pentru c\u00e2ini de talie medie \u0219i mare. Reglare simpl\u0103 \u0219i rapid\u0103, beneficiind de un sistem de \u00eenchidere eficient ce include o cataram\u0103 rafinat\u0103 din metal cromat. Rezistent\u0103, puternic\u0103. Comfortabil\u0103. [&hellip;]<\/p>\n","protected":false},"featured_media":10188,"template":"","meta":[],"product_brand":[],"product_cat":[168,2010,1854],"product_tag":[861,688,2009],"class_list":{"0":"post-5213","1":"product","2":"type-product","3":"status-publish","4":"has-post-thumbnail","6":"product_cat-caini","7":"product_cat-zgarzi-piele-heavy","8":"product_cat-zgarzi-si-curele","9":"product_tag-zgarda-caini","10":"product_tag-zgarzi-caini","11":"product_tag-zgarzi-piele","13":"first","14":"instock","15":"shipping-taxable","16":"purchasable","17":"product-type-simple"},"_links":{"self":[{"href":"https:\/\/faberpet.ro\/stage\/wp-json\/wp\/v2\/product\/5213","targetHints":{"allow":["GET"]}}],"collection":[{"href":"https:\/\/faberpet.ro\/stage\/wp-json\/wp\/v2\/product"}],"about":[{"href":"https:\/\/faberpet.ro\/stage\/wp-json\/wp\/v2\/types\/product"}],"wp:featuredmedia":[{"embeddable":true,"href":"https:\/\/faberpet.ro\/stage\/wp-json\/wp\/v2\/media\/10188"}],"wp:attachment":[{"href":"https:\/\/faberpet.ro\/stage\/wp-json\/wp\/v2\/media?parent=5213"}],"wp:term":[{"taxonomy":"product_brand","embeddable":true,"href":"https:\/\/faberpet.ro\/stage\/wp-json\/wp\/v2\/product_brand?post=5213"},{"taxonomy":"product_cat","embeddable":true,"href":"https:\/\/faberpet.ro\/stage\/wp-json\/wp\/v2\/product_cat?post=5213"},{"taxonomy":"product_tag","embeddable":true,"href":"https:\/\/faberpet.ro\/stage\/wp-json\/wp\/v2\/product_tag?post=5213"}],"curies":[{"name":"wp","href":"https:\/\/api.w.org\/{rel}","templated":true}]}}