{"id":5251,"date":"2024-10-21T20:34:33","date_gmt":"2024-10-21T17:34:33","guid":{"rendered":"https:\/\/faberpet.ro\/stage\/produs\/zgarda-din-piele-heavy-negru-4x65-cm\/"},"modified":"2025-08-04T10:09:24","modified_gmt":"2025-08-04T08:09:24","slug":"zgarda-din-piele-heavy-negru-4x65-cm","status":"publish","type":"product","link":"https:\/\/faberpet.ro\/stage\/produs\/zgarda-din-piele-heavy-negru-4x65-cm\/","title":{"rendered":"Zgarda din piele HEAVY negru 4&#215;65 cm"},"content":{"rendered":"<p>Zgard\u0103 confec\u021bionat\u0103 din piele natural\u0103 de calitate. Are l\u0103\u021bimea de 4 cm, 0. 4 cm grosime \u0219i lungimea maxim\u0103 desf\u0103\u0219urat\u0103 de 65 cm. este recomandat\u0103 pentru c\u00e2ini de talie medie \u0219i mare. Reglare simpl\u0103 \u0219i rapid\u0103, beneficiind de un sistem de \u00eenchidere eficient ce include o cataram\u0103 rafinat\u0103 din metal cromat. Rezistent\u0103, puternic\u0103. Comfortabil\u0103. Elegant\u0103.<\/p>\n","protected":false},"excerpt":{"rendered":"<p>Zgard\u0103 confec\u021bionat\u0103 din piele natural\u0103 de calitate. Are l\u0103\u021bimea de 4 cm, 0. 4 cm grosime \u0219i lungimea maxim\u0103 desf\u0103\u0219urat\u0103 de 65 cm. este recomandat\u0103 pentru c\u00e2ini de talie medie \u0219i mare. Reglare simpl\u0103 \u0219i rapid\u0103, beneficiind de un sistem de \u00eenchidere eficient ce include o cataram\u0103 rafinat\u0103 din metal cromat. Rezistent\u0103, puternic\u0103. Comfortabil\u0103. Elegant\u0103.<\/p>\n","protected":false},"featured_media":10225,"template":"","meta":[],"product_brand":[],"product_cat":[168,2010,1854],"product_tag":[861,2013,2009],"class_list":{"0":"post-5251","1":"product","2":"type-product","3":"status-publish","4":"has-post-thumbnail","6":"product_cat-caini","7":"product_cat-zgarzi-piele-heavy","8":"product_cat-zgarzi-si-curele","9":"product_tag-zgarda-caini","10":"product_tag-zgarda-puternica","11":"product_tag-zgarzi-piele","13":"first","14":"instock","15":"shipping-taxable","16":"purchasable","17":"product-type-simple"},"_links":{"self":[{"href":"https:\/\/faberpet.ro\/stage\/wp-json\/wp\/v2\/product\/5251","targetHints":{"allow":["GET"]}}],"collection":[{"href":"https:\/\/faberpet.ro\/stage\/wp-json\/wp\/v2\/product"}],"about":[{"href":"https:\/\/faberpet.ro\/stage\/wp-json\/wp\/v2\/types\/product"}],"wp:featuredmedia":[{"embeddable":true,"href":"https:\/\/faberpet.ro\/stage\/wp-json\/wp\/v2\/media\/10225"}],"wp:attachment":[{"href":"https:\/\/faberpet.ro\/stage\/wp-json\/wp\/v2\/media?parent=5251"}],"wp:term":[{"taxonomy":"product_brand","embeddable":true,"href":"https:\/\/faberpet.ro\/stage\/wp-json\/wp\/v2\/product_brand?post=5251"},{"taxonomy":"product_cat","embeddable":true,"href":"https:\/\/faberpet.ro\/stage\/wp-json\/wp\/v2\/product_cat?post=5251"},{"taxonomy":"product_tag","embeddable":true,"href":"https:\/\/faberpet.ro\/stage\/wp-json\/wp\/v2\/product_tag?post=5251"}],"curies":[{"name":"wp","href":"https:\/\/api.w.org\/{rel}","templated":true}]}}