{"id":5320,"date":"2024-10-21T20:34:43","date_gmt":"2024-10-21T17:34:43","guid":{"rendered":"https:\/\/faberpet.ro\/stage\/produs\/cap-filtru-pompa-apa-acvariu-sobo-wp-1880-1200l-h-20w\/"},"modified":"2025-08-04T10:28:34","modified_gmt":"2025-08-04T08:28:34","slug":"cap-filtru-pompa-apa-acvariu-sobo-wp-1880-1200l-h-20w","status":"publish","type":"product","link":"https:\/\/faberpet.ro\/stage\/produs\/cap-filtru-pompa-apa-acvariu-sobo-wp-1880-1200l-h-20w\/","title":{"rendered":"Cap filtru (pompa) apa acvariu SOBO WP-1880 1200L\/h 20W"},"content":{"rendered":"<p>Pomp\u0103 pentru acvarii de ap\u0103 dulce sau s\u0103rat\u0103, multifunc\u021bionale, cu debit reglabil \u0219i flux reversibil, ideal pentru acvarii cu filtre de fund. Stimuleaz\u0103 circularea apei prin filtru \u00eembun\u0103t\u0103\u021bind eficien\u0163a acestuia. Asigur\u0103 o oxigenare bun\u0103 a apei sus\u021bin\u00e2nd dezvoltarea coloniilor de bacterii benefice. Sistem reglabil de oxigenare. Prinderea pe acvariu se realizeaz\u0103 cu ajutorul ventuzelor. U\u0219or de utilizat \u0219i cur\u0103\u021bat. Putere consumat\u0103: 20 W. Debit maxim: 1200 L\/H. Total submersibil. AC 220 VAten\u021bie! este interzis punerea \u00een func\u021biune \u00een afara apei, pericol de gripare!<\/p>\n","protected":false},"excerpt":{"rendered":"<p>Pomp\u0103 pentru acvarii de ap\u0103 dulce sau s\u0103rat\u0103, multifunc\u021bionale, cu debit reglabil \u0219i flux reversibil, ideal pentru acvarii cu filtre de fund. Stimuleaz\u0103 circularea apei prin filtru \u00eembun\u0103t\u0103\u021bind eficien\u0163a acestuia. Asigur\u0103 o oxigenare bun\u0103 a apei sus\u021bin\u00e2nd dezvoltarea coloniilor de bacterii benefice. Sistem reglabil de oxigenare. Prinderea pe acvariu se realizeaz\u0103 cu ajutorul ventuzelor. U\u0219or [&hellip;]<\/p>\n","protected":false},"featured_media":10307,"template":"","meta":[],"product_brand":[],"product_cat":[61,2017,2018],"product_tag":[2014,2111,2113],"class_list":{"0":"post-5320","1":"product","2":"type-product","3":"status-publish","4":"has-post-thumbnail","6":"product_cat-acvaristica","7":"product_cat-electrice","8":"product_cat-filtre-de-apa","9":"product_tag-filtru-apa-acvariu","10":"product_tag-pompe-apa-acvariu","11":"product_tag-sobo-wp-1880","13":"first","14":"instock","15":"shipping-taxable","16":"purchasable","17":"product-type-simple"},"_links":{"self":[{"href":"https:\/\/faberpet.ro\/stage\/wp-json\/wp\/v2\/product\/5320","targetHints":{"allow":["GET"]}}],"collection":[{"href":"https:\/\/faberpet.ro\/stage\/wp-json\/wp\/v2\/product"}],"about":[{"href":"https:\/\/faberpet.ro\/stage\/wp-json\/wp\/v2\/types\/product"}],"wp:featuredmedia":[{"embeddable":true,"href":"https:\/\/faberpet.ro\/stage\/wp-json\/wp\/v2\/media\/10307"}],"wp:attachment":[{"href":"https:\/\/faberpet.ro\/stage\/wp-json\/wp\/v2\/media?parent=5320"}],"wp:term":[{"taxonomy":"product_brand","embeddable":true,"href":"https:\/\/faberpet.ro\/stage\/wp-json\/wp\/v2\/product_brand?post=5320"},{"taxonomy":"product_cat","embeddable":true,"href":"https:\/\/faberpet.ro\/stage\/wp-json\/wp\/v2\/product_cat?post=5320"},{"taxonomy":"product_tag","embeddable":true,"href":"https:\/\/faberpet.ro\/stage\/wp-json\/wp\/v2\/product_tag?post=5320"}],"curies":[{"name":"wp","href":"https:\/\/api.w.org\/{rel}","templated":true}]}}