{"id":5323,"date":"2024-10-21T20:34:44","date_gmt":"2024-10-21T17:34:44","guid":{"rendered":"https:\/\/faberpet.ro\/stage\/produs\/cap-filtru-pompa-apa-acvariu-jingye-jy-810-800l-h-15w\/"},"modified":"2025-08-04T10:29:30","modified_gmt":"2025-08-04T08:29:30","slug":"cap-filtru-pompa-apa-acvariu-jingye-jy-810-800l-h-15w","status":"publish","type":"product","link":"https:\/\/faberpet.ro\/stage\/produs\/cap-filtru-pompa-apa-acvariu-jingye-jy-810-800l-h-15w\/","title":{"rendered":"Cap filtru (pompa) apa acvariu JINGYE JY-810 800L\/h 15W"},"content":{"rendered":"<p>Pomp\u0103 pentru acvarii de ap\u0103 dulce sau s\u0103rat\u0103, multifunc\u021bionale, cu debit reglabil \u015fi flux reversibil, ideal pentru acvarii cu filtre de fund. Stimuleaz\u0103 circularea apei prin filtru \u00eembun\u0103t\u0103\u0163ind eficien\u0163a acestuia. Asigur\u0103 o oxigenare bun\u0103 a apei sus\u0163in\u00e2nd dezvoltarea coloniilor de bacterii benefice. Sistem reglabil de oxigenare. Prinderea pe acvariu se realizeaz\u0103 cu ajutorul ventuzelor. U\u0219or de utilizat \u0219i cur\u0103\u021bat. Putere consumat\u0103: 15 W. Debit maxim: 800 L\/H. Total submersibil. AC 220 VAten\u021bie! este interzis punerea \u00een func\u021biune \u00een afara apei, pericol de gripare!<\/p>\n","protected":false},"excerpt":{"rendered":"<p>Pomp\u0103 pentru acvarii de ap\u0103 dulce sau s\u0103rat\u0103, multifunc\u021bionale, cu debit reglabil \u015fi flux reversibil, ideal pentru acvarii cu filtre de fund. Stimuleaz\u0103 circularea apei prin filtru \u00eembun\u0103t\u0103\u0163ind eficien\u0163a acestuia. Asigur\u0103 o oxigenare bun\u0103 a apei sus\u0163in\u00e2nd dezvoltarea coloniilor de bacterii benefice. Sistem reglabil de oxigenare. Prinderea pe acvariu se realizeaz\u0103 cu ajutorul ventuzelor. U\u0219or [&hellip;]<\/p>\n","protected":false},"featured_media":10312,"template":"","meta":[],"product_brand":[],"product_cat":[61,2017,2018],"product_tag":[2102,2014,2116],"class_list":{"0":"post-5323","1":"product","2":"type-product","3":"status-publish","4":"has-post-thumbnail","6":"product_cat-acvaristica","7":"product_cat-electrice","8":"product_cat-filtre-de-apa","9":"product_tag-cap-filtru-acvariu","10":"product_tag-filtru-apa-acvariu","11":"product_tag-jingye-jy-810","13":"first","14":"instock","15":"shipping-taxable","16":"purchasable","17":"product-type-simple"},"_links":{"self":[{"href":"https:\/\/faberpet.ro\/stage\/wp-json\/wp\/v2\/product\/5323","targetHints":{"allow":["GET"]}}],"collection":[{"href":"https:\/\/faberpet.ro\/stage\/wp-json\/wp\/v2\/product"}],"about":[{"href":"https:\/\/faberpet.ro\/stage\/wp-json\/wp\/v2\/types\/product"}],"wp:featuredmedia":[{"embeddable":true,"href":"https:\/\/faberpet.ro\/stage\/wp-json\/wp\/v2\/media\/10312"}],"wp:attachment":[{"href":"https:\/\/faberpet.ro\/stage\/wp-json\/wp\/v2\/media?parent=5323"}],"wp:term":[{"taxonomy":"product_brand","embeddable":true,"href":"https:\/\/faberpet.ro\/stage\/wp-json\/wp\/v2\/product_brand?post=5323"},{"taxonomy":"product_cat","embeddable":true,"href":"https:\/\/faberpet.ro\/stage\/wp-json\/wp\/v2\/product_cat?post=5323"},{"taxonomy":"product_tag","embeddable":true,"href":"https:\/\/faberpet.ro\/stage\/wp-json\/wp\/v2\/product_tag?post=5323"}],"curies":[{"name":"wp","href":"https:\/\/api.w.org\/{rel}","templated":true}]}}