{"id":5338,"date":"2024-10-21T20:34:45","date_gmt":"2024-10-21T17:34:45","guid":{"rendered":"https:\/\/faberpet.ro\/stage\/produs\/filtru-intern-pentru-acvarii-cu-pesti-sau-testoase-my-5e-500-l-h-5w\/"},"modified":"2025-11-11T07:40:13","modified_gmt":"2025-11-11T05:40:13","slug":"filtru-intern-pentru-acvarii-cu-pesti-sau-testoase-my-5e-500-l-h-5w","status":"publish","type":"product","link":"https:\/\/faberpet.ro\/stage\/produs\/filtru-intern-pentru-acvarii-cu-pesti-sau-testoase-my-5e-500-l-h-5w\/","title":{"rendered":"Filtru intern pentru acvarii cu pesti sau testoase MY-5E 500 L\/h 5W"},"content":{"rendered":"<p>Bun pentru acvarii de p\u00e2n\u0103 \u00een 30 de litri. Cu montaj pe peretele acvariului ce poate func\u021biona \u0219i \u00een nivel de ap\u0103 sc\u0103zut put\u00e2nd fi folosit \u0219i ca filtru la acvariul cu broa\u0219te \u021bestoase cu 3 stadii filtrare. Pentru acvarii de ap\u0103 dulce \u0219i s\u0103rat\u0103. Func\u021bionare silen\u021bioas\u0103 cu performan\u021be garantate \u0219i usor de \u00eentre\u021binut. Materialul filtrant se scoate cu mare u\u0219urin\u021b\u0103 pentru a fi spalat din compartimentul filtrului. Prinderea pe acvariu se realizeaz\u0103 cu ajutorul ventuzelor. Oxigenarea este realizat\u0103 prin c\u0103derea apei filtrate \u00eenapoi \u00een acvariu.<\/p>\n<p>Putere consumat\u0103: 5 W. Debit maxim: 500 L\/h.<\/p>\n<p>Con\u021bine 1 filtru.<\/p>\n<p>AC 220 V.<\/p>\n","protected":false},"excerpt":{"rendered":"<p>Bun pentru acvarii de p\u00e2n\u0103 \u00een 30 de litri. Cu montaj pe peretele acvariului ce poate func\u021biona \u0219i \u00een nivel de ap\u0103 sc\u0103zut put\u00e2nd fi folosit \u0219i ca filtru la acvariul cu broa\u0219te \u021bestoase cu 3 stadii filtrare. Pentru acvarii de ap\u0103 dulce \u0219i s\u0103rat\u0103. Func\u021bionare silen\u021bioas\u0103 cu performan\u021be garantate \u0219i usor de \u00eentre\u021binut. Materialul [&hellip;]<\/p>\n","protected":false},"featured_media":10331,"template":"","meta":[],"product_brand":[],"product_cat":[61,2017,2018],"product_tag":[2023,2139,2140],"class_list":{"0":"post-5338","1":"product","2":"type-product","3":"status-publish","4":"has-post-thumbnail","6":"product_cat-acvaristica","7":"product_cat-electrice","8":"product_cat-filtre-de-apa","9":"product_tag-filtru-apa","10":"product_tag-filtru-apa-acvariu-my-5e","11":"product_tag-filtru-apa-acvariu-testoase","13":"first","14":"instock","15":"shipping-taxable","16":"purchasable","17":"product-type-simple"},"_links":{"self":[{"href":"https:\/\/faberpet.ro\/stage\/wp-json\/wp\/v2\/product\/5338","targetHints":{"allow":["GET"]}}],"collection":[{"href":"https:\/\/faberpet.ro\/stage\/wp-json\/wp\/v2\/product"}],"about":[{"href":"https:\/\/faberpet.ro\/stage\/wp-json\/wp\/v2\/types\/product"}],"wp:featuredmedia":[{"embeddable":true,"href":"https:\/\/faberpet.ro\/stage\/wp-json\/wp\/v2\/media\/10331"}],"wp:attachment":[{"href":"https:\/\/faberpet.ro\/stage\/wp-json\/wp\/v2\/media?parent=5338"}],"wp:term":[{"taxonomy":"product_brand","embeddable":true,"href":"https:\/\/faberpet.ro\/stage\/wp-json\/wp\/v2\/product_brand?post=5338"},{"taxonomy":"product_cat","embeddable":true,"href":"https:\/\/faberpet.ro\/stage\/wp-json\/wp\/v2\/product_cat?post=5338"},{"taxonomy":"product_tag","embeddable":true,"href":"https:\/\/faberpet.ro\/stage\/wp-json\/wp\/v2\/product_tag?post=5338"}],"curies":[{"name":"wp","href":"https:\/\/api.w.org\/{rel}","templated":true}]}}