{"id":5340,"date":"2024-10-21T20:34:46","date_gmt":"2024-10-21T17:34:46","guid":{"rendered":"https:\/\/faberpet.ro\/stage\/produs\/filtru-apa-extern-cascada-acvariu-boyu-wf-2015-150l-h-6w\/"},"modified":"2025-08-04T10:32:04","modified_gmt":"2025-08-04T08:32:04","slug":"filtru-apa-extern-cascada-acvariu-boyu-wf-2015-150l-h-6w","status":"publish","type":"product","link":"https:\/\/faberpet.ro\/stage\/produs\/filtru-apa-extern-cascada-acvariu-boyu-wf-2015-150l-h-6w\/","title":{"rendered":"Filtru apa extern cascada acvariu BOYU WF-2015 150L\/h 6W"},"content":{"rendered":"<p>Filtru extern pentru acvariu cu eficien\u021b\u0103 ridicat\u0103, economisire de energie electric\u0103, fiabil \u0219i durabil. Filtru cascad\u0103 pentru acvarii de ap\u0103 dulce cu un design unic ce asigur\u0103 cele 3 etape de filtrare necesare unui acvariu. Pentru acvarii de ap\u0103 dulce. Motor electric cu performan\u021be excelente \u00een lucrul cu ap\u0103. Filtrul se ata\u0219eaz\u0103 pe rama acvariului dup\u0103 asamblare. Debitul de ap\u0103 este reglabil iar func\u021bia de oxigenare este asigurat\u0103 prin intermediul c\u0103derii apei din filtru \u00eenapoi \u00een acvariu. U\u0219or de utilizat \u0219i cur\u0103\u021bat. Putere consumat\u0103: 6 W. Debit maxim: 150 L\/H. Mediu filtrant: burete. AC 220 VAten\u021bie! Deschide\u021bi capacul \u0219i umple\u021bi cu ap\u0103. Conecta\u021bi filtrul, configurarea va fi gata atunci c\u00e2nd aerul este evacuat complet.<\/p>\n","protected":false},"excerpt":{"rendered":"<p>Filtru extern pentru acvariu cu eficien\u021b\u0103 ridicat\u0103, economisire de energie electric\u0103, fiabil \u0219i durabil. Filtru cascad\u0103 pentru acvarii de ap\u0103 dulce cu un design unic ce asigur\u0103 cele 3 etape de filtrare necesare unui acvariu. Pentru acvarii de ap\u0103 dulce. Motor electric cu performan\u021be excelente \u00een lucrul cu ap\u0103. Filtrul se ata\u0219eaz\u0103 pe rama acvariului [&hellip;]<\/p>\n","protected":false},"featured_media":10332,"template":"","meta":[],"product_brand":[],"product_cat":[61,2017,2018],"product_tag":[2145,2141,2144],"class_list":{"0":"post-5340","1":"product","2":"type-product","3":"status-publish","4":"has-post-thumbnail","6":"product_cat-acvaristica","7":"product_cat-electrice","8":"product_cat-filtre-de-apa","9":"product_tag-boyu-wf-2015","10":"product_tag-filtru-cascada","11":"product_tag-filtru-extern","13":"first","14":"instock","15":"shipping-taxable","16":"purchasable","17":"product-type-simple"},"_links":{"self":[{"href":"https:\/\/faberpet.ro\/stage\/wp-json\/wp\/v2\/product\/5340","targetHints":{"allow":["GET"]}}],"collection":[{"href":"https:\/\/faberpet.ro\/stage\/wp-json\/wp\/v2\/product"}],"about":[{"href":"https:\/\/faberpet.ro\/stage\/wp-json\/wp\/v2\/types\/product"}],"wp:featuredmedia":[{"embeddable":true,"href":"https:\/\/faberpet.ro\/stage\/wp-json\/wp\/v2\/media\/10332"}],"wp:attachment":[{"href":"https:\/\/faberpet.ro\/stage\/wp-json\/wp\/v2\/media?parent=5340"}],"wp:term":[{"taxonomy":"product_brand","embeddable":true,"href":"https:\/\/faberpet.ro\/stage\/wp-json\/wp\/v2\/product_brand?post=5340"},{"taxonomy":"product_cat","embeddable":true,"href":"https:\/\/faberpet.ro\/stage\/wp-json\/wp\/v2\/product_cat?post=5340"},{"taxonomy":"product_tag","embeddable":true,"href":"https:\/\/faberpet.ro\/stage\/wp-json\/wp\/v2\/product_tag?post=5340"}],"curies":[{"name":"wp","href":"https:\/\/api.w.org\/{rel}","templated":true}]}}