{"id":5342,"date":"2024-10-21T20:34:46","date_gmt":"2024-10-21T17:34:46","guid":{"rendered":"https:\/\/faberpet.ro\/stage\/produs\/pompa-de-valuri-pentru-acvariu-boyu-wm-15-80-350l-16-5w\/"},"modified":"2025-08-04T10:32:30","modified_gmt":"2025-08-04T08:32:30","slug":"pompa-de-valuri-pentru-acvariu-boyu-wm-15-80-350l-16-5w","status":"publish","type":"product","link":"https:\/\/faberpet.ro\/stage\/produs\/pompa-de-valuri-pentru-acvariu-boyu-wm-15-80-350l-16-5w\/","title":{"rendered":"Pompa de valuri pentru acvariu BOYU WM-15 80-350L 16.5W"},"content":{"rendered":"<p>Pomp\u0103 de valuri Boyu WM- 15 pentru acvarii cu un volum de ap\u0103 cuprins \u00een intervalul 80 &#8211; 350 L. Fabricat\u0103 din material plastic, neutre la factorii corozivi (ap\u0103 s\u0103rat\u0103). Aceast\u0103 pomp\u0103 de valuri poate fi setat\u0103 pentru a produce fluxuri lente de ap\u0103 at\u00e2t de necesare cre\u0103rii unui mediu natural \u00een interiorul acvariului. Unghiul fluxului de ap\u0103 poate fi adaptat la orice direc\u021bie. Pomp\u0103 de valuri se prinde pe geamul acvariului cu ventuzele de foarte bun\u0103 calitate \u0219i cu o durat\u0103 mare de via\u021b\u0103. Consum redus de energie electric\u0103. Putere: 16. 5 W. Dimensiuni: 113 x 108 x 110 mm. AC: 220V.<\/p>\n","protected":false},"excerpt":{"rendered":"<p>Pomp\u0103 de valuri Boyu WM- 15 pentru acvarii cu un volum de ap\u0103 cuprins \u00een intervalul 80 &#8211; 350 L. Fabricat\u0103 din material plastic, neutre la factorii corozivi (ap\u0103 s\u0103rat\u0103). Aceast\u0103 pomp\u0103 de valuri poate fi setat\u0103 pentru a produce fluxuri lente de ap\u0103 at\u00e2t de necesare cre\u0103rii unui mediu natural \u00een interiorul acvariului. Unghiul [&hellip;]<\/p>\n","protected":false},"featured_media":10337,"template":"","meta":[],"product_brand":[],"product_cat":[61,2017,2018],"product_tag":[2150,2149,2148],"class_list":{"0":"post-5342","1":"product","2":"type-product","3":"status-publish","4":"has-post-thumbnail","6":"product_cat-acvaristica","7":"product_cat-electrice","8":"product_cat-filtre-de-apa","9":"product_tag-boyu-wm-15","10":"product_tag-pompa-acvarii","11":"product_tag-pompa-valuri","13":"first","14":"instock","15":"shipping-taxable","16":"purchasable","17":"product-type-simple"},"_links":{"self":[{"href":"https:\/\/faberpet.ro\/stage\/wp-json\/wp\/v2\/product\/5342","targetHints":{"allow":["GET"]}}],"collection":[{"href":"https:\/\/faberpet.ro\/stage\/wp-json\/wp\/v2\/product"}],"about":[{"href":"https:\/\/faberpet.ro\/stage\/wp-json\/wp\/v2\/types\/product"}],"wp:featuredmedia":[{"embeddable":true,"href":"https:\/\/faberpet.ro\/stage\/wp-json\/wp\/v2\/media\/10337"}],"wp:attachment":[{"href":"https:\/\/faberpet.ro\/stage\/wp-json\/wp\/v2\/media?parent=5342"}],"wp:term":[{"taxonomy":"product_brand","embeddable":true,"href":"https:\/\/faberpet.ro\/stage\/wp-json\/wp\/v2\/product_brand?post=5342"},{"taxonomy":"product_cat","embeddable":true,"href":"https:\/\/faberpet.ro\/stage\/wp-json\/wp\/v2\/product_cat?post=5342"},{"taxonomy":"product_tag","embeddable":true,"href":"https:\/\/faberpet.ro\/stage\/wp-json\/wp\/v2\/product_tag?post=5342"}],"curies":[{"name":"wp","href":"https:\/\/api.w.org\/{rel}","templated":true}]}}