{"id":5343,"date":"2024-10-21T20:34:47","date_gmt":"2024-10-21T17:34:47","guid":{"rendered":"https:\/\/faberpet.ro\/stage\/produs\/pompa-de-valuri-pentru-acvariu-sobo-wp-200m-12w-5000-l-h\/"},"modified":"2025-08-04T10:32:45","modified_gmt":"2025-08-04T08:32:45","slug":"pompa-de-valuri-pentru-acvariu-sobo-wp-200m-12w-5000-l-h","status":"publish","type":"product","link":"https:\/\/faberpet.ro\/stage\/produs\/pompa-de-valuri-pentru-acvariu-sobo-wp-200m-12w-5000-l-h\/","title":{"rendered":"Pompa de valuri pentru acvariu SOBO WP-200M 12W 5000 L\/h"},"content":{"rendered":"<p>Pomp\u0103 de valuri SOBO WP- 200M pentru acvarii cu un volum de ap\u0103 cuprins \u00een intervalul 80 &#8211; 350 L. Fabricat\u0103 din materiale plastic, neutre la factorii corozivi (ap\u0103 s\u0103rat\u0103). Aceast\u0103 pomp\u0103 de valuri poate fi setat\u0103 pentru a produce fluxuri lente de ap\u0103 at\u00e2t de necesare cre\u0103rii unui mediu natural \u00een interiorul acvariului. Unghiul fluxului de ap\u0103 poate fi adaptat la orice direc\u021bie. Pomp\u0103 de valuri se prinde pe geamul acvariului cu ventuzele de foarte bun\u0103 calitate \u0219i cu o durat\u0103 mare de via\u021b\u0103. Consum redus de energie electric\u0103. F. MAX: 5000 L\/h;H. MAX: 0. 8 M;Putere: 12 W. Dimensiuni: 155 x 90 mm. AC: 220V.<\/p>\n","protected":false},"excerpt":{"rendered":"<p>Pomp\u0103 de valuri SOBO WP- 200M pentru acvarii cu un volum de ap\u0103 cuprins \u00een intervalul 80 &#8211; 350 L. Fabricat\u0103 din materiale plastic, neutre la factorii corozivi (ap\u0103 s\u0103rat\u0103). Aceast\u0103 pomp\u0103 de valuri poate fi setat\u0103 pentru a produce fluxuri lente de ap\u0103 at\u00e2t de necesare cre\u0103rii unui mediu natural \u00een interiorul acvariului. Unghiul [&hellip;]<\/p>\n","protected":false},"featured_media":10338,"template":"","meta":[],"product_brand":[],"product_cat":[61,2017,2018],"product_tag":[2149,2148,2151],"class_list":{"0":"post-5343","1":"product","2":"type-product","3":"status-publish","4":"has-post-thumbnail","6":"product_cat-acvaristica","7":"product_cat-electrice","8":"product_cat-filtre-de-apa","9":"product_tag-pompa-acvarii","10":"product_tag-pompa-valuri","11":"product_tag-sobo-wp-200m","13":"first","14":"instock","15":"shipping-taxable","16":"purchasable","17":"product-type-simple"},"_links":{"self":[{"href":"https:\/\/faberpet.ro\/stage\/wp-json\/wp\/v2\/product\/5343","targetHints":{"allow":["GET"]}}],"collection":[{"href":"https:\/\/faberpet.ro\/stage\/wp-json\/wp\/v2\/product"}],"about":[{"href":"https:\/\/faberpet.ro\/stage\/wp-json\/wp\/v2\/types\/product"}],"wp:featuredmedia":[{"embeddable":true,"href":"https:\/\/faberpet.ro\/stage\/wp-json\/wp\/v2\/media\/10338"}],"wp:attachment":[{"href":"https:\/\/faberpet.ro\/stage\/wp-json\/wp\/v2\/media?parent=5343"}],"wp:term":[{"taxonomy":"product_brand","embeddable":true,"href":"https:\/\/faberpet.ro\/stage\/wp-json\/wp\/v2\/product_brand?post=5343"},{"taxonomy":"product_cat","embeddable":true,"href":"https:\/\/faberpet.ro\/stage\/wp-json\/wp\/v2\/product_cat?post=5343"},{"taxonomy":"product_tag","embeddable":true,"href":"https:\/\/faberpet.ro\/stage\/wp-json\/wp\/v2\/product_tag?post=5343"}],"curies":[{"name":"wp","href":"https:\/\/api.w.org\/{rel}","templated":true}]}}