{"id":5344,"date":"2024-10-21T20:34:47","date_gmt":"2024-10-21T17:34:47","guid":{"rendered":"https:\/\/faberpet.ro\/stage\/produs\/filtru-apa-de-suprafata-jingye-jy-350-400-l-h-35w\/"},"modified":"2025-08-04T10:33:02","modified_gmt":"2025-08-04T08:33:02","slug":"filtru-apa-de-suprafata-jingye-jy-350-400-l-h-35w","status":"publish","type":"product","link":"https:\/\/faberpet.ro\/stage\/produs\/filtru-apa-de-suprafata-jingye-jy-350-400-l-h-35w\/","title":{"rendered":"Filtru apa de suprafata JINGYE JY-350 400 L\/h 3,5W"},"content":{"rendered":"<p>Skimmer suprafa\u021b\u0103 ce \u00eendep\u0103rteaz\u0103 pelicula de gr\u0103simi \u0219i mizeria de la suprafa\u021ba apei din acvariu. Un filtru de suprafa\u021b\u0103 acvariu ce face iluminatul mai eficient \u0219i \u00eembun\u0103t\u0103\u021be\u0219te oxigenarea apei. Acest filtru de suprafa\u021b\u0103 acvariu poate fi folosit in bazine de maxim 50 de litri. este construit pentru o folosire constant\u0103, se poate utiliza \u0219i pe perioade scurte. La folosirea \u00een mai multe acvarii, v\u0103 rug\u0103m s\u0103 v\u0103 asigura\u021bi c\u0103 nu se vor transmite spori de alge sau boli. Bacteriile \u0219i particulele de praf \u0219i murd\u0103rie care vor fi absorbite se str\u00e2ng \u00een buretele aparatului. Apoi acesta trebuie doar extras \u0219i cur\u0103\u021bat, dup\u0103 fiecare utilizare. Dispozitivul de aspira\u021bie plute\u0219te \u00een func\u021bie de \u00een\u0103l\u021bimea apei suport\u00e2nd diferen\u021be de nivel \u00een intervalul a 4 cm. Motor electric submersibil sigilat. Prinderea pe acvariu se realizeaz\u0103 cu ajutorul ventuzelor. U\u0219or de utilizat \u0219i cur\u0103\u021bat. Putere consumat\u0103: 3, 5 W. Debit maxim: 400 L\/h. AC 220 V.<\/p>\n","protected":false},"excerpt":{"rendered":"<p>Skimmer suprafa\u021b\u0103 ce \u00eendep\u0103rteaz\u0103 pelicula de gr\u0103simi \u0219i mizeria de la suprafa\u021ba apei din acvariu. Un filtru de suprafa\u021b\u0103 acvariu ce face iluminatul mai eficient \u0219i \u00eembun\u0103t\u0103\u021be\u0219te oxigenarea apei. Acest filtru de suprafa\u021b\u0103 acvariu poate fi folosit in bazine de maxim 50 de litri. este construit pentru o folosire constant\u0103, se poate utiliza \u0219i pe [&hellip;]<\/p>\n","protected":false},"featured_media":10339,"template":"","meta":[],"product_brand":[],"product_cat":[61,2017,2018],"product_tag":[2153,2152,2154],"class_list":{"0":"post-5344","1":"product","2":"type-product","3":"status-publish","4":"has-post-thumbnail","6":"product_cat-acvaristica","7":"product_cat-electrice","8":"product_cat-filtre-de-apa","9":"product_tag-filtru-acvariu-jy-350","10":"product_tag-filtru-apa-suprafata","11":"product_tag-jy-350","13":"first","14":"instock","15":"shipping-taxable","16":"purchasable","17":"product-type-simple"},"_links":{"self":[{"href":"https:\/\/faberpet.ro\/stage\/wp-json\/wp\/v2\/product\/5344","targetHints":{"allow":["GET"]}}],"collection":[{"href":"https:\/\/faberpet.ro\/stage\/wp-json\/wp\/v2\/product"}],"about":[{"href":"https:\/\/faberpet.ro\/stage\/wp-json\/wp\/v2\/types\/product"}],"wp:featuredmedia":[{"embeddable":true,"href":"https:\/\/faberpet.ro\/stage\/wp-json\/wp\/v2\/media\/10339"}],"wp:attachment":[{"href":"https:\/\/faberpet.ro\/stage\/wp-json\/wp\/v2\/media?parent=5344"}],"wp:term":[{"taxonomy":"product_brand","embeddable":true,"href":"https:\/\/faberpet.ro\/stage\/wp-json\/wp\/v2\/product_brand?post=5344"},{"taxonomy":"product_cat","embeddable":true,"href":"https:\/\/faberpet.ro\/stage\/wp-json\/wp\/v2\/product_cat?post=5344"},{"taxonomy":"product_tag","embeddable":true,"href":"https:\/\/faberpet.ro\/stage\/wp-json\/wp\/v2\/product_tag?post=5344"}],"curies":[{"name":"wp","href":"https:\/\/api.w.org\/{rel}","templated":true}]}}