{"id":5348,"date":"2024-10-21T20:34:47","date_gmt":"2024-10-21T17:34:47","guid":{"rendered":"https:\/\/faberpet.ro\/stage\/produs\/filtru-pompa-apa-arteziana-acvariu-rs-701-230l-h-3w\/"},"modified":"2025-08-04T10:34:19","modified_gmt":"2025-08-04T08:34:19","slug":"filtru-pompa-apa-arteziana-acvariu-rs-701-230l-h-3w","status":"publish","type":"product","link":"https:\/\/faberpet.ro\/stage\/produs\/filtru-pompa-apa-arteziana-acvariu-rs-701-230l-h-3w\/","title":{"rendered":"Filtru (pompa) apa arteziana acvariu RS-701 230L\/h 3W"},"content":{"rendered":"<p>Pompa de ap\u0103 acvariu sau f\u00e2nt\u00e2n\u0103 artezian\u0103 este o pomp\u0103 de ap\u0103 puternic\u0103 \u0219i silen\u021bioas\u0103 de cea mai bun\u0103 calitate. Dintre multele modele de pomp\u0103 de ap\u0103, acest model de pomp\u0103 submersibil\u0103 poate fi folosit ca pomp\u0103 ap\u0103 sau pomp\u0103 de f\u00e2nt\u00e2n\u0103 artezian\u0103 pentru acvarii. \u00cen\u0103l\u021bimea coloanei maxime de ap\u0103 ridicat\u0103: 0, 5 metri. Pentru acvarii de ap\u0103 dulce \u0219i s\u0103rat\u0103. Motor electric submersibil cu performan\u021be excelente \u00een lucrul cu ap\u0103. Prinderea pe acvariu se realizeaz\u0103 cu ajutorul ventuzelor. Buton de reglare debit. U\u0219or de utilizat \u0219i cur\u0103\u021bat. Putere consumat\u0103: 3 W. Debit maxim: 230 L\/H. Total submersibil. AC 220 V. Aten\u021bie! este interzis punerea \u00een func\u021biune \u00een afara apei, pericol de gripare! La alegerea pompei de ap\u0103 \u021bine\u021bi cont c\u0103 debitul maxim de ap\u0103 scade direct propor\u021bional cu \u00een\u0103l\u021bimea coloanei de ap\u0103. \u00cen func\u021bie de \u00een\u0103l\u021bimea coloanei de ap\u0103 ridicate debitul de ap\u0103 variaz\u0103.<\/p>\n","protected":false},"excerpt":{"rendered":"<p>Pompa de ap\u0103 acvariu sau f\u00e2nt\u00e2n\u0103 artezian\u0103 este o pomp\u0103 de ap\u0103 puternic\u0103 \u0219i silen\u021bioas\u0103 de cea mai bun\u0103 calitate. Dintre multele modele de pomp\u0103 de ap\u0103, acest model de pomp\u0103 submersibil\u0103 poate fi folosit ca pomp\u0103 ap\u0103 sau pomp\u0103 de f\u00e2nt\u00e2n\u0103 artezian\u0103 pentru acvarii. \u00cen\u0103l\u021bimea coloanei maxime de ap\u0103 ridicat\u0103: 0, 5 metri. Pentru [&hellip;]<\/p>\n","protected":false},"featured_media":10346,"template":"","meta":[],"product_brand":[],"product_cat":[61,2017,2018],"product_tag":[2014,2158,2161],"class_list":{"0":"post-5348","1":"product","2":"type-product","3":"status-publish","4":"has-post-thumbnail","6":"product_cat-acvaristica","7":"product_cat-electrice","8":"product_cat-filtre-de-apa","9":"product_tag-filtru-apa-acvariu","10":"product_tag-filtru-arteziana","11":"product_tag-rs-701","13":"first","14":"instock","15":"shipping-taxable","16":"purchasable","17":"product-type-simple"},"_links":{"self":[{"href":"https:\/\/faberpet.ro\/stage\/wp-json\/wp\/v2\/product\/5348","targetHints":{"allow":["GET"]}}],"collection":[{"href":"https:\/\/faberpet.ro\/stage\/wp-json\/wp\/v2\/product"}],"about":[{"href":"https:\/\/faberpet.ro\/stage\/wp-json\/wp\/v2\/types\/product"}],"wp:featuredmedia":[{"embeddable":true,"href":"https:\/\/faberpet.ro\/stage\/wp-json\/wp\/v2\/media\/10346"}],"wp:attachment":[{"href":"https:\/\/faberpet.ro\/stage\/wp-json\/wp\/v2\/media?parent=5348"}],"wp:term":[{"taxonomy":"product_brand","embeddable":true,"href":"https:\/\/faberpet.ro\/stage\/wp-json\/wp\/v2\/product_brand?post=5348"},{"taxonomy":"product_cat","embeddable":true,"href":"https:\/\/faberpet.ro\/stage\/wp-json\/wp\/v2\/product_cat?post=5348"},{"taxonomy":"product_tag","embeddable":true,"href":"https:\/\/faberpet.ro\/stage\/wp-json\/wp\/v2\/product_tag?post=5348"}],"curies":[{"name":"wp","href":"https:\/\/api.w.org\/{rel}","templated":true}]}}