{"id":5351,"date":"2024-10-21T20:34:48","date_gmt":"2024-10-21T17:34:48","guid":{"rendered":"https:\/\/faberpet.ro\/stage\/produs\/filtru-pompa-apa-arteziana-acvariu-boyu-spf-16000-245w-14-000l-h\/"},"modified":"2025-08-04T10:34:57","modified_gmt":"2025-08-04T08:34:57","slug":"filtru-pompa-apa-arteziana-acvariu-boyu-spf-16000-245w-14-000l-h","status":"publish","type":"product","link":"https:\/\/faberpet.ro\/stage\/produs\/filtru-pompa-apa-arteziana-acvariu-boyu-spf-16000-245w-14-000l-h\/","title":{"rendered":"Filtru (pompa) apa arteziana acvariu BOYU SPF-16000 245W 14.000L\/h"},"content":{"rendered":"<p>Pompa de ap\u0103 acvariu sau f\u00e2nt\u00e2n\u0103 artezian\u0103 este o pomp\u0103 de ap\u0103 puternic\u0103 \u0219i silen\u021bioas\u0103 de cea mai bun\u0103 calitate. Dintre multele modele de pomp\u0103 de ap\u0103, acest model de pomp\u0103 submersibil\u0103 poate fi folosit ca pomp\u0103 ap\u0103 sau pomp\u0103 de f\u00e2nt\u00e2n\u0103 artezian\u0103 pentru acvarii. este unul din cele mai potrivite ornamente de gradin\u0103 cu ap\u0103. Kit f\u00e2nt\u00e2n\u0103 artezian\u0103 inclus cu pipe diferite pentru un spectacol de difuzie al apei variat. \u00cen\u0103l\u021bimea coloanei maxime de ap\u0103 ridicat\u0103: 5, 2 m. Pentru acvarii de ap\u0103 dulce \u0219i s\u0103rat\u0103. Motor electric submersibil cu performan\u021be excelente \u00een lucrul cu ap\u0103. U\u0219or de utilizat \u0219i cur\u0103\u021bat. Putere consumat\u0103: 245 W. Debit maxim: 14000L\/h. Total submersibil. Temperatura maxim\u0103 de utilizare este de 45 \u00b0C. AC 220 V. Aten\u021bie! este interzis punerea \u00een func\u021biune \u00een afara apei, pericol de gripare! La alegerea pompei de ap\u0103 \u021bine\u021bi cont c\u0103 debitul maxim de ap\u0103 scade direct propor\u021bional cu \u00een\u0103l\u021bimea coloanei de ap\u0103. \u00cen func\u021bie de \u00een\u0103l\u021bimea coloanei de ap\u0103 ridicate debitul de ap\u0103 variaz\u0103.<\/p>\n","protected":false},"excerpt":{"rendered":"<p>Pompa de ap\u0103 acvariu sau f\u00e2nt\u00e2n\u0103 artezian\u0103 este o pomp\u0103 de ap\u0103 puternic\u0103 \u0219i silen\u021bioas\u0103 de cea mai bun\u0103 calitate. Dintre multele modele de pomp\u0103 de ap\u0103, acest model de pomp\u0103 submersibil\u0103 poate fi folosit ca pomp\u0103 ap\u0103 sau pomp\u0103 de f\u00e2nt\u00e2n\u0103 artezian\u0103 pentru acvarii. este unul din cele mai potrivite ornamente de gradin\u0103 cu [&hellip;]<\/p>\n","protected":false},"featured_media":10349,"template":"","meta":[],"product_brand":[],"product_cat":[61,2017,2018],"product_tag":[2167,2014,2166],"class_list":{"0":"post-5351","1":"product","2":"type-product","3":"status-publish","4":"has-post-thumbnail","6":"product_cat-acvaristica","7":"product_cat-electrice","8":"product_cat-filtre-de-apa","9":"product_tag-boyu-spf-16000","10":"product_tag-filtru-apa-acvariu","11":"product_tag-filtru-apa-arteziana","13":"first","14":"instock","15":"shipping-taxable","16":"purchasable","17":"product-type-simple"},"_links":{"self":[{"href":"https:\/\/faberpet.ro\/stage\/wp-json\/wp\/v2\/product\/5351","targetHints":{"allow":["GET"]}}],"collection":[{"href":"https:\/\/faberpet.ro\/stage\/wp-json\/wp\/v2\/product"}],"about":[{"href":"https:\/\/faberpet.ro\/stage\/wp-json\/wp\/v2\/types\/product"}],"wp:featuredmedia":[{"embeddable":true,"href":"https:\/\/faberpet.ro\/stage\/wp-json\/wp\/v2\/media\/10349"}],"wp:attachment":[{"href":"https:\/\/faberpet.ro\/stage\/wp-json\/wp\/v2\/media?parent=5351"}],"wp:term":[{"taxonomy":"product_brand","embeddable":true,"href":"https:\/\/faberpet.ro\/stage\/wp-json\/wp\/v2\/product_brand?post=5351"},{"taxonomy":"product_cat","embeddable":true,"href":"https:\/\/faberpet.ro\/stage\/wp-json\/wp\/v2\/product_cat?post=5351"},{"taxonomy":"product_tag","embeddable":true,"href":"https:\/\/faberpet.ro\/stage\/wp-json\/wp\/v2\/product_tag?post=5351"}],"curies":[{"name":"wp","href":"https:\/\/api.w.org\/{rel}","templated":true}]}}