{"id":5359,"date":"2024-10-21T20:34:49","date_gmt":"2024-10-21T17:34:49","guid":{"rendered":"https:\/\/faberpet.ro\/stage\/produs\/incalzitor-submersibil-cu-termostat-boyu-ht-8100-100-w\/"},"modified":"2025-08-04T11:09:35","modified_gmt":"2025-08-04T09:09:35","slug":"incalzitor-submersibil-cu-termostat-boyu-ht-8100-100-w","status":"publish","type":"product","link":"https:\/\/faberpet.ro\/stage\/produs\/incalzitor-submersibil-cu-termostat-boyu-ht-8100-100-w\/","title":{"rendered":"Incalzitor submersibil cu termostat Boyu HT-8100, 100 W"},"content":{"rendered":"<p>\u00cenc\u0103lzitoarele HT sunt cele mai populare \u00eenc\u0103lzitoare acvariu cu termostat de la Boyu. \u00cenc\u0103lzitor acvariu pentru volume cuprinse \u00een intervalul 90- 130 de litri. Putere \u00eenc\u0103lzire: 100 W. Men\u021bine temperatura optim\u0103 \u00een acvariu. U\u0219or de reglat. Indicator LED pentru func\u021bionare ON\/OFF. Dotat cu termostat. Total submersibil. Prinderea pe acvariu se realizeaz\u0103 cu ajutorul ventuzelor incluse \u00een pachetul \u00eenc\u0103lzitorului. \u00cen\u0103l\u021bime total\u0103 \u00eenc\u0103lzitor: 29 cm. Diametru: 2 cm. AC 220V.<\/p>\n","protected":false},"excerpt":{"rendered":"<p>\u00cenc\u0103lzitoarele HT sunt cele mai populare \u00eenc\u0103lzitoare acvariu cu termostat de la Boyu. \u00cenc\u0103lzitor acvariu pentru volume cuprinse \u00een intervalul 90- 130 de litri. Putere \u00eenc\u0103lzire: 100 W. Men\u021bine temperatura optim\u0103 \u00een acvariu. U\u0219or de reglat. Indicator LED pentru func\u021bionare ON\/OFF. Dotat cu termostat. Total submersibil. Prinderea pe acvariu se realizeaz\u0103 cu ajutorul ventuzelor incluse [&hellip;]<\/p>\n","protected":false},"featured_media":10356,"template":"","meta":[],"product_brand":[],"product_cat":[61,2017,2178],"product_tag":[2180,2181,2179],"class_list":{"0":"post-5359","1":"product","2":"type-product","3":"status-publish","4":"has-post-thumbnail","6":"product_cat-acvaristica","7":"product_cat-electrice","8":"product_cat-incalzitoare","9":"product_tag-acvarii-cu-incalzire","10":"product_tag-boyu-ht-8100","11":"product_tag-incalzitor-acavriu","13":"first","14":"instock","15":"shipping-taxable","16":"purchasable","17":"product-type-simple"},"_links":{"self":[{"href":"https:\/\/faberpet.ro\/stage\/wp-json\/wp\/v2\/product\/5359","targetHints":{"allow":["GET"]}}],"collection":[{"href":"https:\/\/faberpet.ro\/stage\/wp-json\/wp\/v2\/product"}],"about":[{"href":"https:\/\/faberpet.ro\/stage\/wp-json\/wp\/v2\/types\/product"}],"wp:featuredmedia":[{"embeddable":true,"href":"https:\/\/faberpet.ro\/stage\/wp-json\/wp\/v2\/media\/10356"}],"wp:attachment":[{"href":"https:\/\/faberpet.ro\/stage\/wp-json\/wp\/v2\/media?parent=5359"}],"wp:term":[{"taxonomy":"product_brand","embeddable":true,"href":"https:\/\/faberpet.ro\/stage\/wp-json\/wp\/v2\/product_brand?post=5359"},{"taxonomy":"product_cat","embeddable":true,"href":"https:\/\/faberpet.ro\/stage\/wp-json\/wp\/v2\/product_cat?post=5359"},{"taxonomy":"product_tag","embeddable":true,"href":"https:\/\/faberpet.ro\/stage\/wp-json\/wp\/v2\/product_tag?post=5359"}],"curies":[{"name":"wp","href":"https:\/\/api.w.org\/{rel}","templated":true}]}}