{"id":5362,"date":"2024-10-21T20:34:49","date_gmt":"2024-10-21T17:34:49","guid":{"rendered":"https:\/\/faberpet.ro\/stage\/produs\/incalzitor-submersibil-cu-termostat-rs-50-50-w\/"},"modified":"2025-08-04T11:10:18","modified_gmt":"2025-08-04T09:10:18","slug":"incalzitor-submersibil-cu-termostat-rs-50-50-w","status":"publish","type":"product","link":"https:\/\/faberpet.ro\/stage\/produs\/incalzitor-submersibil-cu-termostat-rs-50-50-w\/","title":{"rendered":"Incalzitor submersibil cu termostat RS-50, 50 W"},"content":{"rendered":"<p>\u00cenc\u0103lzitor acvariu pentru volume cuprinse \u00een intervalul 30- 60 de litri. Set\u0103ri simple \u0219i exacte ale temperaturii (dotat cu poten\u021biometru pentru reglajul temperaturii &#8211; valori ce pot fi setate: de la 18 la 32 grade). Putere \u00eenc\u0103lzire: 50 W. Elementele de \u00eenc\u0103lzire sunt ceramice. LED indicator pentru pornire\/oprire. Men\u021bine temperatura optim\u0103 \u00een acvariu. U\u0219or de reglat. Total submersibil. Dotat cu termostat. Prinderea pe acvariu se realizeaz\u0103 cu ajutorul ventuzelor incluse \u00een pachetul \u00eenc\u0103lzitorului. Diametru: 2 cm. AC 220V.<\/p>\n","protected":false},"excerpt":{"rendered":"<p>\u00cenc\u0103lzitor acvariu pentru volume cuprinse \u00een intervalul 30- 60 de litri. Set\u0103ri simple \u0219i exacte ale temperaturii (dotat cu poten\u021biometru pentru reglajul temperaturii &#8211; valori ce pot fi setate: de la 18 la 32 grade). Putere \u00eenc\u0103lzire: 50 W. Elementele de \u00eenc\u0103lzire sunt ceramice. LED indicator pentru pornire\/oprire. Men\u021bine temperatura optim\u0103 \u00een acvariu. U\u0219or de [&hellip;]<\/p>\n","protected":false},"featured_media":10359,"template":"","meta":[],"product_brand":[],"product_cat":[61,2017,2178],"product_tag":[2176,2186,2187],"class_list":{"0":"post-5362","1":"product","2":"type-product","3":"status-publish","4":"has-post-thumbnail","6":"product_cat-acvaristica","7":"product_cat-electrice","8":"product_cat-incalzitoare","9":"product_tag-incalzitor-acvariu","10":"product_tag-incalzitor-submersibil","11":"product_tag-rs-50","13":"first","14":"instock","15":"shipping-taxable","16":"purchasable","17":"product-type-simple"},"_links":{"self":[{"href":"https:\/\/faberpet.ro\/stage\/wp-json\/wp\/v2\/product\/5362","targetHints":{"allow":["GET"]}}],"collection":[{"href":"https:\/\/faberpet.ro\/stage\/wp-json\/wp\/v2\/product"}],"about":[{"href":"https:\/\/faberpet.ro\/stage\/wp-json\/wp\/v2\/types\/product"}],"wp:featuredmedia":[{"embeddable":true,"href":"https:\/\/faberpet.ro\/stage\/wp-json\/wp\/v2\/media\/10359"}],"wp:attachment":[{"href":"https:\/\/faberpet.ro\/stage\/wp-json\/wp\/v2\/media?parent=5362"}],"wp:term":[{"taxonomy":"product_brand","embeddable":true,"href":"https:\/\/faberpet.ro\/stage\/wp-json\/wp\/v2\/product_brand?post=5362"},{"taxonomy":"product_cat","embeddable":true,"href":"https:\/\/faberpet.ro\/stage\/wp-json\/wp\/v2\/product_cat?post=5362"},{"taxonomy":"product_tag","embeddable":true,"href":"https:\/\/faberpet.ro\/stage\/wp-json\/wp\/v2\/product_tag?post=5362"}],"curies":[{"name":"wp","href":"https:\/\/api.w.org\/{rel}","templated":true}]}}