{"id":5372,"date":"2024-10-21T20:34:50","date_gmt":"2024-10-21T17:34:50","guid":{"rendered":"https:\/\/faberpet.ro\/stage\/produs\/lampa-acvariu-submersibila-t4-led-4w-30cm-in-dif-culori\/"},"modified":"2025-08-29T13:39:47","modified_gmt":"2025-08-29T11:39:47","slug":"lampa-acvariu-submersibila-t4-led-4w-30cm-in-dif-culori","status":"publish","type":"product","link":"https:\/\/faberpet.ro\/stage\/produs\/lampa-acvariu-submersibila-t4-led-4w-30cm-in-dif-culori\/","title":{"rendered":"Lampa acvariu submersibila T4KG-LED 4W 30CM in dif. culori"},"content":{"rendered":"<p>Iluminare LED potrivit\u0103 pentru acvarii cu lungime de 30 cm, cu o putere mare de penetrare in ap\u0103. Design compact \u0219i perfect izolat\u0103 contra p\u0103trunderii umidit\u0103\u021bii \u00een camera ledurilor. Lamp\u0103 submersibil\u0103 acvariu ce poate fi folosit\u0103 \u0219i \u00een afara apei. Poate folosi ca surs\u0103 de iluminat complementar\u0103 sau chiar principal\u0103 \u00een func\u021bie de necesit\u0103\u021bile acvariului. Economii importante de energie electric\u0103 folosind un produs non toxic.<\/p>\n<p>Consum electric: 4W. AC 220V.<\/p>\n","protected":false},"excerpt":{"rendered":"<p>Iluminare LED potrivit\u0103 pentru acvarii cu lungime de 30 cm, cu o putere mare de penetrare in ap\u0103. Design compact \u0219i perfect izolat\u0103 contra p\u0103trunderii umidit\u0103\u021bii \u00een camera ledurilor. Lamp\u0103 submersibil\u0103 acvariu ce poate fi folosit\u0103 \u0219i \u00een afara apei. Poate folosi ca surs\u0103 de iluminat complementar\u0103 sau chiar principal\u0103 \u00een func\u021bie de necesit\u0103\u021bile acvariului. [&hellip;]<\/p>\n","protected":false},"featured_media":10377,"template":"","meta":[],"product_brand":[],"product_cat":[61,2017,2193],"product_tag":[2196,2194,2195],"class_list":{"0":"post-5372","1":"product","2":"type-product","3":"status-publish","4":"has-post-thumbnail","6":"product_cat-acvaristica","7":"product_cat-electrice","8":"product_cat-lampi","9":"product_tag-dee-t3","10":"product_tag-lampa-acvariu","11":"product_tag-lampa-submersibila","12":"product_shipping_class-fragil-lampi","14":"first","15":"instock","16":"shipping-taxable","17":"purchasable","18":"product-type-variable"},"_links":{"self":[{"href":"https:\/\/faberpet.ro\/stage\/wp-json\/wp\/v2\/product\/5372","targetHints":{"allow":["GET"]}}],"collection":[{"href":"https:\/\/faberpet.ro\/stage\/wp-json\/wp\/v2\/product"}],"about":[{"href":"https:\/\/faberpet.ro\/stage\/wp-json\/wp\/v2\/types\/product"}],"wp:featuredmedia":[{"embeddable":true,"href":"https:\/\/faberpet.ro\/stage\/wp-json\/wp\/v2\/media\/10377"}],"wp:attachment":[{"href":"https:\/\/faberpet.ro\/stage\/wp-json\/wp\/v2\/media?parent=5372"}],"wp:term":[{"taxonomy":"product_brand","embeddable":true,"href":"https:\/\/faberpet.ro\/stage\/wp-json\/wp\/v2\/product_brand?post=5372"},{"taxonomy":"product_cat","embeddable":true,"href":"https:\/\/faberpet.ro\/stage\/wp-json\/wp\/v2\/product_cat?post=5372"},{"taxonomy":"product_tag","embeddable":true,"href":"https:\/\/faberpet.ro\/stage\/wp-json\/wp\/v2\/product_tag?post=5372"}],"curies":[{"name":"wp","href":"https:\/\/api.w.org\/{rel}","templated":true}]}}