{"id":5376,"date":"2024-10-21T20:34:51","date_gmt":"2024-10-21T17:34:51","guid":{"rendered":"https:\/\/faberpet.ro\/stage\/produs\/lampa-acvariu-submersibila-t4-led-8w-50cm-in-dif-culori\/"},"modified":"2025-08-29T13:41:45","modified_gmt":"2025-08-29T11:41:45","slug":"lampa-acvariu-submersibila-t4-led-8w-50cm-in-dif-culori","status":"publish","type":"product","link":"https:\/\/faberpet.ro\/stage\/produs\/lampa-acvariu-submersibila-t4-led-8w-50cm-in-dif-culori\/","title":{"rendered":"Lampa acvariu submersibila T4KG-LED 8W 50CM in dif. culori"},"content":{"rendered":"<p>Iluminare LED potrivit\u0103 pentru acvarii cu lungime de 50 cm, cu o putere mare de penetrare in ap\u0103. Poate folosi ca surs\u0103 de iluminat complementar\u0103 sau chiar principal\u0103 \u00een func\u021bie de necesit\u0103\u021bile acvariului. Datorit\u0103 suportului reglabil, lampa se bucur\u0103 de stabilitate atunci c\u00e2nd este instalat\u0103 pe partea superioar\u0103 a oric\u0103rui acvariu. Economii importante de energie electric\u0103 folosind un produs non toxic.<\/p>\n<p>Consum electric: 8 W. AC 220V.<\/p>\n","protected":false},"excerpt":{"rendered":"<p>Iluminare LED potrivit\u0103 pentru acvarii cu lungime de 50 cm, cu o putere mare de penetrare in ap\u0103. Poate folosi ca surs\u0103 de iluminat complementar\u0103 sau chiar principal\u0103 \u00een func\u021bie de necesit\u0103\u021bile acvariului. Datorit\u0103 suportului reglabil, lampa se bucur\u0103 de stabilitate atunci c\u00e2nd este instalat\u0103 pe partea superioar\u0103 a oric\u0103rui acvariu. Economii importante de energie [&hellip;]<\/p>\n","protected":false},"featured_media":10382,"template":"","meta":[],"product_brand":[],"product_cat":[61,2017,2193],"product_tag":[2190,2195,2191],"class_list":{"0":"post-5376","1":"product","2":"type-product","3":"status-publish","4":"has-post-thumbnail","6":"product_cat-acvaristica","7":"product_cat-electrice","8":"product_cat-lampi","9":"product_tag-lampa-pentru-acvariu","10":"product_tag-lampa-submersibila","11":"product_tag-lampi-submersibili","13":"first","14":"instock","15":"shipping-taxable","16":"purchasable","17":"product-type-variable"},"_links":{"self":[{"href":"https:\/\/faberpet.ro\/stage\/wp-json\/wp\/v2\/product\/5376","targetHints":{"allow":["GET"]}}],"collection":[{"href":"https:\/\/faberpet.ro\/stage\/wp-json\/wp\/v2\/product"}],"about":[{"href":"https:\/\/faberpet.ro\/stage\/wp-json\/wp\/v2\/types\/product"}],"wp:featuredmedia":[{"embeddable":true,"href":"https:\/\/faberpet.ro\/stage\/wp-json\/wp\/v2\/media\/10382"}],"wp:attachment":[{"href":"https:\/\/faberpet.ro\/stage\/wp-json\/wp\/v2\/media?parent=5376"}],"wp:term":[{"taxonomy":"product_brand","embeddable":true,"href":"https:\/\/faberpet.ro\/stage\/wp-json\/wp\/v2\/product_brand?post=5376"},{"taxonomy":"product_cat","embeddable":true,"href":"https:\/\/faberpet.ro\/stage\/wp-json\/wp\/v2\/product_cat?post=5376"},{"taxonomy":"product_tag","embeddable":true,"href":"https:\/\/faberpet.ro\/stage\/wp-json\/wp\/v2\/product_tag?post=5376"}],"curies":[{"name":"wp","href":"https:\/\/api.w.org\/{rel}","templated":true}]}}