{"id":5381,"date":"2024-10-21T20:34:52","date_gmt":"2024-10-21T17:34:52","guid":{"rendered":"https:\/\/faberpet.ro\/stage\/produs\/lampa-acvariu-submersibila-t4-led-15w-70cm-in-dif-culori\/"},"modified":"2025-10-29T11:27:19","modified_gmt":"2025-10-29T09:27:19","slug":"lampa-acvariu-submersibila-t4-led-15w-70cm-in-dif-culori","status":"publish","type":"product","link":"https:\/\/faberpet.ro\/stage\/produs\/lampa-acvariu-submersibila-t4-led-15w-70cm-in-dif-culori\/","title":{"rendered":"Lampa acvariu submersibila T4KG-LED 12-15W 70CM  in dif. culori"},"content":{"rendered":"<p>Iluminare LED potrivit\u0103 pentru acvarii cu lungime \u00eentre 70- 90 cm. Poate folosi ca surs\u0103 de iluminat complementar\u0103 sau chiar principal\u0103 \u00een func\u021bie de necesit\u0103\u021bile acvariului. Lamp\u0103 submersibil\u0103 acvariu ce poate fi folosit\u0103 \u0219i \u00een afara apei. Economii importante de energie electric\u0103 folosind un produs non toxic.<\/p>\n<p>Consum electric: 12-15 W. AC 220V.<\/p>\n","protected":false},"excerpt":{"rendered":"<p>Iluminare LED potrivit\u0103 pentru acvarii cu lungime \u00eentre 70- 90 cm. Poate folosi ca surs\u0103 de iluminat complementar\u0103 sau chiar principal\u0103 \u00een func\u021bie de necesit\u0103\u021bile acvariului. Lamp\u0103 submersibil\u0103 acvariu ce poate fi folosit\u0103 \u0219i \u00een afara apei. Economii importante de energie electric\u0103 folosind un produs non toxic. Consum electric: 12-15 W. AC 220V.<\/p>\n","protected":false},"featured_media":10388,"template":"","meta":[],"product_brand":[],"product_cat":[61,2017,2193],"product_tag":[2202,2201,2203],"class_list":{"0":"post-5381","1":"product","2":"type-product","3":"status-publish","4":"has-post-thumbnail","6":"product_cat-acvaristica","7":"product_cat-electrice","8":"product_cat-lampi","9":"product_tag-iluminare-acvariu","10":"product_tag-lampa-acvariu-exterior","11":"product_tag-lampi-acvariu","13":"first","14":"instock","15":"shipping-taxable","16":"purchasable","17":"product-type-variable"},"_links":{"self":[{"href":"https:\/\/faberpet.ro\/stage\/wp-json\/wp\/v2\/product\/5381","targetHints":{"allow":["GET"]}}],"collection":[{"href":"https:\/\/faberpet.ro\/stage\/wp-json\/wp\/v2\/product"}],"about":[{"href":"https:\/\/faberpet.ro\/stage\/wp-json\/wp\/v2\/types\/product"}],"wp:featuredmedia":[{"embeddable":true,"href":"https:\/\/faberpet.ro\/stage\/wp-json\/wp\/v2\/media\/10388"}],"wp:attachment":[{"href":"https:\/\/faberpet.ro\/stage\/wp-json\/wp\/v2\/media?parent=5381"}],"wp:term":[{"taxonomy":"product_brand","embeddable":true,"href":"https:\/\/faberpet.ro\/stage\/wp-json\/wp\/v2\/product_brand?post=5381"},{"taxonomy":"product_cat","embeddable":true,"href":"https:\/\/faberpet.ro\/stage\/wp-json\/wp\/v2\/product_cat?post=5381"},{"taxonomy":"product_tag","embeddable":true,"href":"https:\/\/faberpet.ro\/stage\/wp-json\/wp\/v2\/product_tag?post=5381"}],"curies":[{"name":"wp","href":"https:\/\/api.w.org\/{rel}","templated":true}]}}