{"id":5384,"date":"2024-10-21T20:34:52","date_gmt":"2024-10-21T17:34:52","guid":{"rendered":"https:\/\/faberpet.ro\/stage\/produs\/lampa-acvariu-submersibila-led-t4-13w-80cm-in-multicolor\/"},"modified":"2025-08-29T13:47:27","modified_gmt":"2025-08-29T11:47:27","slug":"lampa-acvariu-submersibila-led-t4-13w-80cm-in-multicolor","status":"publish","type":"product","link":"https:\/\/faberpet.ro\/stage\/produs\/lampa-acvariu-submersibila-led-t4-13w-80cm-in-multicolor\/","title":{"rendered":"Lampa acvariu submersibila LED-T4 13W 80CM in multicolor"},"content":{"rendered":"<p>Iluminare LED potrivit\u0103 pentru acvarii cu lungime \u00eentre 80- 90 cm.<\/p>\n<p>Poate folosi ca surs\u0103 de iluminat complementar\u0103 sau chiar principal\u0103 \u00een func\u021bie de necesit\u0103\u021bile acvariului. Datorit\u0103 suportului reglabil, lampa se bucur\u0103 de stabilitate atunci c\u00e2nd este instalat\u0103 pe partea superioar\u0103 a oric\u0103rui acvariu. Economii importante de energie electric\u0103 folosind un produs non toxic. Colorizare: colorful;Consum electric: 13 W. AC 220V.<\/p>\n","protected":false},"excerpt":{"rendered":"<p>Iluminare LED potrivit\u0103 pentru acvarii cu lungime \u00eentre 80- 90 cm. Poate folosi ca surs\u0103 de iluminat complementar\u0103 sau chiar principal\u0103 \u00een func\u021bie de necesit\u0103\u021bile acvariului. Datorit\u0103 suportului reglabil, lampa se bucur\u0103 de stabilitate atunci c\u00e2nd este instalat\u0103 pe partea superioar\u0103 a oric\u0103rui acvariu. Economii importante de energie electric\u0103 folosind un produs non toxic. Colorizare: [&hellip;]<\/p>\n","protected":false},"featured_media":10383,"template":"","meta":[],"product_brand":[],"product_cat":[61,2017,2193],"product_tag":[2202,2201,2203],"class_list":{"0":"post-5384","1":"product","2":"type-product","3":"status-publish","4":"has-post-thumbnail","6":"product_cat-acvaristica","7":"product_cat-electrice","8":"product_cat-lampi","9":"product_tag-iluminare-acvariu","10":"product_tag-lampa-acvariu-exterior","11":"product_tag-lampi-acvariu","13":"first","14":"instock","15":"shipping-taxable","16":"purchasable","17":"product-type-variable"},"_links":{"self":[{"href":"https:\/\/faberpet.ro\/stage\/wp-json\/wp\/v2\/product\/5384","targetHints":{"allow":["GET"]}}],"collection":[{"href":"https:\/\/faberpet.ro\/stage\/wp-json\/wp\/v2\/product"}],"about":[{"href":"https:\/\/faberpet.ro\/stage\/wp-json\/wp\/v2\/types\/product"}],"wp:featuredmedia":[{"embeddable":true,"href":"https:\/\/faberpet.ro\/stage\/wp-json\/wp\/v2\/media\/10383"}],"wp:attachment":[{"href":"https:\/\/faberpet.ro\/stage\/wp-json\/wp\/v2\/media?parent=5384"}],"wp:term":[{"taxonomy":"product_brand","embeddable":true,"href":"https:\/\/faberpet.ro\/stage\/wp-json\/wp\/v2\/product_brand?post=5384"},{"taxonomy":"product_cat","embeddable":true,"href":"https:\/\/faberpet.ro\/stage\/wp-json\/wp\/v2\/product_cat?post=5384"},{"taxonomy":"product_tag","embeddable":true,"href":"https:\/\/faberpet.ro\/stage\/wp-json\/wp\/v2\/product_tag?post=5384"}],"curies":[{"name":"wp","href":"https:\/\/api.w.org\/{rel}","templated":true}]}}