{"id":5387,"date":"2024-10-21T20:34:53","date_gmt":"2024-10-21T17:34:53","guid":{"rendered":"https:\/\/faberpet.ro\/stage\/produs\/lampa-acvariu-submersibila-t4-led-15w-113cm-in-multicolor\/"},"modified":"2025-08-29T13:49:59","modified_gmt":"2025-08-29T11:49:59","slug":"lampa-acvariu-submersibila-t4-led-15w-113cm-in-multicolor","status":"publish","type":"product","link":"https:\/\/faberpet.ro\/stage\/produs\/lampa-acvariu-submersibila-t4-led-15w-113cm-in-multicolor\/","title":{"rendered":"Lampa acvariu submersibila T4-LED 15W 113CM in multicolor"},"content":{"rendered":"<p>Iluminare LED potrivit\u0103 pentru acvarii cu lungime de 120 cm, cu o putere mare de penetrare \u00een ap\u0103. Design compact \u0219i perfect izolat\u0103 contra p\u0103trunderii umidit\u0103\u021bii \u00een camera ledurilor. Lamp\u0103 submersibil\u0103 acvariu ce poate fi folosit\u0103 \u0219i \u00een afara apei. Poate folosi ca surs\u0103 de iluminat complementar\u0103 sau chiar principal\u0103 \u00een func\u021bie de necesit\u0103\u021bile acvariului. Economii importante de energie electric\u0103 folosind un produs non toxic.<\/p>\n<p>Consum electric: 15 W. AC 220V.<\/p>\n","protected":false},"excerpt":{"rendered":"<p>Iluminare LED potrivit\u0103 pentru acvarii cu lungime de 120 cm, cu o putere mare de penetrare \u00een ap\u0103. Design compact \u0219i perfect izolat\u0103 contra p\u0103trunderii umidit\u0103\u021bii \u00een camera ledurilor. Lamp\u0103 submersibil\u0103 acvariu ce poate fi folosit\u0103 \u0219i \u00een afara apei. Poate folosi ca surs\u0103 de iluminat complementar\u0103 sau chiar principal\u0103 \u00een func\u021bie de necesit\u0103\u021bile acvariului. [&hellip;]<\/p>\n","protected":false},"featured_media":10394,"template":"","meta":[],"product_brand":[],"product_cat":[61,2017,2193],"product_tag":[2190,2195,2191],"class_list":{"0":"post-5387","1":"product","2":"type-product","3":"status-publish","4":"has-post-thumbnail","6":"product_cat-acvaristica","7":"product_cat-electrice","8":"product_cat-lampi","9":"product_tag-lampa-pentru-acvariu","10":"product_tag-lampa-submersibila","11":"product_tag-lampi-submersibili","13":"first","14":"instock","15":"shipping-taxable","16":"purchasable","17":"product-type-variable"},"_links":{"self":[{"href":"https:\/\/faberpet.ro\/stage\/wp-json\/wp\/v2\/product\/5387","targetHints":{"allow":["GET"]}}],"collection":[{"href":"https:\/\/faberpet.ro\/stage\/wp-json\/wp\/v2\/product"}],"about":[{"href":"https:\/\/faberpet.ro\/stage\/wp-json\/wp\/v2\/types\/product"}],"wp:featuredmedia":[{"embeddable":true,"href":"https:\/\/faberpet.ro\/stage\/wp-json\/wp\/v2\/media\/10394"}],"wp:attachment":[{"href":"https:\/\/faberpet.ro\/stage\/wp-json\/wp\/v2\/media?parent=5387"}],"wp:term":[{"taxonomy":"product_brand","embeddable":true,"href":"https:\/\/faberpet.ro\/stage\/wp-json\/wp\/v2\/product_brand?post=5387"},{"taxonomy":"product_cat","embeddable":true,"href":"https:\/\/faberpet.ro\/stage\/wp-json\/wp\/v2\/product_cat?post=5387"},{"taxonomy":"product_tag","embeddable":true,"href":"https:\/\/faberpet.ro\/stage\/wp-json\/wp\/v2\/product_tag?post=5387"}],"curies":[{"name":"wp","href":"https:\/\/api.w.org\/{rel}","templated":true}]}}