{"id":5409,"date":"2024-10-21T20:34:56","date_gmt":"2024-10-21T17:34:56","guid":{"rendered":"https:\/\/faberpet.ro\/stage\/produs\/lampa-acvariu-exterior-led-alb-albastru-9w-16led\/"},"modified":"2025-08-04T08:49:48","modified_gmt":"2025-08-04T06:49:48","slug":"lampa-acvariu-exterior-led-alb-albastru-9w-16led","status":"publish","type":"product","link":"https:\/\/faberpet.ro\/stage\/produs\/lampa-acvariu-exterior-led-alb-albastru-9w-16led\/","title":{"rendered":"Lampa acvariu exterior LED, alb-albastru 9W 16LED"},"content":{"rendered":"<p>Lampa este cu siguran\u021b\u0103 o propunere care merit\u0103 luat\u0103 \u00een considerare pentru fiecare nano acvarist. Iluminare LED potrivit\u0103 pentru acvarii cu lungime \u00eentre 30- 40 cm. Poate folosi ca surs\u0103 de iluminat complementar\u0103 sau chiar principal\u0103 \u00een func\u021bie de necesit\u0103\u021bile acvariului. Datorit\u0103 suportului, lampa se bucur\u0103 de stabilitate atunci c\u00e2nd este instalat\u0103 pe partea superioar\u0103 a oric\u0103rui acvariu. Economii importante de energie electric\u0103 folosind un produs non toxic. Flux luminos: 1. 200 lm;Culoare: alb- albastru;Carcas\u0103 alb\u0103. AC 220V.<\/p>\n","protected":false},"excerpt":{"rendered":"<p>Lampa este cu siguran\u021b\u0103 o propunere care merit\u0103 luat\u0103 \u00een considerare pentru fiecare nano acvarist. Iluminare LED potrivit\u0103 pentru acvarii cu lungime \u00eentre 30- 40 cm. Poate folosi ca surs\u0103 de iluminat complementar\u0103 sau chiar principal\u0103 \u00een func\u021bie de necesit\u0103\u021bile acvariului. Datorit\u0103 suportului, lampa se bucur\u0103 de stabilitate atunci c\u00e2nd este instalat\u0103 pe partea superioar\u0103 [&hellip;]<\/p>\n","protected":false},"featured_media":10413,"template":"","meta":[],"product_brand":[],"product_cat":[61,2017,2193],"product_tag":[2202,2201,2203],"class_list":{"0":"post-5409","1":"product","2":"type-product","3":"status-publish","4":"has-post-thumbnail","6":"product_cat-acvaristica","7":"product_cat-electrice","8":"product_cat-lampi","9":"product_tag-iluminare-acvariu","10":"product_tag-lampa-acvariu-exterior","11":"product_tag-lampi-acvariu","13":"first","14":"instock","15":"shipping-taxable","16":"purchasable","17":"product-type-variable"},"_links":{"self":[{"href":"https:\/\/faberpet.ro\/stage\/wp-json\/wp\/v2\/product\/5409","targetHints":{"allow":["GET"]}}],"collection":[{"href":"https:\/\/faberpet.ro\/stage\/wp-json\/wp\/v2\/product"}],"about":[{"href":"https:\/\/faberpet.ro\/stage\/wp-json\/wp\/v2\/types\/product"}],"wp:featuredmedia":[{"embeddable":true,"href":"https:\/\/faberpet.ro\/stage\/wp-json\/wp\/v2\/media\/10413"}],"wp:attachment":[{"href":"https:\/\/faberpet.ro\/stage\/wp-json\/wp\/v2\/media?parent=5409"}],"wp:term":[{"taxonomy":"product_brand","embeddable":true,"href":"https:\/\/faberpet.ro\/stage\/wp-json\/wp\/v2\/product_brand?post=5409"},{"taxonomy":"product_cat","embeddable":true,"href":"https:\/\/faberpet.ro\/stage\/wp-json\/wp\/v2\/product_cat?post=5409"},{"taxonomy":"product_tag","embeddable":true,"href":"https:\/\/faberpet.ro\/stage\/wp-json\/wp\/v2\/product_tag?post=5409"}],"curies":[{"name":"wp","href":"https:\/\/api.w.org\/{rel}","templated":true}]}}