{"id":5438,"date":"2024-10-21T20:35:00","date_gmt":"2024-10-21T17:35:00","guid":{"rendered":"https:\/\/faberpet.ro\/stage\/produs\/pompa-aer-acvariu-sobo-sb-748-21-75-l-min-8w\/"},"modified":"2025-08-04T11:19:43","modified_gmt":"2025-08-04T09:19:43","slug":"pompa-aer-acvariu-sobo-sb-748-21-75-l-min-8w","status":"publish","type":"product","link":"https:\/\/faberpet.ro\/stage\/produs\/pompa-aer-acvariu-sobo-sb-748-21-75-l-min-8w\/","title":{"rendered":"Pompa aer acvariu SOBO SB-748 2*1.75 L\/min 8W"},"content":{"rendered":"<p>Pomp\u0103 aer pentru acvariu cu eficien\u021b\u0103 ridicat\u0103, economisire de energie electric\u0103, fiabil \u0219i durabil. \u00cen primul r\u00e2nd o pomp\u0103 de aer asigur\u0103 oxigenarea acvariului. Apoi exist\u0103 mai multe utiliz\u0103ri ale unei pompe de aer: la alimentarea cu aer a pietrelor de aer, perdelelor de aer, diverse decoruri, crearea unor curen\u021bi de ap\u0103 \u00een acvariu. Motor electric cu performan\u021be excelente, un consum redus de energie electric\u0103 \u0219i o func\u021bionare foarte silen\u021bioas\u0103 datorit\u0103 unui sistem de labirint intern ce reduce semnificativ orice zgomot. Se a\u0219eaz\u0103 \u00een exterior, de preferin\u021b\u0103 peste nivelul apei. Pentru o func\u021bionare mai silen\u021bioas\u0103 \u0219i f\u0103r\u0103 vibra\u021bii a\u0219eza\u021bi pe un suport elastic din cauciuc sau p\u00e2sl\u0103. Cu instala\u021bia de pulverizare a aerului se cupleaz\u0103 cu un furtun de plastic. U\u0219or de utilizat. Debit de aer ajustabil. Putere consumat\u0103: 8 W. Debit de aer: 2*1, 75 L\/min. Num\u0103rul ie\u0219irilor de aer: 2 ie\u0219iri. AC 220 V.<\/p>\n","protected":false},"excerpt":{"rendered":"<p>Pomp\u0103 aer pentru acvariu cu eficien\u021b\u0103 ridicat\u0103, economisire de energie electric\u0103, fiabil \u0219i durabil. \u00cen primul r\u00e2nd o pomp\u0103 de aer asigur\u0103 oxigenarea acvariului. Apoi exist\u0103 mai multe utiliz\u0103ri ale unei pompe de aer: la alimentarea cu aer a pietrelor de aer, perdelelor de aer, diverse decoruri, crearea unor curen\u021bi de ap\u0103 \u00een acvariu. Motor [&hellip;]<\/p>\n","protected":false},"featured_media":10455,"template":"","meta":[],"product_brand":[],"product_cat":[61,2017,2224],"product_tag":[2133,2229,2270],"class_list":{"0":"post-5438","1":"product","2":"type-product","3":"status-publish","4":"has-post-thumbnail","6":"product_cat-acvaristica","7":"product_cat-electrice","8":"product_cat-pompe-de-aer","9":"product_tag-pompa-aer-acvariu","10":"product_tag-pompa-aer-sobo","11":"product_tag-sb-748","13":"first","14":"instock","15":"shipping-taxable","16":"purchasable","17":"product-type-simple"},"_links":{"self":[{"href":"https:\/\/faberpet.ro\/stage\/wp-json\/wp\/v2\/product\/5438","targetHints":{"allow":["GET"]}}],"collection":[{"href":"https:\/\/faberpet.ro\/stage\/wp-json\/wp\/v2\/product"}],"about":[{"href":"https:\/\/faberpet.ro\/stage\/wp-json\/wp\/v2\/types\/product"}],"wp:featuredmedia":[{"embeddable":true,"href":"https:\/\/faberpet.ro\/stage\/wp-json\/wp\/v2\/media\/10455"}],"wp:attachment":[{"href":"https:\/\/faberpet.ro\/stage\/wp-json\/wp\/v2\/media?parent=5438"}],"wp:term":[{"taxonomy":"product_brand","embeddable":true,"href":"https:\/\/faberpet.ro\/stage\/wp-json\/wp\/v2\/product_brand?post=5438"},{"taxonomy":"product_cat","embeddable":true,"href":"https:\/\/faberpet.ro\/stage\/wp-json\/wp\/v2\/product_cat?post=5438"},{"taxonomy":"product_tag","embeddable":true,"href":"https:\/\/faberpet.ro\/stage\/wp-json\/wp\/v2\/product_tag?post=5438"}],"curies":[{"name":"wp","href":"https:\/\/api.w.org\/{rel}","templated":true}]}}