{"id":5449,"date":"2024-10-21T20:35:02","date_gmt":"2024-10-21T17:35:02","guid":{"rendered":"https:\/\/faberpet.ro\/stage\/produs\/pompa-aer-acvariu-ac-dc-rs-8000-cu-3-iesiri-10-l-min-5w\/"},"modified":"2025-08-04T11:21:50","modified_gmt":"2025-08-04T09:21:50","slug":"pompa-aer-acvariu-ac-dc-rs-8000-cu-3-iesiri-10-l-min-5w","status":"publish","type":"product","link":"https:\/\/faberpet.ro\/stage\/produs\/pompa-aer-acvariu-ac-dc-rs-8000-cu-3-iesiri-10-l-min-5w\/","title":{"rendered":"Pompa aer acvariu AC\/DC RS-8000 cu 3 iesiri 10 L\/min 5W"},"content":{"rendered":"<p>Acvariul dvs. nu are filtru \u00een func\u021biune? Nu v\u0103 mai face\u021bi griji cu pompa de aer RS- 8000 AC\/DC! Un produs obligatoriu care poate oferi suport pentru via\u021b\u0103 pe\u0219tilor dvs. timp de p\u00e2n\u0103 la 12 ore cu baterie. Comut\u0103 automat de la modul AC la modul DC (baterie) \u00een timpul unei \u00eentreruperi a aliment\u0103rii cu energie electric\u0103. Tripl\u0103 ie\u0219ire;Buton pentru reglarea debitului de aer;Poate fi alimentat de la baterie. 2 ie\u0219iri AC;1 ie\u0219ire DC;Putere consumat\u0103: 5 W. Debit maxim: 10 litri \/ min. AC\/DC 220 V\/3 V.<\/p>\n","protected":false},"excerpt":{"rendered":"<p>Acvariul dvs. nu are filtru \u00een func\u021biune? Nu v\u0103 mai face\u021bi griji cu pompa de aer RS- 8000 AC\/DC! Un produs obligatoriu care poate oferi suport pentru via\u021b\u0103 pe\u0219tilor dvs. timp de p\u00e2n\u0103 la 12 ore cu baterie. Comut\u0103 automat de la modul AC la modul DC (baterie) \u00een timpul unei \u00eentreruperi a aliment\u0103rii cu [&hellip;]<\/p>\n","protected":false},"featured_media":10474,"template":"","meta":[],"product_brand":[],"product_cat":[61,2017,2224],"product_tag":[2133,2292,2293],"class_list":{"0":"post-5449","1":"product","2":"type-product","3":"status-publish","4":"has-post-thumbnail","6":"product_cat-acvaristica","7":"product_cat-electrice","8":"product_cat-pompe-de-aer","9":"product_tag-pompa-aer-acvariu","10":"product_tag-pompa-cu-acumulator","11":"product_tag-rse-rs-8000","13":"first","14":"instock","15":"shipping-taxable","16":"purchasable","17":"product-type-simple"},"_links":{"self":[{"href":"https:\/\/faberpet.ro\/stage\/wp-json\/wp\/v2\/product\/5449","targetHints":{"allow":["GET"]}}],"collection":[{"href":"https:\/\/faberpet.ro\/stage\/wp-json\/wp\/v2\/product"}],"about":[{"href":"https:\/\/faberpet.ro\/stage\/wp-json\/wp\/v2\/types\/product"}],"wp:featuredmedia":[{"embeddable":true,"href":"https:\/\/faberpet.ro\/stage\/wp-json\/wp\/v2\/media\/10474"}],"wp:attachment":[{"href":"https:\/\/faberpet.ro\/stage\/wp-json\/wp\/v2\/media?parent=5449"}],"wp:term":[{"taxonomy":"product_brand","embeddable":true,"href":"https:\/\/faberpet.ro\/stage\/wp-json\/wp\/v2\/product_brand?post=5449"},{"taxonomy":"product_cat","embeddable":true,"href":"https:\/\/faberpet.ro\/stage\/wp-json\/wp\/v2\/product_cat?post=5449"},{"taxonomy":"product_tag","embeddable":true,"href":"https:\/\/faberpet.ro\/stage\/wp-json\/wp\/v2\/product_tag?post=5449"}],"curies":[{"name":"wp","href":"https:\/\/api.w.org\/{rel}","templated":true}]}}