{"id":5453,"date":"2024-10-21T20:35:02","date_gmt":"2024-10-21T17:35:02","guid":{"rendered":"https:\/\/faberpet.ro\/stage\/produs\/pompa-aer-acvariu-ac-dc-cu-1-iesire-jl-200b-6-25l-min-25w\/"},"modified":"2025-08-04T11:22:27","modified_gmt":"2025-08-04T09:22:27","slug":"pompa-aer-acvariu-ac-dc-cu-1-iesire-jl-200b-6-25l-min-25w","status":"publish","type":"product","link":"https:\/\/faberpet.ro\/stage\/produs\/pompa-aer-acvariu-ac-dc-cu-1-iesire-jl-200b-6-25l-min-25w\/","title":{"rendered":"Pompa aer acvariu AC\/DC cu 1 iesire JL-200B-6 25L\/min 25W"},"content":{"rendered":"<p>Pompa aer acvariu cu acumulator Acvariul dvs. nu are filtru \u00een func\u021biune? Nu v\u0103 mai face\u021bi griji cu pompa de aer JL- 200B- 6 AC \/ DC! Un produs obligatoriu care poate oferi suport pentru via\u021b\u0103 pe\u0219tilor dvs. timp de p\u00e2n\u0103 la 12 ore cu bateria \u00eencorporat\u0103. Modul de alimentare la priza (220V), ocazie cu care acumulatorul se va \u0219i re\u00eencarc\u0103;Modul de func\u021bionare portabil cu ajutorul bateriei re\u00eenc\u0103rcabile cu care este echipata. Comut\u0103 automat de la modul AC la modul DC (baterie) \u00een timpul unei \u00eentreruperi a aliment\u0103rii cu energie electric\u0103. Buton de pornire \u0219i pentru reglarea debitului de aer;Cu instala\u021bia de pulverizare a aerului se cupleaz\u0103 cu un furtun de plastic 10 mm. Poate fi alimentat de la baterie. Putere consumat\u0103: 25 W. Debit maxim: 1500 litri \/ or\u0103. AC\/DC 120 V\/6 V. Vine echipat cu teu distribuitor aer cu 4 ie\u0219iri de 4 mm \u00een diametru.<\/p>\n","protected":false},"excerpt":{"rendered":"<p>Pompa aer acvariu cu acumulator Acvariul dvs. nu are filtru \u00een func\u021biune? Nu v\u0103 mai face\u021bi griji cu pompa de aer JL- 200B- 6 AC \/ DC! Un produs obligatoriu care poate oferi suport pentru via\u021b\u0103 pe\u0219tilor dvs. timp de p\u00e2n\u0103 la 12 ore cu bateria \u00eencorporat\u0103. Modul de alimentare la priza (220V), ocazie cu [&hellip;]<\/p>\n","protected":false},"featured_media":10479,"template":"","meta":[],"product_brand":[],"product_cat":[61,2017,2224],"product_tag":[2299,2133,2292],"class_list":{"0":"post-5453","1":"product","2":"type-product","3":"status-publish","4":"has-post-thumbnail","6":"product_cat-acvaristica","7":"product_cat-electrice","8":"product_cat-pompe-de-aer","9":"product_tag-jl-200b-6","10":"product_tag-pompa-aer-acvariu","11":"product_tag-pompa-cu-acumulator","13":"first","14":"instock","15":"shipping-taxable","16":"purchasable","17":"product-type-simple"},"_links":{"self":[{"href":"https:\/\/faberpet.ro\/stage\/wp-json\/wp\/v2\/product\/5453","targetHints":{"allow":["GET"]}}],"collection":[{"href":"https:\/\/faberpet.ro\/stage\/wp-json\/wp\/v2\/product"}],"about":[{"href":"https:\/\/faberpet.ro\/stage\/wp-json\/wp\/v2\/types\/product"}],"wp:featuredmedia":[{"embeddable":true,"href":"https:\/\/faberpet.ro\/stage\/wp-json\/wp\/v2\/media\/10479"}],"wp:attachment":[{"href":"https:\/\/faberpet.ro\/stage\/wp-json\/wp\/v2\/media?parent=5453"}],"wp:term":[{"taxonomy":"product_brand","embeddable":true,"href":"https:\/\/faberpet.ro\/stage\/wp-json\/wp\/v2\/product_brand?post=5453"},{"taxonomy":"product_cat","embeddable":true,"href":"https:\/\/faberpet.ro\/stage\/wp-json\/wp\/v2\/product_cat?post=5453"},{"taxonomy":"product_tag","embeddable":true,"href":"https:\/\/faberpet.ro\/stage\/wp-json\/wp\/v2\/product_tag?post=5453"}],"curies":[{"name":"wp","href":"https:\/\/api.w.org\/{rel}","templated":true}]}}