{"id":5465,"date":"2024-10-21T20:35:05","date_gmt":"2024-10-21T17:35:05","guid":{"rendered":"https:\/\/faberpet.ro\/stage\/produs\/compresor-aer-acvariu-aco-9530-40l-min-30w\/"},"modified":"2025-08-04T11:28:43","modified_gmt":"2025-08-04T09:28:43","slug":"compresor-aer-acvariu-aco-9530-40l-min-30w","status":"publish","type":"product","link":"https:\/\/faberpet.ro\/stage\/produs\/compresor-aer-acvariu-aco-9530-40l-min-30w\/","title":{"rendered":"Compresor aer acvariu ACO-9530 40L\/min 30W"},"content":{"rendered":"<p>Compresor aer acvariu ACO- 9530Compresor de aer pentru o gam\u0103 variat\u0103 de utiliz\u0103ri. Acest model de mini compresor face parte din gama de pompe aer acvariu cu debit generos. Recomandate pentru aerarea acvariilor de prezentare, pentru ferme piscicole, aerarea iazurilor, etc. Pompa oxigenare acvariu cu motor electromagnetic linear de construc\u021bie simpl\u0103 \u0219i eficien\u021b\u0103 ridicat\u0103. Func\u021bionare lin\u0103. Consum redus de energie electric\u0103. Putere consumat\u0103: 30 W. Debit de aer: 40 L\/min. AC 220 V.<\/p>\n","protected":false},"excerpt":{"rendered":"<p>Compresor aer acvariu ACO- 9530Compresor de aer pentru o gam\u0103 variat\u0103 de utiliz\u0103ri. Acest model de mini compresor face parte din gama de pompe aer acvariu cu debit generos. Recomandate pentru aerarea acvariilor de prezentare, pentru ferme piscicole, aerarea iazurilor, etc. Pompa oxigenare acvariu cu motor electromagnetic linear de construc\u021bie simpl\u0103 \u0219i eficien\u021b\u0103 ridicat\u0103. Func\u021bionare [&hellip;]<\/p>\n","protected":false},"featured_media":10493,"template":"","meta":[],"product_brand":[],"product_cat":[61,2303,2017],"product_tag":[2320,2317,2268],"class_list":{"0":"post-5465","1":"product","2":"type-product","3":"status-publish","4":"has-post-thumbnail","6":"product_cat-acvaristica","7":"product_cat-compresoare","8":"product_cat-electrice","9":"product_tag-aco-9530","10":"product_tag-pompa-compresor","11":"product_tag-pompe-aer-acvarii","13":"first","14":"instock","15":"shipping-taxable","16":"purchasable","17":"product-type-simple"},"_links":{"self":[{"href":"https:\/\/faberpet.ro\/stage\/wp-json\/wp\/v2\/product\/5465","targetHints":{"allow":["GET"]}}],"collection":[{"href":"https:\/\/faberpet.ro\/stage\/wp-json\/wp\/v2\/product"}],"about":[{"href":"https:\/\/faberpet.ro\/stage\/wp-json\/wp\/v2\/types\/product"}],"wp:featuredmedia":[{"embeddable":true,"href":"https:\/\/faberpet.ro\/stage\/wp-json\/wp\/v2\/media\/10493"}],"wp:attachment":[{"href":"https:\/\/faberpet.ro\/stage\/wp-json\/wp\/v2\/media?parent=5465"}],"wp:term":[{"taxonomy":"product_brand","embeddable":true,"href":"https:\/\/faberpet.ro\/stage\/wp-json\/wp\/v2\/product_brand?post=5465"},{"taxonomy":"product_cat","embeddable":true,"href":"https:\/\/faberpet.ro\/stage\/wp-json\/wp\/v2\/product_cat?post=5465"},{"taxonomy":"product_tag","embeddable":true,"href":"https:\/\/faberpet.ro\/stage\/wp-json\/wp\/v2\/product_tag?post=5465"}],"curies":[{"name":"wp","href":"https:\/\/api.w.org\/{rel}","templated":true}]}}