{"id":5466,"date":"2024-10-21T20:35:05","date_gmt":"2024-10-21T17:35:05","guid":{"rendered":"https:\/\/faberpet.ro\/stage\/produs\/compresor-aer-cu-microcomputer-si-acumulator-boyu-s-30-30l-min-60w\/"},"modified":"2025-08-04T11:29:01","modified_gmt":"2025-08-04T09:29:01","slug":"compresor-aer-cu-microcomputer-si-acumulator-boyu-s-30-30l-min-60w","status":"publish","type":"product","link":"https:\/\/faberpet.ro\/stage\/produs\/compresor-aer-cu-microcomputer-si-acumulator-boyu-s-30-30l-min-60w\/","title":{"rendered":"Compresor aer cu microcomputer si acumulator BOYU S-30 30L\/min 60W"},"content":{"rendered":"<p>Compresor aer cu microcomputer \u0219i acumulator BOYU S- 30Capacitate inteligent\u0103 de \u00eenc\u0103rcare utiliz\u00e2nd curent constant, presiune de nivel \u0219i \u00eenc\u0103rcare plutitoare pentru a \u00eembun\u0103t\u0103\u021bi raportul de reducere, viteza de \u00eenc\u0103rcare \u0219i pentru a prelungi durata de via\u021b\u0103. Recomandate pentru aerarea acvariilor de prezentare, pentru ferme piscicole, aerarea iazurilor, etc. Microconsum, divizare a frecven\u021bei digitale, frecven\u021b\u0103 stabil\u0103 de func\u021bionare. Poate fi alimentat de la baterie. Putere consumat\u0103: 60 W. Debit de aer: 30 L\/min. Pachetul contine compresor, teu distribuitor de aer cu ie\u0219iri pentru furtun de 4\/6 mm. Control pentru AC\/DC 120 V\/12 V.<\/p>\n","protected":false},"excerpt":{"rendered":"<p>Compresor aer cu microcomputer \u0219i acumulator BOYU S- 30Capacitate inteligent\u0103 de \u00eenc\u0103rcare utiliz\u00e2nd curent constant, presiune de nivel \u0219i \u00eenc\u0103rcare plutitoare pentru a \u00eembun\u0103t\u0103\u021bi raportul de reducere, viteza de \u00eenc\u0103rcare \u0219i pentru a prelungi durata de via\u021b\u0103. Recomandate pentru aerarea acvariilor de prezentare, pentru ferme piscicole, aerarea iazurilor, etc. Microconsum, divizare a frecven\u021bei digitale, frecven\u021b\u0103 [&hellip;]<\/p>\n","protected":false},"featured_media":10494,"template":"","meta":[],"product_brand":[],"product_cat":[61,2303,2017],"product_tag":[2321,2317,2268],"class_list":{"0":"post-5466","1":"product","2":"type-product","3":"status-publish","4":"has-post-thumbnail","6":"product_cat-acvaristica","7":"product_cat-compresoare","8":"product_cat-electrice","9":"product_tag-boyu-s-30","10":"product_tag-pompa-compresor","11":"product_tag-pompe-aer-acvarii","13":"first","14":"instock","15":"shipping-taxable","16":"purchasable","17":"product-type-simple"},"_links":{"self":[{"href":"https:\/\/faberpet.ro\/stage\/wp-json\/wp\/v2\/product\/5466","targetHints":{"allow":["GET"]}}],"collection":[{"href":"https:\/\/faberpet.ro\/stage\/wp-json\/wp\/v2\/product"}],"about":[{"href":"https:\/\/faberpet.ro\/stage\/wp-json\/wp\/v2\/types\/product"}],"wp:featuredmedia":[{"embeddable":true,"href":"https:\/\/faberpet.ro\/stage\/wp-json\/wp\/v2\/media\/10494"}],"wp:attachment":[{"href":"https:\/\/faberpet.ro\/stage\/wp-json\/wp\/v2\/media?parent=5466"}],"wp:term":[{"taxonomy":"product_brand","embeddable":true,"href":"https:\/\/faberpet.ro\/stage\/wp-json\/wp\/v2\/product_brand?post=5466"},{"taxonomy":"product_cat","embeddable":true,"href":"https:\/\/faberpet.ro\/stage\/wp-json\/wp\/v2\/product_cat?post=5466"},{"taxonomy":"product_tag","embeddable":true,"href":"https:\/\/faberpet.ro\/stage\/wp-json\/wp\/v2\/product_tag?post=5466"}],"curies":[{"name":"wp","href":"https:\/\/api.w.org\/{rel}","templated":true}]}}