{"id":5474,"date":"2024-10-21T20:35:06","date_gmt":"2024-10-21T17:35:06","guid":{"rendered":"https:\/\/faberpet.ro\/stage\/produs\/aerator-apa-fengliba-hg-180-18-m3-h\/"},"modified":"2025-08-04T11:32:04","modified_gmt":"2025-08-04T09:32:04","slug":"aerator-apa-fengliba-hg-180-18-m3-h","status":"publish","type":"product","link":"https:\/\/faberpet.ro\/stage\/produs\/aerator-apa-fengliba-hg-180-18-m3-h\/","title":{"rendered":"Aerator apa FENGLIBA HG-180 18 m3\/h"},"content":{"rendered":"<p>Aerator ap\u0103 FENGLIBA HG- 180 este un compresor de aer de mare capacitate, robust \u0219i foarte fiabil. Posed\u0103 un sistem avansat de comprimare a aerului, cu modific\u0103ri sec\u021bionale ale cailor circulare de aer. Datorit\u0103 capacit\u0103\u021bii mari de aerare, recomandam acest aerator de ap\u0103 pentru iazuri mari, p\u0103str\u0103v\u0103rii, amenaj\u0103ri piscicole, etc. Motor special de calitate superioara, care are un start scurt. Cuplu stabil \u00een exploatare. Excelent \u00een performan\u021b\u0103. Design de lubrifiere fara ulei pentru a produce mai mult aer purificat. Putere consumat\u0103: 180 W. Voltaj 220- 240V;Presiune de lucru: 7kpa;Greutate: 5. 8 kg;Capacitate: 18 m3\/h (300 l\/min);Pachetul con\u021bine distribuitor de aer cu ie\u0219iri pentru furtun \u0219i furtunul ce cupleaz\u0103 distribuitorului la compresor.<\/p>\n","protected":false},"excerpt":{"rendered":"<p>Aerator ap\u0103 FENGLIBA HG- 180 este un compresor de aer de mare capacitate, robust \u0219i foarte fiabil. Posed\u0103 un sistem avansat de comprimare a aerului, cu modific\u0103ri sec\u021bionale ale cailor circulare de aer. Datorit\u0103 capacit\u0103\u021bii mari de aerare, recomandam acest aerator de ap\u0103 pentru iazuri mari, p\u0103str\u0103v\u0103rii, amenaj\u0103ri piscicole, etc. Motor special de calitate superioara, [&hellip;]<\/p>\n","protected":false},"featured_media":10500,"template":"","meta":[],"product_brand":[],"product_cat":[61,2303,2017],"product_tag":[2331,2300,2301],"class_list":{"0":"post-5474","1":"product","2":"type-product","3":"status-publish","4":"has-post-thumbnail","6":"product_cat-acvaristica","7":"product_cat-compresoare","8":"product_cat-electrice","9":"product_tag-aerator-aer","10":"product_tag-compresor-aer-acvariu","11":"product_tag-compresor-aer-pentru-iaz","13":"first","14":"instock","15":"shipping-taxable","16":"purchasable","17":"product-type-simple"},"_links":{"self":[{"href":"https:\/\/faberpet.ro\/stage\/wp-json\/wp\/v2\/product\/5474","targetHints":{"allow":["GET"]}}],"collection":[{"href":"https:\/\/faberpet.ro\/stage\/wp-json\/wp\/v2\/product"}],"about":[{"href":"https:\/\/faberpet.ro\/stage\/wp-json\/wp\/v2\/types\/product"}],"wp:featuredmedia":[{"embeddable":true,"href":"https:\/\/faberpet.ro\/stage\/wp-json\/wp\/v2\/media\/10500"}],"wp:attachment":[{"href":"https:\/\/faberpet.ro\/stage\/wp-json\/wp\/v2\/media?parent=5474"}],"wp:term":[{"taxonomy":"product_brand","embeddable":true,"href":"https:\/\/faberpet.ro\/stage\/wp-json\/wp\/v2\/product_brand?post=5474"},{"taxonomy":"product_cat","embeddable":true,"href":"https:\/\/faberpet.ro\/stage\/wp-json\/wp\/v2\/product_cat?post=5474"},{"taxonomy":"product_tag","embeddable":true,"href":"https:\/\/faberpet.ro\/stage\/wp-json\/wp\/v2\/product_tag?post=5474"}],"curies":[{"name":"wp","href":"https:\/\/api.w.org\/{rel}","templated":true}]}}